{"id":1888,"date":"2022-07-25T20:19:59","date_gmt":"2022-07-25T20:19:59","guid":{"rendered":"https:\/\/carbon-production.com\/costruzione-di-modelli-e-stampi\/"},"modified":"2026-01-06T20:57:34","modified_gmt":"2026-01-06T20:57:34","slug":"costruzione-di-modelli-e-stampi","status":"publish","type":"page","link":"https:\/\/carbon-production.com\/it\/costruzione-di-modelli-e-stampi\/","title":{"rendered":"Costruzione di modelli e stampi"},"content":{"rendered":"<div id='full_slider_1'  class='avia-fullwidth-slider main_color avia-shadow   avia-builder-el-0  el_before_av_one_full  avia-builder-el-first   container_wrap fullsize'  ><div  class='avia-slideshow av-lcxoo2q0-a0196ef75d8302e8d0da7e921620e62c avia-slideshow-featured av_slideshow_full avia-slide-slider av-slideshow-ui av-control-default av-slideshow-manual av-loop-once av-loop-manual-endless av-default-height-applied   avia-slideshow-1' data-slideshow-options=\"{&quot;animation&quot;:&quot;slide&quot;,&quot;autoplay&quot;:false,&quot;loop_autoplay&quot;:&quot;once&quot;,&quot;interval&quot;:5,&quot;loop_manual&quot;:&quot;manual-endless&quot;,&quot;autoplay_stopper&quot;:false,&quot;noNavigation&quot;:false,&quot;bg_slider&quot;:false,&quot;keep_padding&quot;:false,&quot;hoverpause&quot;:false,&quot;show_slide_delay&quot;:0}\"  itemprop=\"image\" itemscope=\"itemscope\" itemtype=\"https:\/\/schema.org\/ImageObject\" ><ul class='avia-slideshow-inner ' style='padding-bottom: 28.666666666667%;'><li  class='avia-slideshow-slide av-lcxoo2q0-a0196ef75d8302e8d0da7e921620e62c__0  av-single-slide slide-1 slide-odd'><div data-rel='slideshow-1' class='avia-slide-wrap '   ><img decoding=\"async\" fetchpriority=\"high\" class=\"wp-image-1891 avia-img-lazy-loading-not-1891\"  src=\"https:\/\/carbon-production.com\/wp-content\/uploads\/Modell-und-Formenbau-CP.jpg\" width=\"1500\" height=\"430\" title='Modell und Formenbau CP' alt=''  itemprop=\"thumbnailUrl\" srcset=\"https:\/\/carbon-production.com\/wp-content\/uploads\/Modell-und-Formenbau-CP.jpg 1500w, https:\/\/carbon-production.com\/wp-content\/uploads\/Modell-und-Formenbau-CP-300x86.jpg 300w, https:\/\/carbon-production.com\/wp-content\/uploads\/Modell-und-Formenbau-CP-1030x295.jpg 1030w, https:\/\/carbon-production.com\/wp-content\/uploads\/Modell-und-Formenbau-CP-768x220.jpg 768w, https:\/\/carbon-production.com\/wp-content\/uploads\/Modell-und-Formenbau-CP-705x202.jpg 705w\" sizes=\"(max-width: 1500px) 100vw, 1500px\" \/><\/div><\/li><\/ul><\/div><\/div><div id='after_full_slider_1'  class='main_color av_default_container_wrap container_wrap fullsize'  ><div class='container av-section-cont-open' ><div class='template-page content  av-content-full alpha units'><div class='post-entry post-entry-type-page post-entry-1888'><div class='entry-content-wrapper clearfix'>\n<div  class='flex_column av-ushyd-9d6f7a3795a0b6b14ad4615982e01fd5 av_one_full  avia-builder-el-1  el_after_av_slideshow_full  el_before_av_one_full  avia-builder-el-first  first flex_column_div  '     ><style type=\"text\/css\" data-created_by=\"avia_inline_auto\" id=\"style-css-av-lbsghr8f-79b92ae20d85830e67cecdd81f702df8\">\n#top .av-special-heading.av-lbsghr8f-79b92ae20d85830e67cecdd81f702df8{\npadding-bottom:10px;\n}\nbody .av-special-heading.av-lbsghr8f-79b92ae20d85830e67cecdd81f702df8 .av-special-heading-tag .heading-char{\nfont-size:25px;\n}\n.av-special-heading.av-lbsghr8f-79b92ae20d85830e67cecdd81f702df8 .av-subheading{\nfont-size:15px;\n}\n<\/style>\n<div  class='av-special-heading av-lbsghr8f-79b92ae20d85830e67cecdd81f702df8 av-special-heading-h1 blockquote elegant-quote elegant-centered  avia-builder-el-2  avia-builder-el-no-sibling '><h1 class='av-special-heading-tag '  itemprop=\"headline\"  ><span class=\"heading-wrap\">Costruzione di modelli e stampi<\/span><\/h1><div class='av-subheading av-subheading_below'><p>Dalla stampa 3D allo strumento in alluminio<\/p>\n<\/div><div class=\"special-heading-border\"><div class=\"special-heading-inner-border\"><\/div><\/div><\/div><\/div>\n<div  class='flex_column av-lcxnjdug-1cbaf7e40b6db51a822ee78bc9be8caa av_one_full  avia-builder-el-3  el_after_av_one_full  el_before_av_one_full  first flex_column_div  column-top-margin'     ><style type=\"text\/css\" data-created_by=\"avia_inline_auto\" id=\"style-css-av-2krlh-990f03c92acfc8dfdce5d37b5ec9450f\">\n.avia-image-container.av-2krlh-990f03c92acfc8dfdce5d37b5ec9450f img.avia_image{\nbox-shadow:none;\n}\n.avia-image-container.av-2krlh-990f03c92acfc8dfdce5d37b5ec9450f .av-image-caption-overlay-center{\ncolor:#ffffff;\n}\n<\/style>\n<div  class='avia-image-container av-2krlh-990f03c92acfc8dfdce5d37b5ec9450f av-styling- avia-align-center  avia-builder-el-4  avia-builder-el-no-sibling '   itemprop=\"image\" itemscope=\"itemscope\" itemtype=\"https:\/\/schema.org\/ImageObject\" ><div class=\"avia-image-container-inner\"><div class=\"avia-image-overlay-wrap\"><img decoding=\"async\" fetchpriority=\"high\" class='wp-image-1885 avia-img-lazy-loading-not-1885 avia_image ' src=\"https:\/\/carbon-production.com\/wp-content\/uploads\/Carbon-Spiegel-mit-Aluminium-Werkzeug.jpg\" alt='Specchio in carbonio con strumento in alluminio' title='Specchio in carbonio con strumento in alluminio'  height=\"500\" width=\"500\"  itemprop=\"thumbnailUrl\" srcset=\"https:\/\/carbon-production.com\/wp-content\/uploads\/Carbon-Spiegel-mit-Aluminium-Werkzeug.jpg 500w, https:\/\/carbon-production.com\/wp-content\/uploads\/Carbon-Spiegel-mit-Aluminium-Werkzeug-300x300.jpg 300w, https:\/\/carbon-production.com\/wp-content\/uploads\/Carbon-Spiegel-mit-Aluminium-Werkzeug-80x80.jpg 80w, https:\/\/carbon-production.com\/wp-content\/uploads\/Carbon-Spiegel-mit-Aluminium-Werkzeug-36x36.jpg 36w, https:\/\/carbon-production.com\/wp-content\/uploads\/Carbon-Spiegel-mit-Aluminium-Werkzeug-180x180.jpg 180w\" sizes=\"(max-width: 500px) 100vw, 500px\" \/><\/div><\/div><\/div><\/div>\n<div  class='flex_column av-ikt91-5a6d55acf6edafdd296a486d8695ac34 av_one_full  avia-builder-el-5  el_after_av_one_full  el_before_av_section  avia-builder-el-last  first flex_column_div  column-top-margin'     ><p>\n<style type=\"text\/css\" data-created_by=\"avia_inline_auto\" id=\"style-css-av-lbsgpk5b-f990a03369685762bd6161daf35fff9a\">\n#top .av-special-heading.av-lbsgpk5b-f990a03369685762bd6161daf35fff9a{\npadding-bottom:10px;\n}\nbody .av-special-heading.av-lbsgpk5b-f990a03369685762bd6161daf35fff9a .av-special-heading-tag .heading-char{\nfont-size:25px;\n}\n.av-special-heading.av-lbsgpk5b-f990a03369685762bd6161daf35fff9a .av-subheading{\nfont-size:15px;\n}\n<\/style>\n<div  class='av-special-heading av-lbsgpk5b-f990a03369685762bd6161daf35fff9a av-special-heading-h2 blockquote modern-quote  avia-builder-el-6  el_before_av_textblock  avia-builder-el-first '><h2 class='av-special-heading-tag '  itemprop=\"headline\"  >Forma esatta &#8211; componente esatto<\/h2><div class=\"special-heading-border\"><div class=\"special-heading-inner-border\"><\/div><\/div><\/div><br \/>\n<section  class='av_textblock_section av-lbsgubrv-db4cd97e4185727236a4e33cbb5b8726 '   itemscope=\"itemscope\" itemtype=\"https:\/\/schema.org\/CreativeWork\" ><div class='avia_textblock'  itemprop=\"text\" ><p>Per ottenere un componente in CFRP perfetto alla fine della produzione, sia la progettazione del componente che la costruzione del modello o dello stampo devono essere eseguite con precisione. Per noi di Carbon Production GmbH \u00e8 un grande vantaggio poter offrire tutte le fasi da un unico fornitore.<\/p>\n<\/div><\/section><br \/>\n\n<style type=\"text\/css\" data-created_by=\"avia_inline_auto\" id=\"style-css-sub-av-lcxo58k8-8c70ff459d77b5f8c575c10063c9aa08\">\n.avia-timeline-container .av-milestone.av-lcxo445r-b007a383d112f610a4651346ac38012a .av-milestone-icon-inner{\nbackground-color:#f05a1a;\n}\n.avia-timeline-container .av-milestone.av-lcxo445r-b007a383d112f610a4651346ac38012a .av-milestone-indicator{\nbackground-color:#f05a1a;\n}\n.avia-timeline-container .av-milestone.av-lcxo445r-b007a383d112f610a4651346ac38012a .av-milestone-article-footer{\nbackground-color:#f05a1a;\n}\n.avia-timeline-container .av-milestone.av-lcxo445r-12-2b0896370fe8910dd74e22d00d7f624f .av-milestone-icon-inner{\nbackground-color:#f05a1a;\n}\n.avia-timeline-container .av-milestone.av-lcxo445r-12-2b0896370fe8910dd74e22d00d7f624f .av-milestone-indicator{\nbackground-color:#f05a1a;\n}\n.avia-timeline-container .av-milestone.av-lcxo445r-12-2b0896370fe8910dd74e22d00d7f624f .av-milestone-article-footer{\nbackground-color:#f05a1a;\n}\n.avia-timeline-container .av-milestone.av-lcxo445r-11-8f9c4e979a7abafc0e8e8bfe0c444ff1 .av-milestone-icon-inner{\nbackground-color:#f05a1a;\n}\n.avia-timeline-container .av-milestone.av-lcxo445r-11-8f9c4e979a7abafc0e8e8bfe0c444ff1 .av-milestone-indicator{\nbackground-color:#f05a1a;\n}\n.avia-timeline-container .av-milestone.av-lcxo445r-11-8f9c4e979a7abafc0e8e8bfe0c444ff1 .av-milestone-article-footer{\nbackground-color:#f05a1a;\n}\n<\/style>\n<div  id=\"avia-timeline-1\"  class='avia-timeline-container av-lcxo58k8-8c70ff459d77b5f8c575c10063c9aa08 av-slideshow-ui  avia-builder-el-8  el_after_av_textblock  avia-builder-el-last ' ><ul class='avia-timeline avia-timeline-vertical av-milestone-placement-alternate avia-timeline-boxshadow avia_animate_when_almost_visible avia-timeline-animate'>\n<li  class='av-milestone av-lcxo445r-b007a383d112f610a4651346ac38012a av-animated-generic fade-in av-milestone-valign-baseline av-milestone-odd'><h2 class='av-milestone-date ' id='milestone-passo-1' ><strong>Passo 1<span class='av-milestone-indicator'><\/span><\/strong><\/h2><div class=\"av-milestone-icon-wrap\"><span class='av-milestone-icon milestone_icon avia-font-entypo-fontello'><span class='av-milestone-icon-inner milestone_inner'><i class='milestone-char avia-iconfont avia-font-entypo-fontello' data-av_icon='' data-av_iconfont='entypo-fontello' ><\/i><\/span><\/span><\/div><article class='av-milestone-content-wrap'><div class='av-milestone-contentbox'><header class=\"entry-content-header\" aria-label=\"Milestone: Il prototipo\"><h4 class='av-milestone-title '>Il prototipo<\/h4><\/header><div class='av-milestone-content'><p>Dopo il successo del disegno del progetto, passiamo alla costruzione del prototipo. Creiamo una stampa 3D dello stampo richiesto e controlliamo il nostro concetto per assicurarci che si adatti perfettamente e che possa essere assemblato come desiderato.<\/p>\n<\/div><\/div><footer class='av-milestone-article-footer entry-footer'><\/footer><\/article><\/li>\n<li  class='av-milestone av-lcxo445r-12-2b0896370fe8910dd74e22d00d7f624f av-animated-generic fade-in av-milestone-valign-baseline av-milestone-even'><article class='av-milestone-content-wrap'><div class='av-milestone-contentbox'><header class=\"entry-content-header\" aria-label=\"Milestone: Determinare lo strumento giusto\"><h4 class='av-milestone-title '>Determinare lo strumento giusto<\/h4><\/header><div class='av-milestone-content'><p>Se il prototipo non richiede pi\u00f9 modifiche, possiamo occuparci dello stampo. In questo caso \u00e8 importante considerare il materiale necessario. Per piccole quantit\u00e0, pu\u00f2 essere sufficiente scegliere un materiale meno costoso. Tuttavia, se il tuo componente in CFRP \u00e8 un prodotto di serie o \u00e8 necessario una volta in una grande quantit\u00e0, allora \u00e8 consigliabile un materiale pi\u00f9 resistente.<\/p>\n<\/div><\/div><footer class='av-milestone-article-footer entry-footer'><\/footer><\/article><div class=\"av-milestone-icon-wrap\"><span class='av-milestone-icon milestone_icon avia-font-entypo-fontello'><span class='av-milestone-icon-inner milestone_inner'><i class='milestone-char avia-iconfont avia-font-entypo-fontello' data-av_icon='' data-av_iconfont='entypo-fontello' ><\/i><\/span><\/span><\/div><h2 class='av-milestone-date ' id='milestone-passo-2' ><strong>Passo 2  <span class='av-milestone-indicator'><\/span><\/strong><\/h2><\/li>\n<li  class='av-milestone av-lcxo445r-11-8f9c4e979a7abafc0e8e8bfe0c444ff1 av-animated-generic fade-in av-milestone-valign-baseline av-milestone-odd'><h2 class='av-milestone-date ' id='milestone-passo-3' ><strong>Passo 3<span class='av-milestone-indicator'><\/span><\/strong><\/h2><div class=\"av-milestone-icon-wrap\"><span class='av-milestone-icon milestone_icon avia-font-entypo-fontello'><span class='av-milestone-icon-inner milestone_inner'><i class='milestone-char avia-iconfont avia-font-entypo-fontello' data-av_icon='' data-av_iconfont='entypo-fontello' ><\/i><\/span><\/span><\/div><article class='av-milestone-content-wrap'><div class='av-milestone-contentbox'><header class=\"entry-content-header\" aria-label=\"Milestone: Produzione dello stampo\"><h4 class='av-milestone-title '>Produzione dello stampo<\/h4><\/header><div class='av-milestone-content'><p>A seconda della scelta dell&#8217;utensile, questa fase di costruzione dello stampo ha un aspetto diverso. Gli stampi diretti vengono fresati con la macchina CNC, indipendentemente dal materiale. Se \u00e8 necessario un negativo in fibra di carbonio, questo viene laminato.<\/p>\n<\/div><\/div><footer class='av-milestone-article-footer entry-footer'><\/footer><\/article><\/li>\n<\/ul><\/div><\/p><\/div>\n<\/div><\/div><\/div><!-- close content main div --><\/div><\/div>\n<style type=\"text\/css\" data-created_by=\"avia_inline_auto\" id=\"style-css-av-9vdat-22244f895756b7149f33d9aa3a9e8710\">\n.avia-section.av-9vdat-22244f895756b7149f33d9aa3a9e8710{\nbackground-color:#808080;\nbackground-image:unset;\n}\n.avia-section.av-9vdat-22244f895756b7149f33d9aa3a9e8710 .av-extra-border-element .av-extra-border-inner{\nbackground-color:#333333;\n}\n<\/style>\n<div id='av_section_1'  class='avia-section av-9vdat-22244f895756b7149f33d9aa3a9e8710 main_color avia-section-default avia-shadow  avia-builder-el-9  el_after_av_one_full  el_before_av_one_half  avia-bg-style-scroll container_wrap fullsize'  ><div class='container av-section-cont-open' ><div class='template-page content  av-content-full alpha units'><div class='post-entry post-entry-type-page post-entry-1888'><div class='entry-content-wrapper clearfix'>\n<div  class='flex_column av-1s4ux1-3cac42876a31ff69958f51955c776d41 av_one_full  avia-builder-el-10  el_before_av_one_half  avia-builder-el-first  first flex_column_div  '     ><style type=\"text\/css\" data-created_by=\"avia_inline_auto\" id=\"style-css-av-lcxt7pt4-1193ca1e4cbb014d11fe377024f2d1fa\">\n#top .av-special-heading.av-lcxt7pt4-1193ca1e4cbb014d11fe377024f2d1fa{\npadding-bottom:10px;\ncolor:#ffffff;\n}\nbody .av-special-heading.av-lcxt7pt4-1193ca1e4cbb014d11fe377024f2d1fa .av-special-heading-tag .heading-char{\nfont-size:25px;\n}\n.av-special-heading.av-lcxt7pt4-1193ca1e4cbb014d11fe377024f2d1fa .special-heading-inner-border{\nborder-color:#ffffff;\n}\n.av-special-heading.av-lcxt7pt4-1193ca1e4cbb014d11fe377024f2d1fa .av-subheading{\nfont-size:15px;\n}\n<\/style>\n<div  class='av-special-heading av-lcxt7pt4-1193ca1e4cbb014d11fe377024f2d1fa av-special-heading-h2 custom-color-heading blockquote elegant-quote elegant-centered  avia-builder-el-11  avia-builder-el-no-sibling '><h2 class='av-special-heading-tag '  itemprop=\"headline\"  ><span class=\"heading-wrap\">Tipi di utensili standard<\/span><\/h2><div class=\"special-heading-border\"><div class=\"special-heading-inner-border\"><\/div><\/div><\/div><\/div><div  class='flex_column av-glkfp-b707c2d3c56720953584924648fee360 av_one_half  avia-builder-el-12  el_after_av_one_full  el_before_av_one_half  first flex_column_div  column-top-margin'     ><p>\n<style type=\"text\/css\" data-created_by=\"avia_inline_auto\" id=\"style-css-av-lbshn4hm-4409a2b2a91e9b2e6fc9874d84ad055f\">\n#top .av-special-heading.av-lbshn4hm-4409a2b2a91e9b2e6fc9874d84ad055f{\npadding-bottom:10px;\ncolor:#ffffff;\n}\nbody .av-special-heading.av-lbshn4hm-4409a2b2a91e9b2e6fc9874d84ad055f .av-special-heading-tag .heading-char{\nfont-size:25px;\n}\n.av-special-heading.av-lbshn4hm-4409a2b2a91e9b2e6fc9874d84ad055f .special-heading-inner-border{\nborder-color:#ffffff;\n}\n.av-special-heading.av-lbshn4hm-4409a2b2a91e9b2e6fc9874d84ad055f .av-subheading{\nfont-size:15px;\n}\n<\/style>\n<div  class='av-special-heading av-lbshn4hm-4409a2b2a91e9b2e6fc9874d84ad055f av-special-heading-h3 custom-color-heading blockquote modern-quote modern-centered  avia-builder-el-13  el_before_av_image  avia-builder-el-first '><h3 class='av-special-heading-tag '  itemprop=\"headline\"  >Negativo in fibra di carbonio<\/h3><div class=\"special-heading-border\"><div class=\"special-heading-inner-border\"><\/div><\/div><\/div><br \/>\n\n<style type=\"text\/css\" data-created_by=\"avia_inline_auto\" id=\"style-css-av-1loh6d-00892cf5d85b23eb34b54bd2217da985\">\n.avia-image-container.av-1loh6d-00892cf5d85b23eb34b54bd2217da985 img.avia_image{\nbox-shadow:none;\n}\n.avia-image-container.av-1loh6d-00892cf5d85b23eb34b54bd2217da985 .av-image-caption-overlay-center{\ncolor:#ffffff;\n}\n<\/style>\n<div  class='avia-image-container av-1loh6d-00892cf5d85b23eb34b54bd2217da985 av-styling- avia-align-center  avia-builder-el-14  el_after_av_heading  avia-builder-el-last '   itemprop=\"image\" itemscope=\"itemscope\" itemtype=\"https:\/\/schema.org\/ImageObject\" ><div class=\"avia-image-container-inner\"><div class=\"avia-image-overlay-wrap\"><img decoding=\"async\" fetchpriority=\"high\" class='wp-image-1886 avia-img-lazy-loading-not-1886 avia_image ' src=\"https:\/\/carbon-production.com\/wp-content\/uploads\/Kohlefasernegativ-Werkzeug.jpg\" alt='Strumento negativo in fibra di carbonio' title='Strumento negativo in fibra di carbonio'  height=\"500\" width=\"500\"  itemprop=\"thumbnailUrl\" srcset=\"https:\/\/carbon-production.com\/wp-content\/uploads\/Kohlefasernegativ-Werkzeug.jpg 500w, https:\/\/carbon-production.com\/wp-content\/uploads\/Kohlefasernegativ-Werkzeug-300x300.jpg 300w, https:\/\/carbon-production.com\/wp-content\/uploads\/Kohlefasernegativ-Werkzeug-80x80.jpg 80w, https:\/\/carbon-production.com\/wp-content\/uploads\/Kohlefasernegativ-Werkzeug-36x36.jpg 36w, https:\/\/carbon-production.com\/wp-content\/uploads\/Kohlefasernegativ-Werkzeug-180x180.jpg 180w\" sizes=\"(max-width: 500px) 100vw, 500px\" \/><\/div><\/div><\/div><\/p><\/div><div  class='flex_column av-b1m4t-2dbfd9314afe2c472a9bcbec786b610a av_one_half  avia-builder-el-15  el_after_av_one_half  avia-builder-el-last  flex_column_div  column-top-margin'     ><p>\n<style type=\"text\/css\" data-created_by=\"avia_inline_auto\" id=\"style-css-av-lbshndi2-689d27318fb44da654884d21c439f5f8\">\n#top .av-special-heading.av-lbshndi2-689d27318fb44da654884d21c439f5f8{\npadding-bottom:10px;\ncolor:#ffffff;\n}\nbody .av-special-heading.av-lbshndi2-689d27318fb44da654884d21c439f5f8 .av-special-heading-tag .heading-char{\nfont-size:25px;\n}\n.av-special-heading.av-lbshndi2-689d27318fb44da654884d21c439f5f8 .special-heading-inner-border{\nborder-color:#ffffff;\n}\n.av-special-heading.av-lbshndi2-689d27318fb44da654884d21c439f5f8 .av-subheading{\nfont-size:15px;\n}\n<\/style>\n<div  class='av-special-heading av-lbshndi2-689d27318fb44da654884d21c439f5f8 av-special-heading-h3 custom-color-heading blockquote modern-quote modern-centered  avia-builder-el-16  el_before_av_image  avia-builder-el-first '><h3 class='av-special-heading-tag '  itemprop=\"headline\"  >Strumenti diretti<\/h3><div class=\"special-heading-border\"><div class=\"special-heading-inner-border\"><\/div><\/div><\/div><br \/>\n\n<style type=\"text\/css\" data-created_by=\"avia_inline_auto\" id=\"style-css-av-1ev1j1-5b33f06e7b86026ca1a974def788e7ae\">\n.avia-image-container.av-1ev1j1-5b33f06e7b86026ca1a974def788e7ae img.avia_image{\nbox-shadow:none;\n}\n.avia-image-container.av-1ev1j1-5b33f06e7b86026ca1a974def788e7ae .av-image-caption-overlay-center{\ncolor:#ffffff;\n}\n<\/style>\n<div  class='avia-image-container av-1ev1j1-5b33f06e7b86026ca1a974def788e7ae av-styling- avia-align-center  avia-builder-el-17  el_after_av_heading  avia-builder-el-last '   itemprop=\"image\" itemscope=\"itemscope\" itemtype=\"https:\/\/schema.org\/ImageObject\" ><div class=\"avia-image-container-inner\"><div class=\"avia-image-overlay-wrap\"><img decoding=\"async\" fetchpriority=\"high\" class='wp-image-1887 avia-img-lazy-loading-not-1887 avia_image ' src=\"https:\/\/carbon-production.com\/wp-content\/uploads\/Direktwerkzeug.jpg\" alt='Strumento diretto in alluminio' title='Strumento diretto'  height=\"500\" width=\"500\"  itemprop=\"thumbnailUrl\" srcset=\"https:\/\/carbon-production.com\/wp-content\/uploads\/Direktwerkzeug.jpg 500w, https:\/\/carbon-production.com\/wp-content\/uploads\/Direktwerkzeug-300x300.jpg 300w, https:\/\/carbon-production.com\/wp-content\/uploads\/Direktwerkzeug-80x80.jpg 80w, https:\/\/carbon-production.com\/wp-content\/uploads\/Direktwerkzeug-36x36.jpg 36w, https:\/\/carbon-production.com\/wp-content\/uploads\/Direktwerkzeug-180x180.jpg 180w\" sizes=\"(max-width: 500px) 100vw, 500px\" \/><\/div><\/div><\/div><\/p><\/div>\n<\/div><\/div><\/div><!-- close content main div --><\/div><div class='av-extra-border-element border-extra-diagonal  '><div class='av-extra-border-outer'><div class='av-extra-border-inner'><\/div><\/div><\/div><\/div><div id='after_section_1'  class='main_color av_default_container_wrap container_wrap fullsize'  ><div class='container av-section-cont-open' ><div class='template-page content  av-content-full alpha units'><div class='post-entry post-entry-type-page post-entry-1888'><div class='entry-content-wrapper clearfix'>\n<div  class='flex_column av-16hk4t-6f95a1f541304d9484a470301de7253e av_one_half  avia-builder-el-18  el_after_av_section  el_before_av_one_half  avia-builder-el-first  first flex_column_div  '     ><p>\n<style type=\"text\/css\" data-created_by=\"avia_inline_auto\" id=\"style-css-av-lcxtr754-59b5a5d4d627fe83241f782ad1e3e72c\">\n#top .av-special-heading.av-lcxtr754-59b5a5d4d627fe83241f782ad1e3e72c{\npadding-bottom:10px;\n}\nbody .av-special-heading.av-lcxtr754-59b5a5d4d627fe83241f782ad1e3e72c .av-special-heading-tag .heading-char{\nfont-size:25px;\n}\n.av-special-heading.av-lcxtr754-59b5a5d4d627fe83241f782ad1e3e72c .av-subheading{\nfont-size:15px;\n}\n<\/style>\n<div  class='av-special-heading av-lcxtr754-59b5a5d4d627fe83241f782ad1e3e72c av-special-heading-h2 blockquote modern-quote  avia-builder-el-19  el_before_av_textblock  avia-builder-el-first '><h2 class='av-special-heading-tag '  itemprop=\"headline\"  >Domande? Scrivici! <\/h2><div class=\"special-heading-border\"><div class=\"special-heading-inner-border\"><\/div><\/div><\/div><br \/>\n<section  class='av_textblock_section av-le0l175g-a98d4325048ffdb8636502c16953f9f9 '   itemscope=\"itemscope\" itemtype=\"https:\/\/schema.org\/CreativeWork\" ><div class='avia_textblock'  itemprop=\"text\" ><p>Hai qualche domanda sugli strumenti per la produzione di componenti in <a href=\"https:\/\/carbon-production.com\/it\/compositi-in-fibra\/\" target=\"_blank\" rel=\"noopener\"><strong>materiale composito in fibra<\/strong><\/a>? Saremo lieti di consigliarti i vantaggi e gli svantaggi di ogni utensile per i componenti in CFRP e GFRP. Indipendentemente dal tipo di utensile scelto, ci occuperemo della produzione di utensili precisi per il tuo componente.<\/p>\n<\/div><\/section><br \/>\n\n<style type=\"text\/css\" data-created_by=\"avia_inline_auto\" id=\"style-css-av-lcxul5oc-11ed144f5a62740272eea86a1374b5fc\">\n.avia-image-container.av-lcxul5oc-11ed144f5a62740272eea86a1374b5fc img.avia_image{\nbox-shadow:none;\n}\n.avia-image-container.av-lcxul5oc-11ed144f5a62740272eea86a1374b5fc .av-image-caption-overlay-center{\ncolor:#ffffff;\n}\n<\/style>\n<div  class='avia-image-container av-lcxul5oc-11ed144f5a62740272eea86a1374b5fc av-styling- avia-align-center  avia-builder-el-21  el_after_av_textblock  avia-builder-el-last '   itemprop=\"image\" itemscope=\"itemscope\" itemtype=\"https:\/\/schema.org\/ImageObject\" ><div class=\"avia-image-container-inner\"><div class=\"avia-image-overlay-wrap\"><img decoding=\"async\" fetchpriority=\"high\" class='wp-image-1636 avia-img-lazy-loading-not-1636 avia_image ' src=\"https:\/\/carbon-production.com\/wp-content\/uploads\/Epoxidharz-Form.png\" alt='Stampo in resina epossidica' title='Stampo in resina epossidica'  height=\"500\" width=\"500\"  itemprop=\"thumbnailUrl\" srcset=\"https:\/\/carbon-production.com\/wp-content\/uploads\/Epoxidharz-Form.png 500w, https:\/\/carbon-production.com\/wp-content\/uploads\/Epoxidharz-Form-300x300.png 300w, https:\/\/carbon-production.com\/wp-content\/uploads\/Epoxidharz-Form-80x80.png 80w, https:\/\/carbon-production.com\/wp-content\/uploads\/Epoxidharz-Form-36x36.png 36w, https:\/\/carbon-production.com\/wp-content\/uploads\/Epoxidharz-Form-180x180.png 180w\" sizes=\"(max-width: 500px) 100vw, 500px\" \/><\/div><\/div><\/div><\/p><\/div>\n<div  class='flex_column av-13io51-75e5d61e249a4e3799c3ecdd4de7ff89 av_one_half  avia-builder-el-22  el_after_av_one_half  avia-builder-el-last  flex_column_div  '     ><section  class='av_textblock_section av-m4nabq41-b6db3fb95b00a9d843af2a044f910933 '   itemscope=\"itemscope\" itemtype=\"https:\/\/schema.org\/CreativeWork\" ><div class='avia_textblock'  itemprop=\"text\" ><p class=\"wpcf7-contact-form-not-found\"><strong>Errore:<\/strong> Modulo di contatto non trovato.<\/p>\n<\/div><\/section><\/div>\n","protected":false},"excerpt":{"rendered":"","protected":false},"author":1,"featured_media":0,"parent":0,"menu_order":0,"comment_status":"closed","ping_status":"closed","template":"","meta":{"footnotes":""},"class_list":["post-1888","page","type-page","status-publish","hentry"],"_links":{"self":[{"href":"https:\/\/carbon-production.com\/it\/wp-json\/wp\/v2\/pages\/1888","targetHints":{"allow":["GET"]}}],"collection":[{"href":"https:\/\/carbon-production.com\/it\/wp-json\/wp\/v2\/pages"}],"about":[{"href":"https:\/\/carbon-production.com\/it\/wp-json\/wp\/v2\/types\/page"}],"author":[{"embeddable":true,"href":"https:\/\/carbon-production.com\/it\/wp-json\/wp\/v2\/users\/1"}],"replies":[{"embeddable":true,"href":"https:\/\/carbon-production.com\/it\/wp-json\/wp\/v2\/comments?post=1888"}],"version-history":[{"count":3,"href":"https:\/\/carbon-production.com\/it\/wp-json\/wp\/v2\/pages\/1888\/revisions"}],"predecessor-version":[{"id":1894,"href":"https:\/\/carbon-production.com\/it\/wp-json\/wp\/v2\/pages\/1888\/revisions\/1894"}],"wp:attachment":[{"href":"https:\/\/carbon-production.com\/it\/wp-json\/wp\/v2\/media?parent=1888"}],"curies":[{"name":"wp","href":"https:\/\/api.w.org\/{rel}","templated":true}]}}