{"id":1878,"date":"2022-07-25T20:19:59","date_gmt":"2022-07-25T20:19:59","guid":{"rendered":"https:\/\/carbon-production.com\/fabrication-de-modeles-et-de-moules\/"},"modified":"2026-01-06T20:56:51","modified_gmt":"2026-01-06T20:56:51","slug":"fabrication-de-modeles-et-de-moules","status":"publish","type":"page","link":"https:\/\/carbon-production.com\/fr\/fabrication-de-modeles-et-de-moules\/","title":{"rendered":"Fabrication de mod\u00e8les et de moules"},"content":{"rendered":"<div id='full_slider_1'  class='avia-fullwidth-slider main_color avia-shadow   avia-builder-el-0  el_before_av_one_full  avia-builder-el-first   container_wrap fullsize'  ><div  class='avia-slideshow av-lcxoo2q0-a0196ef75d8302e8d0da7e921620e62c avia-slideshow-featured av_slideshow_full avia-slide-slider av-slideshow-ui av-control-default av-slideshow-manual av-loop-once av-loop-manual-endless av-default-height-applied   avia-slideshow-1' data-slideshow-options=\"{&quot;animation&quot;:&quot;slide&quot;,&quot;autoplay&quot;:false,&quot;loop_autoplay&quot;:&quot;once&quot;,&quot;interval&quot;:5,&quot;loop_manual&quot;:&quot;manual-endless&quot;,&quot;autoplay_stopper&quot;:false,&quot;noNavigation&quot;:false,&quot;bg_slider&quot;:false,&quot;keep_padding&quot;:false,&quot;hoverpause&quot;:false,&quot;show_slide_delay&quot;:0}\"  itemprop=\"image\" itemscope=\"itemscope\" itemtype=\"https:\/\/schema.org\/ImageObject\" ><ul class='avia-slideshow-inner ' style='padding-bottom: 28.666666666667%;'><li  class='avia-slideshow-slide av-lcxoo2q0-a0196ef75d8302e8d0da7e921620e62c__0  av-single-slide slide-1 slide-odd'><div data-rel='slideshow-1' class='avia-slide-wrap '   ><img decoding=\"async\" fetchpriority=\"high\" class=\"wp-image-1881 avia-img-lazy-loading-not-1881\"  src=\"https:\/\/carbon-production.com\/wp-content\/uploads\/Modell-und-Formenbau-CP.jpg\" width=\"1500\" height=\"430\" title='Modell und Formenbau CP' alt=''  itemprop=\"thumbnailUrl\" srcset=\"https:\/\/carbon-production.com\/wp-content\/uploads\/Modell-und-Formenbau-CP.jpg 1500w, https:\/\/carbon-production.com\/wp-content\/uploads\/Modell-und-Formenbau-CP-300x86.jpg 300w, https:\/\/carbon-production.com\/wp-content\/uploads\/Modell-und-Formenbau-CP-1030x295.jpg 1030w, https:\/\/carbon-production.com\/wp-content\/uploads\/Modell-und-Formenbau-CP-768x220.jpg 768w, https:\/\/carbon-production.com\/wp-content\/uploads\/Modell-und-Formenbau-CP-705x202.jpg 705w\" sizes=\"(max-width: 1500px) 100vw, 1500px\" \/><\/div><\/li><\/ul><\/div><\/div><div id='after_full_slider_1'  class='main_color av_default_container_wrap container_wrap fullsize'  ><div class='container av-section-cont-open' ><div class='template-page content  av-content-full alpha units'><div class='post-entry post-entry-type-page post-entry-1878'><div class='entry-content-wrapper clearfix'>\n<div  class='flex_column av-ushyd-9d6f7a3795a0b6b14ad4615982e01fd5 av_one_full  avia-builder-el-1  el_after_av_slideshow_full  el_before_av_one_full  avia-builder-el-first  first flex_column_div  '     ><style type=\"text\/css\" data-created_by=\"avia_inline_auto\" id=\"style-css-av-lbsghr8f-2934757ba0ab66919a3424c9357a298a\">\n#top .av-special-heading.av-lbsghr8f-2934757ba0ab66919a3424c9357a298a{\npadding-bottom:10px;\n}\nbody .av-special-heading.av-lbsghr8f-2934757ba0ab66919a3424c9357a298a .av-special-heading-tag .heading-char{\nfont-size:25px;\n}\n.av-special-heading.av-lbsghr8f-2934757ba0ab66919a3424c9357a298a .av-subheading{\nfont-size:15px;\n}\n<\/style>\n<div  class='av-special-heading av-lbsghr8f-2934757ba0ab66919a3424c9357a298a av-special-heading-h1 blockquote elegant-quote elegant-centered  avia-builder-el-2  avia-builder-el-no-sibling '><h1 class='av-special-heading-tag '  itemprop=\"headline\"  ><span class=\"heading-wrap\">Fabrication de mod\u00e8les et de moules<\/span><\/h1><div class='av-subheading av-subheading_below'><p>De l&rsquo;impression 3D \u00e0 l&rsquo;outillage en aluminium<\/p>\n<\/div><div class=\"special-heading-border\"><div class=\"special-heading-inner-border\"><\/div><\/div><\/div><\/div>\n<div  class='flex_column av-lcxnjdug-1cbaf7e40b6db51a822ee78bc9be8caa av_one_full  avia-builder-el-3  el_after_av_one_full  el_before_av_one_full  first flex_column_div  column-top-margin'     ><style type=\"text\/css\" data-created_by=\"avia_inline_auto\" id=\"style-css-av-2krlh-03d9bfc55488d4b39951fdc0fe2ca31d\">\n.avia-image-container.av-2krlh-03d9bfc55488d4b39951fdc0fe2ca31d img.avia_image{\nbox-shadow:none;\n}\n.avia-image-container.av-2krlh-03d9bfc55488d4b39951fdc0fe2ca31d .av-image-caption-overlay-center{\ncolor:#ffffff;\n}\n<\/style>\n<div  class='avia-image-container av-2krlh-03d9bfc55488d4b39951fdc0fe2ca31d av-styling- avia-align-center  avia-builder-el-4  avia-builder-el-no-sibling '   itemprop=\"image\" itemscope=\"itemscope\" itemtype=\"https:\/\/schema.org\/ImageObject\" ><div class=\"avia-image-container-inner\"><div class=\"avia-image-overlay-wrap\"><img decoding=\"async\" fetchpriority=\"high\" class='wp-image-1875 avia-img-lazy-loading-not-1875 avia_image ' src=\"https:\/\/carbon-production.com\/wp-content\/uploads\/Carbon-Spiegel-mit-Aluminium-Werkzeug.jpg\" alt='R\u00e9troviseur en carbone avec outil en aluminium' title='R\u00e9troviseur en carbone avec outil en aluminium'  height=\"500\" width=\"500\"  itemprop=\"thumbnailUrl\" srcset=\"https:\/\/carbon-production.com\/wp-content\/uploads\/Carbon-Spiegel-mit-Aluminium-Werkzeug.jpg 500w, https:\/\/carbon-production.com\/wp-content\/uploads\/Carbon-Spiegel-mit-Aluminium-Werkzeug-300x300.jpg 300w, https:\/\/carbon-production.com\/wp-content\/uploads\/Carbon-Spiegel-mit-Aluminium-Werkzeug-80x80.jpg 80w, https:\/\/carbon-production.com\/wp-content\/uploads\/Carbon-Spiegel-mit-Aluminium-Werkzeug-36x36.jpg 36w, https:\/\/carbon-production.com\/wp-content\/uploads\/Carbon-Spiegel-mit-Aluminium-Werkzeug-180x180.jpg 180w\" sizes=\"(max-width: 500px) 100vw, 500px\" \/><\/div><\/div><\/div><\/div>\n<div  class='flex_column av-ikt91-5a6d55acf6edafdd296a486d8695ac34 av_one_full  avia-builder-el-5  el_after_av_one_full  el_before_av_section  avia-builder-el-last  first flex_column_div  column-top-margin'     ><p>\n<style type=\"text\/css\" data-created_by=\"avia_inline_auto\" id=\"style-css-av-lbsgpk5b-0308eee9d6dae4755b43bb5417ab3d94\">\n#top .av-special-heading.av-lbsgpk5b-0308eee9d6dae4755b43bb5417ab3d94{\npadding-bottom:10px;\n}\nbody .av-special-heading.av-lbsgpk5b-0308eee9d6dae4755b43bb5417ab3d94 .av-special-heading-tag .heading-char{\nfont-size:25px;\n}\n.av-special-heading.av-lbsgpk5b-0308eee9d6dae4755b43bb5417ab3d94 .av-subheading{\nfont-size:15px;\n}\n<\/style>\n<div  class='av-special-heading av-lbsgpk5b-0308eee9d6dae4755b43bb5417ab3d94 av-special-heading-h2 blockquote modern-quote  avia-builder-el-6  el_before_av_textblock  avia-builder-el-first '><h2 class='av-special-heading-tag '  itemprop=\"headline\"  >Forme exacte &#8211; composant exact<\/h2><div class=\"special-heading-border\"><div class=\"special-heading-inner-border\"><\/div><\/div><\/div><br \/>\n<section  class='av_textblock_section av-lbsgubrv-db4cd97e4185727236a4e33cbb5b8726 '   itemscope=\"itemscope\" itemtype=\"https:\/\/schema.org\/CreativeWork\" ><div class='avia_textblock'  itemprop=\"text\" ><p>Pour obtenir une pi\u00e8ce en PRFC parfaite \u00e0 la fin de la production, la conception de la pi\u00e8ce ainsi que la fabrication du mod\u00e8le ou du moule doivent \u00eatre r\u00e9alis\u00e9es avec pr\u00e9cision. Pour nous, chez Carbon Production GmbH, le fait de pouvoir proposer toutes ces \u00e9tapes \u00e0 partir d&rsquo;une seule et m\u00eame source est un grand avantage.<\/p>\n<\/div><\/section><br \/>\n\n<style type=\"text\/css\" data-created_by=\"avia_inline_auto\" id=\"style-css-sub-av-lcxo58k8-8c70ff459d77b5f8c575c10063c9aa08\">\n.avia-timeline-container .av-milestone.av-lcxo445r-7279f781737ecf18203c04c6ea2a0608 .av-milestone-icon-inner{\nbackground-color:#f05a1a;\n}\n.avia-timeline-container .av-milestone.av-lcxo445r-7279f781737ecf18203c04c6ea2a0608 .av-milestone-indicator{\nbackground-color:#f05a1a;\n}\n.avia-timeline-container .av-milestone.av-lcxo445r-7279f781737ecf18203c04c6ea2a0608 .av-milestone-article-footer{\nbackground-color:#f05a1a;\n}\n.avia-timeline-container .av-milestone.av-lcxo445r-12-c1802e2d2b70cc885c8f925d7d710208 .av-milestone-icon-inner{\nbackground-color:#f05a1a;\n}\n.avia-timeline-container .av-milestone.av-lcxo445r-12-c1802e2d2b70cc885c8f925d7d710208 .av-milestone-indicator{\nbackground-color:#f05a1a;\n}\n.avia-timeline-container .av-milestone.av-lcxo445r-12-c1802e2d2b70cc885c8f925d7d710208 .av-milestone-article-footer{\nbackground-color:#f05a1a;\n}\n.avia-timeline-container .av-milestone.av-lcxo445r-11-589ea6f7e519ad89aee0a2d749ac43a0 .av-milestone-icon-inner{\nbackground-color:#f05a1a;\n}\n.avia-timeline-container .av-milestone.av-lcxo445r-11-589ea6f7e519ad89aee0a2d749ac43a0 .av-milestone-indicator{\nbackground-color:#f05a1a;\n}\n.avia-timeline-container .av-milestone.av-lcxo445r-11-589ea6f7e519ad89aee0a2d749ac43a0 .av-milestone-article-footer{\nbackground-color:#f05a1a;\n}\n<\/style>\n<div  id=\"avia-timeline-1\"  class='avia-timeline-container av-lcxo58k8-8c70ff459d77b5f8c575c10063c9aa08 av-slideshow-ui  avia-builder-el-8  el_after_av_textblock  avia-builder-el-last ' ><ul class='avia-timeline avia-timeline-vertical av-milestone-placement-alternate avia-timeline-boxshadow avia_animate_when_almost_visible avia-timeline-animate'>\n<li  class='av-milestone av-lcxo445r-7279f781737ecf18203c04c6ea2a0608 av-animated-generic fade-in av-milestone-valign-baseline av-milestone-odd'><h2 class='av-milestone-date ' id='milestone-etape-1' ><strong>\u00c9tape 1<span class='av-milestone-indicator'><\/span><\/strong><\/h2><div class=\"av-milestone-icon-wrap\"><span class='av-milestone-icon milestone_icon avia-font-entypo-fontello'><span class='av-milestone-icon-inner milestone_inner'><i class='milestone-char avia-iconfont avia-font-entypo-fontello' data-av_icon='' data-av_iconfont='entypo-fontello' ><\/i><\/span><\/span><\/div><article class='av-milestone-content-wrap'><div class='av-milestone-contentbox'><header class=\"entry-content-header\" aria-label=\"\u00c9tape : Le prototype\"><h4 class='av-milestone-title '>Le prototype<\/h4><\/header><div class='av-milestone-content'><p>Une fois le dessin de conception r\u00e9ussi, nous passons au prototypage. Nous r\u00e9alisons une impression 3D de l&rsquo;outillage n\u00e9cessaire et v\u00e9rifions que le concept est adapt\u00e9 et que le montage est possible.<\/p>\n<\/div><\/div><footer class='av-milestone-article-footer entry-footer'><\/footer><\/article><\/li>\n<li  class='av-milestone av-lcxo445r-12-c1802e2d2b70cc885c8f925d7d710208 av-animated-generic fade-in av-milestone-valign-baseline av-milestone-even'><article class='av-milestone-content-wrap'><div class='av-milestone-contentbox'><header class=\"entry-content-header\" aria-label=\"\u00c9tape : D\u00e9terminer l&#039;outil appropri\u00e9\"><h4 class='av-milestone-title '>D\u00e9terminer l&#039;outil appropri\u00e9<\/h4><\/header><div class='av-milestone-content'><p>Une fois que le prototype n&rsquo;a plus besoin d&rsquo;\u00eatre modifi\u00e9, nous pouvons nous occuper de l&rsquo;outillage. Il faut alors r\u00e9fl\u00e9chir au type de mat\u00e9riau n\u00e9cessaire. Si le nombre de pi\u00e8ces est faible, il peut \u00eatre suffisant de choisir un mat\u00e9riau moins cher. En revanche, si votre pi\u00e8ce en PRFC est un produit de s\u00e9rie ou si elle est utilis\u00e9e une seule fois en grande quantit\u00e9, il est pr\u00e9f\u00e9rable d&rsquo;utiliser un mat\u00e9riau plus durable.<\/p>\n<\/div><\/div><footer class='av-milestone-article-footer entry-footer'><\/footer><\/article><div class=\"av-milestone-icon-wrap\"><span class='av-milestone-icon milestone_icon avia-font-entypo-fontello'><span class='av-milestone-icon-inner milestone_inner'><i class='milestone-char avia-iconfont avia-font-entypo-fontello' data-av_icon='' data-av_iconfont='entypo-fontello' ><\/i><\/span><\/span><\/div><h2 class='av-milestone-date ' id='milestone-etape-2' ><strong>\u00c9tape 2  <span class='av-milestone-indicator'><\/span><\/strong><\/h2><\/li>\n<li  class='av-milestone av-lcxo445r-11-589ea6f7e519ad89aee0a2d749ac43a0 av-animated-generic fade-in av-milestone-valign-baseline av-milestone-odd'><h2 class='av-milestone-date ' id='milestone-etape-3' ><strong>\u00c9tape 3<span class='av-milestone-indicator'><\/span><\/strong><\/h2><div class=\"av-milestone-icon-wrap\"><span class='av-milestone-icon milestone_icon avia-font-entypo-fontello'><span class='av-milestone-icon-inner milestone_inner'><i class='milestone-char avia-iconfont avia-font-entypo-fontello' data-av_icon='' data-av_iconfont='entypo-fontello' ><\/i><\/span><\/span><\/div><article class='av-milestone-content-wrap'><div class='av-milestone-contentbox'><header class=\"entry-content-header\" aria-label=\"\u00c9tape : La fabrication de l&#039;outil\"><h4 class='av-milestone-title '>La fabrication de l&#039;outil<\/h4><\/header><div class='av-milestone-content'><p>Selon le choix de l&rsquo;outil, cette \u00e9tape de fabrication du moule se pr\u00e9sente diff\u00e9remment. Les outils directs sont usin\u00e9s \u00e0 la machine CNC, quel que soit le mat\u00e9riau. Si un n\u00e9gatif en fibre de carbone est n\u00e9cessaire, il est lamin\u00e9.<\/p>\n<\/div><\/div><footer class='av-milestone-article-footer entry-footer'><\/footer><\/article><\/li>\n<\/ul><\/div><\/p><\/div>\n<\/div><\/div><\/div><!-- close content main div --><\/div><\/div>\n<style type=\"text\/css\" data-created_by=\"avia_inline_auto\" id=\"style-css-av-9vdat-22244f895756b7149f33d9aa3a9e8710\">\n.avia-section.av-9vdat-22244f895756b7149f33d9aa3a9e8710{\nbackground-color:#808080;\nbackground-image:unset;\n}\n.avia-section.av-9vdat-22244f895756b7149f33d9aa3a9e8710 .av-extra-border-element .av-extra-border-inner{\nbackground-color:#333333;\n}\n<\/style>\n<div id='av_section_1'  class='avia-section av-9vdat-22244f895756b7149f33d9aa3a9e8710 main_color avia-section-default avia-shadow  avia-builder-el-9  el_after_av_one_full  el_before_av_one_half  avia-bg-style-scroll container_wrap fullsize'  ><div class='container av-section-cont-open' ><div class='template-page content  av-content-full alpha units'><div class='post-entry post-entry-type-page post-entry-1878'><div class='entry-content-wrapper clearfix'>\n<div  class='flex_column av-1s4ux1-3cac42876a31ff69958f51955c776d41 av_one_full  avia-builder-el-10  el_before_av_one_half  avia-builder-el-first  first flex_column_div  '     ><style type=\"text\/css\" data-created_by=\"avia_inline_auto\" id=\"style-css-av-lcxt7pt4-252176ff871ce6807f9b9c91609de10a\">\n#top .av-special-heading.av-lcxt7pt4-252176ff871ce6807f9b9c91609de10a{\npadding-bottom:10px;\ncolor:#ffffff;\n}\nbody .av-special-heading.av-lcxt7pt4-252176ff871ce6807f9b9c91609de10a .av-special-heading-tag .heading-char{\nfont-size:25px;\n}\n.av-special-heading.av-lcxt7pt4-252176ff871ce6807f9b9c91609de10a .special-heading-inner-border{\nborder-color:#ffffff;\n}\n.av-special-heading.av-lcxt7pt4-252176ff871ce6807f9b9c91609de10a .av-subheading{\nfont-size:15px;\n}\n<\/style>\n<div  class='av-special-heading av-lcxt7pt4-252176ff871ce6807f9b9c91609de10a av-special-heading-h2 custom-color-heading blockquote elegant-quote elegant-centered  avia-builder-el-11  avia-builder-el-no-sibling '><h2 class='av-special-heading-tag '  itemprop=\"headline\"  ><span class=\"heading-wrap\">Types d\u2019outils standard<\/span><\/h2><div class=\"special-heading-border\"><div class=\"special-heading-inner-border\"><\/div><\/div><\/div><\/div><div  class='flex_column av-glkfp-b707c2d3c56720953584924648fee360 av_one_half  avia-builder-el-12  el_after_av_one_full  el_before_av_one_half  first flex_column_div  column-top-margin'     ><p>\n<style type=\"text\/css\" data-created_by=\"avia_inline_auto\" id=\"style-css-av-lbshn4hm-0d8aae994c750a82615c0d0454fb53cc\">\n#top .av-special-heading.av-lbshn4hm-0d8aae994c750a82615c0d0454fb53cc{\npadding-bottom:10px;\ncolor:#ffffff;\n}\nbody .av-special-heading.av-lbshn4hm-0d8aae994c750a82615c0d0454fb53cc .av-special-heading-tag .heading-char{\nfont-size:25px;\n}\n.av-special-heading.av-lbshn4hm-0d8aae994c750a82615c0d0454fb53cc .special-heading-inner-border{\nborder-color:#ffffff;\n}\n.av-special-heading.av-lbshn4hm-0d8aae994c750a82615c0d0454fb53cc .av-subheading{\nfont-size:15px;\n}\n<\/style>\n<div  class='av-special-heading av-lbshn4hm-0d8aae994c750a82615c0d0454fb53cc av-special-heading-h3 custom-color-heading blockquote modern-quote modern-centered  avia-builder-el-13  el_before_av_image  avia-builder-el-first '><h3 class='av-special-heading-tag '  itemprop=\"headline\"  >N\u00e9gatif en fibre de carbone<\/h3><div class=\"special-heading-border\"><div class=\"special-heading-inner-border\"><\/div><\/div><\/div><br \/>\n\n<style type=\"text\/css\" data-created_by=\"avia_inline_auto\" id=\"style-css-av-1loh6d-f7f25ca08ef7c0c74e7f66acfa371a31\">\n.avia-image-container.av-1loh6d-f7f25ca08ef7c0c74e7f66acfa371a31 img.avia_image{\nbox-shadow:none;\n}\n.avia-image-container.av-1loh6d-f7f25ca08ef7c0c74e7f66acfa371a31 .av-image-caption-overlay-center{\ncolor:#ffffff;\n}\n<\/style>\n<div  class='avia-image-container av-1loh6d-f7f25ca08ef7c0c74e7f66acfa371a31 av-styling- avia-align-center  avia-builder-el-14  el_after_av_heading  avia-builder-el-last '   itemprop=\"image\" itemscope=\"itemscope\" itemtype=\"https:\/\/schema.org\/ImageObject\" ><div class=\"avia-image-container-inner\"><div class=\"avia-image-overlay-wrap\"><img decoding=\"async\" fetchpriority=\"high\" class='wp-image-1876 avia-img-lazy-loading-not-1876 avia_image ' src=\"https:\/\/carbon-production.com\/wp-content\/uploads\/Kohlefasernegativ-Werkzeug.jpg\" alt='N\u00e9gatif en fibre de carbone Outil' title='N\u00e9gatif en fibre de carbone Outil'  height=\"500\" width=\"500\"  itemprop=\"thumbnailUrl\" srcset=\"https:\/\/carbon-production.com\/wp-content\/uploads\/Kohlefasernegativ-Werkzeug.jpg 500w, https:\/\/carbon-production.com\/wp-content\/uploads\/Kohlefasernegativ-Werkzeug-300x300.jpg 300w, https:\/\/carbon-production.com\/wp-content\/uploads\/Kohlefasernegativ-Werkzeug-80x80.jpg 80w, https:\/\/carbon-production.com\/wp-content\/uploads\/Kohlefasernegativ-Werkzeug-36x36.jpg 36w, https:\/\/carbon-production.com\/wp-content\/uploads\/Kohlefasernegativ-Werkzeug-180x180.jpg 180w\" sizes=\"(max-width: 500px) 100vw, 500px\" \/><\/div><\/div><\/div><\/p><\/div><div  class='flex_column av-b1m4t-2dbfd9314afe2c472a9bcbec786b610a av_one_half  avia-builder-el-15  el_after_av_one_half  avia-builder-el-last  flex_column_div  column-top-margin'     ><p>\n<style type=\"text\/css\" data-created_by=\"avia_inline_auto\" id=\"style-css-av-lbshndi2-76da6d1f6239fb43688da78b57b232fd\">\n#top .av-special-heading.av-lbshndi2-76da6d1f6239fb43688da78b57b232fd{\npadding-bottom:10px;\ncolor:#ffffff;\n}\nbody .av-special-heading.av-lbshndi2-76da6d1f6239fb43688da78b57b232fd .av-special-heading-tag .heading-char{\nfont-size:25px;\n}\n.av-special-heading.av-lbshndi2-76da6d1f6239fb43688da78b57b232fd .special-heading-inner-border{\nborder-color:#ffffff;\n}\n.av-special-heading.av-lbshndi2-76da6d1f6239fb43688da78b57b232fd .av-subheading{\nfont-size:15px;\n}\n<\/style>\n<div  class='av-special-heading av-lbshndi2-76da6d1f6239fb43688da78b57b232fd av-special-heading-h3 custom-color-heading blockquote modern-quote modern-centered  avia-builder-el-16  el_before_av_image  avia-builder-el-first '><h3 class='av-special-heading-tag '  itemprop=\"headline\"  >Outils directs<\/h3><div class=\"special-heading-border\"><div class=\"special-heading-inner-border\"><\/div><\/div><\/div><br \/>\n\n<style type=\"text\/css\" data-created_by=\"avia_inline_auto\" id=\"style-css-av-1ev1j1-2b36658a6a112a6f9681f0ce0d2cfa8e\">\n.avia-image-container.av-1ev1j1-2b36658a6a112a6f9681f0ce0d2cfa8e img.avia_image{\nbox-shadow:none;\n}\n.avia-image-container.av-1ev1j1-2b36658a6a112a6f9681f0ce0d2cfa8e .av-image-caption-overlay-center{\ncolor:#ffffff;\n}\n<\/style>\n<div  class='avia-image-container av-1ev1j1-2b36658a6a112a6f9681f0ce0d2cfa8e av-styling- avia-align-center  avia-builder-el-17  el_after_av_heading  avia-builder-el-last '   itemprop=\"image\" itemscope=\"itemscope\" itemtype=\"https:\/\/schema.org\/ImageObject\" ><div class=\"avia-image-container-inner\"><div class=\"avia-image-overlay-wrap\"><img decoding=\"async\" fetchpriority=\"high\" class='wp-image-1877 avia-img-lazy-loading-not-1877 avia_image ' src=\"https:\/\/carbon-production.com\/wp-content\/uploads\/Direktwerkzeug.jpg\" alt='Outil direct en aluminium' title='Outil direct'  height=\"500\" width=\"500\"  itemprop=\"thumbnailUrl\" srcset=\"https:\/\/carbon-production.com\/wp-content\/uploads\/Direktwerkzeug.jpg 500w, https:\/\/carbon-production.com\/wp-content\/uploads\/Direktwerkzeug-300x300.jpg 300w, https:\/\/carbon-production.com\/wp-content\/uploads\/Direktwerkzeug-80x80.jpg 80w, https:\/\/carbon-production.com\/wp-content\/uploads\/Direktwerkzeug-36x36.jpg 36w, https:\/\/carbon-production.com\/wp-content\/uploads\/Direktwerkzeug-180x180.jpg 180w\" sizes=\"(max-width: 500px) 100vw, 500px\" \/><\/div><\/div><\/div><\/p><\/div>\n<\/div><\/div><\/div><!-- close content main div --><\/div><div class='av-extra-border-element border-extra-diagonal  '><div class='av-extra-border-outer'><div class='av-extra-border-inner'><\/div><\/div><\/div><\/div><div id='after_section_1'  class='main_color av_default_container_wrap container_wrap fullsize'  ><div class='container av-section-cont-open' ><div class='template-page content  av-content-full alpha units'><div class='post-entry post-entry-type-page post-entry-1878'><div class='entry-content-wrapper clearfix'>\n<div  class='flex_column av-16hk4t-6f95a1f541304d9484a470301de7253e av_one_half  avia-builder-el-18  el_after_av_section  el_before_av_one_half  avia-builder-el-first  first flex_column_div  '     ><p>\n<style type=\"text\/css\" data-created_by=\"avia_inline_auto\" id=\"style-css-av-lcxtr754-babdf1d09a359e92570416e44c03dffd\">\n#top .av-special-heading.av-lcxtr754-babdf1d09a359e92570416e44c03dffd{\npadding-bottom:10px;\n}\nbody .av-special-heading.av-lcxtr754-babdf1d09a359e92570416e44c03dffd .av-special-heading-tag .heading-char{\nfont-size:25px;\n}\n.av-special-heading.av-lcxtr754-babdf1d09a359e92570416e44c03dffd .av-subheading{\nfont-size:15px;\n}\n<\/style>\n<div  class='av-special-heading av-lcxtr754-babdf1d09a359e92570416e44c03dffd av-special-heading-h2 blockquote modern-quote  avia-builder-el-19  el_before_av_textblock  avia-builder-el-first '><h2 class='av-special-heading-tag '  itemprop=\"headline\"  >Vous avez des questions ? \u00c9crivez-nous ! <\/h2><div class=\"special-heading-border\"><div class=\"special-heading-inner-border\"><\/div><\/div><\/div><br \/>\n<section  class='av_textblock_section av-le0l175g-a98d4325048ffdb8636502c16953f9f9 '   itemscope=\"itemscope\" itemtype=\"https:\/\/schema.org\/CreativeWork\" ><div class='avia_textblock'  itemprop=\"text\" ><p>Avez-vous des questions sur l&rsquo;outillage pour la fabrication de composants en <a href=\"https:\/\/carbon-production.com\/fr\/materiaux-composites-a-fibres\/\" target=\"_blank\" rel=\"noopener\"><strong>Mat\u00e9riau composite<\/strong><\/a>? Nous pouvons vous conseiller sur les avantages et les inconv\u00e9nients de chaque outil pour les composants en PRFC et PRV. Quel que soit le type d&rsquo;outil que vous choisissez, nous nous chargeons de fabriquer des outils pr\u00e9cis pour votre composant.<\/p>\n<\/div><\/section><br \/>\n\n<style type=\"text\/css\" data-created_by=\"avia_inline_auto\" id=\"style-css-av-lcxul5oc-693e51fe5634a3468c98fc01706b8d38\">\n.avia-image-container.av-lcxul5oc-693e51fe5634a3468c98fc01706b8d38 img.avia_image{\nbox-shadow:none;\n}\n.avia-image-container.av-lcxul5oc-693e51fe5634a3468c98fc01706b8d38 .av-image-caption-overlay-center{\ncolor:#ffffff;\n}\n<\/style>\n<div  class='avia-image-container av-lcxul5oc-693e51fe5634a3468c98fc01706b8d38 av-styling- avia-align-center  avia-builder-el-21  el_after_av_textblock  avia-builder-el-last '   itemprop=\"image\" itemscope=\"itemscope\" itemtype=\"https:\/\/schema.org\/ImageObject\" ><div class=\"avia-image-container-inner\"><div class=\"avia-image-overlay-wrap\"><img decoding=\"async\" fetchpriority=\"high\" class='wp-image-1628 avia-img-lazy-loading-not-1628 avia_image ' src=\"https:\/\/carbon-production.com\/wp-content\/uploads\/Epoxidharz-Form.png\" alt='Outil en r\u00e9sine \u00e9poxy' title='R\u00e9sine \u00e9poxy Moule'  height=\"500\" width=\"500\"  itemprop=\"thumbnailUrl\" srcset=\"https:\/\/carbon-production.com\/wp-content\/uploads\/Epoxidharz-Form.png 500w, https:\/\/carbon-production.com\/wp-content\/uploads\/Epoxidharz-Form-300x300.png 300w, https:\/\/carbon-production.com\/wp-content\/uploads\/Epoxidharz-Form-80x80.png 80w, https:\/\/carbon-production.com\/wp-content\/uploads\/Epoxidharz-Form-36x36.png 36w, https:\/\/carbon-production.com\/wp-content\/uploads\/Epoxidharz-Form-180x180.png 180w\" sizes=\"(max-width: 500px) 100vw, 500px\" \/><\/div><\/div><\/div><\/p><\/div>\n<div  class='flex_column av-13io51-75e5d61e249a4e3799c3ecdd4de7ff89 av_one_half  avia-builder-el-22  el_after_av_one_half  avia-builder-el-last  flex_column_div  '     ><section  class='av_textblock_section av-m4nabq41-b6db3fb95b00a9d843af2a044f910933 '   itemscope=\"itemscope\" itemtype=\"https:\/\/schema.org\/CreativeWork\" ><div class='avia_textblock'  itemprop=\"text\" ><p class=\"wpcf7-contact-form-not-found\"><strong>Erreur\u00a0:<\/strong> Formulaire de contact non trouv\u00e9\u00a0!<\/p>\n<\/div><\/section><\/div>\n","protected":false},"excerpt":{"rendered":"","protected":false},"author":1,"featured_media":0,"parent":0,"menu_order":0,"comment_status":"closed","ping_status":"closed","template":"","meta":{"footnotes":""},"class_list":["post-1878","page","type-page","status-publish","hentry"],"_links":{"self":[{"href":"https:\/\/carbon-production.com\/fr\/wp-json\/wp\/v2\/pages\/1878","targetHints":{"allow":["GET"]}}],"collection":[{"href":"https:\/\/carbon-production.com\/fr\/wp-json\/wp\/v2\/pages"}],"about":[{"href":"https:\/\/carbon-production.com\/fr\/wp-json\/wp\/v2\/types\/page"}],"author":[{"embeddable":true,"href":"https:\/\/carbon-production.com\/fr\/wp-json\/wp\/v2\/users\/1"}],"replies":[{"embeddable":true,"href":"https:\/\/carbon-production.com\/fr\/wp-json\/wp\/v2\/comments?post=1878"}],"version-history":[{"count":3,"href":"https:\/\/carbon-production.com\/fr\/wp-json\/wp\/v2\/pages\/1878\/revisions"}],"predecessor-version":[{"id":1884,"href":"https:\/\/carbon-production.com\/fr\/wp-json\/wp\/v2\/pages\/1878\/revisions\/1884"}],"wp:attachment":[{"href":"https:\/\/carbon-production.com\/fr\/wp-json\/wp\/v2\/media?parent=1878"}],"curies":[{"name":"wp","href":"https:\/\/api.w.org\/{rel}","templated":true}]}}