{"id":1855,"date":"2022-07-25T20:19:59","date_gmt":"2022-07-25T20:19:59","guid":{"rendered":"https:\/\/carbon-production.com\/construction\/"},"modified":"2026-01-06T20:52:07","modified_gmt":"2026-01-06T20:52:07","slug":"construction","status":"publish","type":"page","link":"https:\/\/carbon-production.com\/fr\/construction\/","title":{"rendered":"Construction"},"content":{"rendered":"<div id='full_slider_1'  class='avia-fullwidth-slider main_color avia-shadow   avia-builder-el-0  el_before_av_one_full  avia-builder-el-first   container_wrap fullsize'  ><div  class='avia-slideshow av-ldhu019b-1fe284de84705b36e21386b0fa8a7e50 avia-slideshow-featured av_slideshow_full avia-slide-slider av-slideshow-ui av-control-default av-slideshow-manual av-loop-once av-loop-manual-endless av-default-height-applied   avia-slideshow-1' data-slideshow-options=\"{&quot;animation&quot;:&quot;slide&quot;,&quot;autoplay&quot;:false,&quot;loop_autoplay&quot;:&quot;once&quot;,&quot;interval&quot;:5,&quot;loop_manual&quot;:&quot;manual-endless&quot;,&quot;autoplay_stopper&quot;:false,&quot;noNavigation&quot;:false,&quot;bg_slider&quot;:false,&quot;keep_padding&quot;:false,&quot;hoverpause&quot;:false,&quot;show_slide_delay&quot;:0}\"  itemprop=\"image\" itemscope=\"itemscope\" itemtype=\"https:\/\/schema.org\/ImageObject\" ><ul class='avia-slideshow-inner ' style='padding-bottom: 28.666666666667%;'><li  class='avia-slideshow-slide av-ldhu019b-1fe284de84705b36e21386b0fa8a7e50__0  slide-1 slide-odd'><div data-rel='slideshow-1' class='avia-slide-wrap '   ><img decoding=\"async\" fetchpriority=\"high\" class=\"wp-image-1856 avia-img-lazy-loading-not-1856\"  src=\"https:\/\/carbon-production.com\/wp-content\/uploads\/Konstruktion-Banner.jpg\" width=\"1500\" height=\"430\" title='Konstruktion Banner' alt='Konstruktionszeichnung Carbon Teile'  itemprop=\"thumbnailUrl\" srcset=\"https:\/\/carbon-production.com\/wp-content\/uploads\/Konstruktion-Banner.jpg 1500w, https:\/\/carbon-production.com\/wp-content\/uploads\/Konstruktion-Banner-300x86.jpg 300w, https:\/\/carbon-production.com\/wp-content\/uploads\/Konstruktion-Banner-1030x295.jpg 1030w, https:\/\/carbon-production.com\/wp-content\/uploads\/Konstruktion-Banner-768x220.jpg 768w, https:\/\/carbon-production.com\/wp-content\/uploads\/Konstruktion-Banner-705x202.jpg 705w\" sizes=\"(max-width: 1500px) 100vw, 1500px\" \/><\/div><\/li><li  class='avia-slideshow-slide av-ldhu019b-1fe284de84705b36e21386b0fa8a7e50__1  slide-2 slide-even'><div data-rel='slideshow-1' class='avia-slide-wrap '   ><img decoding=\"async\" fetchpriority=\"high\" class=\"wp-image-1857 avia-img-lazy-loading-not-1857\"  src=\"https:\/\/carbon-production.com\/wp-content\/uploads\/Konstruktion-CP-Banner.jpg\" width=\"1500\" height=\"430\" title='Konstruktion CP Banner' alt='Konstruktionszeichnung Carbon Teile'  itemprop=\"thumbnailUrl\" srcset=\"https:\/\/carbon-production.com\/wp-content\/uploads\/Konstruktion-CP-Banner.jpg 1500w, https:\/\/carbon-production.com\/wp-content\/uploads\/Konstruktion-CP-Banner-300x86.jpg 300w, https:\/\/carbon-production.com\/wp-content\/uploads\/Konstruktion-CP-Banner-1030x295.jpg 1030w, https:\/\/carbon-production.com\/wp-content\/uploads\/Konstruktion-CP-Banner-768x220.jpg 768w, https:\/\/carbon-production.com\/wp-content\/uploads\/Konstruktion-CP-Banner-705x202.jpg 705w\" sizes=\"(max-width: 1500px) 100vw, 1500px\" \/><\/div><\/li><\/ul><div class='avia-slideshow-arrows avia-slideshow-controls' ><a href='#prev' class='prev-slide  avia-svg-icon avia-font-svg_entypo-fontello' data-av_svg_icon='left-open-big' data-av_iconset='svg_entypo-fontello' tabindex='-1' title=\"Pr\u00e9c\u00e9dent\"><svg version=\"1.1\" xmlns=\"http:\/\/www.w3.org\/2000\/svg\" width=\"15\" height=\"32\" viewBox=\"0 0 15 32\" preserveAspectRatio=\"xMidYMid meet\" aria-labelledby='av-svg-title-1' aria-describedby='av-svg-desc-1' role=\"graphics-symbol\" aria-hidden=\"true\">\n<title id='av-svg-title-1'>Pr\u00e9c\u00e9dent<\/title>\n<desc id='av-svg-desc-1'>Pr\u00e9c\u00e9dent<\/desc>\n<path d=\"M14.464 27.84q0.832 0.832 0 1.536-0.832 0.832-1.536 0l-12.544-12.608q-0.768-0.768 0-1.6l12.544-12.608q0.704-0.832 1.536 0 0.832 0.704 0 1.536l-11.456 11.904z\"><\/path>\n<\/svg><span class='avia_hidden_link_text'>Pr\u00e9c\u00e9dent<\/span><\/a><a href='#next' class='next-slide  avia-svg-icon avia-font-svg_entypo-fontello' data-av_svg_icon='right-open-big' data-av_iconset='svg_entypo-fontello' tabindex='-1' title=\"Suivant\"><svg version=\"1.1\" xmlns=\"http:\/\/www.w3.org\/2000\/svg\" width=\"15\" height=\"32\" viewBox=\"0 0 15 32\" preserveAspectRatio=\"xMidYMid meet\" aria-labelledby='av-svg-title-2' aria-describedby='av-svg-desc-2' role=\"graphics-symbol\" aria-hidden=\"true\">\n<title id='av-svg-title-2'>Suivant<\/title>\n<desc id='av-svg-desc-2'>Suivant<\/desc>\n<path d=\"M0.416 27.84l11.456-11.84-11.456-11.904q-0.832-0.832 0-1.536 0.832-0.832 1.536 0l12.544 12.608q0.768 0.832 0 1.6l-12.544 12.608q-0.704 0.832-1.536 0-0.832-0.704 0-1.536z\"><\/path>\n<\/svg><span class='avia_hidden_link_text'>Suivant<\/span><\/a><\/div><div class='avia-slideshow-dots avia-slideshow-controls'><a href='#1' class='goto-slide active' >1<\/a><a href='#2' class='goto-slide ' >2<\/a><\/div><\/div><\/div><div id='after_full_slider_1'  class='main_color av_default_container_wrap container_wrap fullsize'  ><div class='container av-section-cont-open' ><div class='template-page content  av-content-full alpha units'><div class='post-entry post-entry-type-page post-entry-1855'><div class='entry-content-wrapper clearfix'>\n<div  class='flex_column av-xz30-e0e77e5668c4e0e77aabc00ae32c8a8c av_one_full  avia-builder-el-1  el_after_av_slideshow_full  el_before_av_one_full  avia-builder-el-first  first flex_column_div  '     ><style type=\"text\/css\" data-created_by=\"avia_inline_auto\" id=\"style-css-av-lao4x9gh-417d8f2120ab4ff284a7928d36cb5fd3\">\n#top .av-special-heading.av-lao4x9gh-417d8f2120ab4ff284a7928d36cb5fd3{\npadding-bottom:10px;\n}\nbody .av-special-heading.av-lao4x9gh-417d8f2120ab4ff284a7928d36cb5fd3 .av-special-heading-tag .heading-char{\nfont-size:25px;\n}\n.av-special-heading.av-lao4x9gh-417d8f2120ab4ff284a7928d36cb5fd3 .av-subheading{\nfont-size:15px;\n}\n<\/style>\n<div  class='av-special-heading av-lao4x9gh-417d8f2120ab4ff284a7928d36cb5fd3 av-special-heading-h1 blockquote elegant-quote elegant-centered  avia-builder-el-2  avia-builder-el-no-sibling '><h1 class='av-special-heading-tag '  itemprop=\"headline\"  ><span class=\"heading-wrap\">Construction<\/span><\/h1><div class='av-subheading av-subheading_below'><p>Au d\u00e9part, il y a l&rsquo;id\u00e9e<\/p>\n<\/div><div class=\"special-heading-border\"><div class=\"special-heading-inner-border\"><\/div><\/div><\/div><\/div>\n<div  class='flex_column av-bl17g-6dc835b700a16069556094ecbd491701 av_one_full  avia-builder-el-3  el_after_av_one_full  el_before_av_one_full  first flex_column_div  column-top-margin'     ><p>\n<style type=\"text\/css\" data-created_by=\"avia_inline_auto\" id=\"style-css-av-lao6h7xe-23bfab65f6493d73b0c31e59d5792a64\">\n#top .av-special-heading.av-lao6h7xe-23bfab65f6493d73b0c31e59d5792a64{\npadding-bottom:10px;\n}\nbody .av-special-heading.av-lao6h7xe-23bfab65f6493d73b0c31e59d5792a64 .av-special-heading-tag .heading-char{\nfont-size:25px;\n}\n.av-special-heading.av-lao6h7xe-23bfab65f6493d73b0c31e59d5792a64 .av-subheading{\nfont-size:15px;\n}\n<\/style>\n<div  class='av-special-heading av-lao6h7xe-23bfab65f6493d73b0c31e59d5792a64 av-special-heading-h2 blockquote modern-quote  avia-builder-el-4  el_before_av_textblock  avia-builder-el-first '><h2 class='av-special-heading-tag '  itemprop=\"headline\"  >Chez nous, l\u2019id\u00e9e de votre pi\u00e8ce prend forme !  <\/h2><div class=\"special-heading-border\"><div class=\"special-heading-inner-border\"><\/div><\/div><\/div><br \/>\n<section  class='av_textblock_section av-lao6lhb0-81260a9e5bc9b7e5b2402389140df345 '   itemscope=\"itemscope\" itemtype=\"https:\/\/schema.org\/CreativeWork\" ><div class='avia_textblock'  itemprop=\"text\" ><p><span data-contrast=\"auto\">Nous n&rsquo;attendons pas de nos clients qu&rsquo;ils fassent des plans. Vous avez une id\u00e9e ? Nous la mettons en \u0153uvre. Nous nous occupons de la conception de votre pi\u00e8ce en fonction des fibres et nous cr\u00e9ons des plans de construction pr\u00e9cis.     <\/span><span data-ccp-props=\"{\"> <\/span><\/p>\n<\/div><\/section><\/p><\/div>\n<div  class='flex_column av-bghmk-585c1cf2b51459ea4eae7b1c58ca5370 av_one_full  avia-builder-el-6  el_after_av_one_full  el_before_av_one_half  first flex_column_div  column-top-margin'     ><style type=\"text\/css\" data-created_by=\"avia_inline_auto\" id=\"style-css-sub-av-ldcwtl9b-14b69b8b062083615a34370df0000836\">\n.avia-timeline-container .av-milestone.av-ldcwtj69-52c6be5b13ddf0ed4db1f844b3cbe724 .av-milestone-icon-inner{\nbackground-color:#f05a1a;\n}\n.avia-timeline-container .av-milestone.av-ldcwtj69-52c6be5b13ddf0ed4db1f844b3cbe724 .av-milestone-indicator{\nbackground-color:#f05a1a;\n}\n.avia-timeline-container .av-milestone.av-ldcwtj69-52c6be5b13ddf0ed4db1f844b3cbe724 .av-milestone-article-footer{\nbackground-color:#f05a1a;\n}\n.avia-timeline-container .av-milestone.av-ldcwubzj-2bf0889ded12d11c0bd9cdc0819233ad .av-milestone-icon-inner{\nbackground-color:#f05a1a;\n}\n.avia-timeline-container .av-milestone.av-ldcwubzj-2bf0889ded12d11c0bd9cdc0819233ad .av-milestone-indicator{\nbackground-color:#f05a1a;\n}\n.avia-timeline-container .av-milestone.av-ldcwubzj-2bf0889ded12d11c0bd9cdc0819233ad .av-milestone-article-footer{\nbackground-color:#f05a1a;\n}\n.avia-timeline-container .av-milestone.av-ldcwv6n9-f30a40ba557836b6de3444b928c74764 .av-milestone-icon-inner{\nbackground-color:#f05a1a;\n}\n.avia-timeline-container .av-milestone.av-ldcwv6n9-f30a40ba557836b6de3444b928c74764 .av-milestone-indicator{\nbackground-color:#f05a1a;\n}\n.avia-timeline-container .av-milestone.av-ldcwv6n9-f30a40ba557836b6de3444b928c74764 .av-milestone-article-footer{\nbackground-color:#f05a1a;\n}\n.avia-timeline-container .av-milestone.av-ldcwv6n9-2-550d1c869c47c5e441a8ad52fb445c1e .av-milestone-icon-inner{\nbackground-color:#f05a1a;\n}\n.avia-timeline-container .av-milestone.av-ldcwv6n9-2-550d1c869c47c5e441a8ad52fb445c1e .av-milestone-indicator{\nbackground-color:#f05a1a;\n}\n.avia-timeline-container .av-milestone.av-ldcwv6n9-2-550d1c869c47c5e441a8ad52fb445c1e .av-milestone-article-footer{\nbackground-color:#f05a1a;\n}\n<\/style>\n<div  id=\"avia-timeline-1\"  class='avia-timeline-container av-ldcwtl9b-14b69b8b062083615a34370df0000836 av-slideshow-ui  avia-builder-el-7  avia-builder-el-no-sibling ' ><ul class='avia-timeline avia-timeline-vertical av-milestone-placement-alternate avia-timeline-boxshadow avia_animate_when_almost_visible avia-timeline-animate'>\n<li  class='av-milestone av-ldcwtj69-52c6be5b13ddf0ed4db1f844b3cbe724 av-animated-generic fade-in av-milestone-valign-baseline av-milestone-odd'><h2 class='av-milestone-date ' id='milestone-etape-1' ><strong>\u00c9tape 1<span class='av-milestone-indicator'><\/span><\/strong><\/h2><div class=\"av-milestone-icon-wrap\"><span class='av-milestone-icon milestone_icon avia-font-entypo-fontello'><span class='av-milestone-icon-inner milestone_inner'><i class='milestone-char avia-iconfont avia-font-entypo-fontello' data-av_icon='' data-av_iconfont='entypo-fontello' ><\/i><\/span><\/span><\/div><article class='av-milestone-content-wrap'><div class='av-milestone-contentbox'><header class=\"entry-content-header\" aria-label=\"\u00c9tape : L&#039;id\u00e9e\"><h4 class='av-milestone-title '>L&#039;id\u00e9e<\/h4><\/header><div class='av-milestone-content'><p>La premi\u00e8re \u00e9tape consiste \u00e0 parler de votre id\u00e9e. Avez-vous d\u00e9j\u00e0 une id\u00e9e pr\u00e9cise de la pi\u00e8ce en fibre composite que vous souhaitez que nous r\u00e9alisions ? Avez-vous d\u00e9j\u00e0 quelque chose de pr\u00e9cis en t\u00eate ou souhaitez-vous que nous vous pr\u00e9sentions une solution possible ?<\/p>\n<\/div><\/div><footer class='av-milestone-article-footer entry-footer'><\/footer><\/article><\/li>\n<li  class='av-milestone av-ldcwubzj-2bf0889ded12d11c0bd9cdc0819233ad av-animated-generic fade-in av-milestone-valign-baseline av-milestone-even'><article class='av-milestone-content-wrap'><div class='av-milestone-contentbox'><header class=\"entry-content-header\" aria-label=\"\u00c9tape : Mise en \u0153uvre et questions de mat\u00e9riel\"><h4 class='av-milestone-title '>Mise en \u0153uvre et questions de mat\u00e9riel<\/h4><\/header><div class='av-milestone-content'><p>Une fois la question de l&rsquo;id\u00e9e r\u00e9solue, nous r\u00e9fl\u00e9chissons \u00e0 sa r\u00e9alisation. Quelle forme doit avoir la pi\u00e8ce et quel type de mat\u00e9riau composite est le mieux adapt\u00e9 \u00e0 sa r\u00e9alisation ?<\/p>\n<\/div><\/div><footer class='av-milestone-article-footer entry-footer'><\/footer><\/article><div class=\"av-milestone-icon-wrap\"><span class='av-milestone-icon milestone_icon avia-font-entypo-fontello'><span class='av-milestone-icon-inner milestone_inner'><i class='milestone-char avia-iconfont avia-font-entypo-fontello' data-av_icon='' data-av_iconfont='entypo-fontello' ><\/i><\/span><\/span><\/div><h2 class='av-milestone-date ' id='milestone-etape-2' ><strong>\u00c9tape 2  <span class='av-milestone-indicator'><\/span><\/strong><\/h2><\/li>\n<li  class='av-milestone av-ldcwv6n9-f30a40ba557836b6de3444b928c74764 av-animated-generic fade-in av-milestone-valign-baseline av-milestone-odd'><h2 class='av-milestone-date ' id='milestone-etape-3' ><strong>\u00c9tape 3<span class='av-milestone-indicator'><\/span><\/strong><\/h2><div class=\"av-milestone-icon-wrap\"><span class='av-milestone-icon milestone_icon avia-font-entypo-fontello'><span class='av-milestone-icon-inner milestone_inner'><i class='milestone-char avia-iconfont avia-font-entypo-fontello' data-av_icon='' data-av_iconfont='entypo-fontello' ><\/i><\/span><\/span><\/div><article class='av-milestone-content-wrap'><div class='av-milestone-contentbox'><header class=\"entry-content-header\" aria-label=\"\u00c9tape : Dessin et donn\u00e9es CAO\"><h4 class='av-milestone-title '>Dessin et donn\u00e9es CAO<\/h4><\/header><div class='av-milestone-content'><p>Au cours de cette \u00e9tape, nous cr\u00e9ons un premier concept pour la conception de la pi\u00e8ce. Cela signifie que nous r\u00e9alisons une mise en plan et cr\u00e9ons des donn\u00e9es CAO avec Solid Works.<\/p>\n<\/div><\/div><footer class='av-milestone-article-footer entry-footer'><\/footer><\/article><\/li>\n<li  class='av-milestone av-ldcwv6n9-2-550d1c869c47c5e441a8ad52fb445c1e av-animated-generic fade-in av-milestone-valign-baseline av-milestone-even'><article class='av-milestone-content-wrap'><div class='av-milestone-contentbox'><header class=\"entry-content-header\" aria-label=\"\u00c9tape : Impression 3D et v\u00e9rification\"><h4 class='av-milestone-title '>Impression 3D et v\u00e9rification<\/h4><\/header><div class='av-milestone-content'><p>La quatri\u00e8me \u00e9tape consiste en une impression 3D du mod\u00e8le. Nous v\u00e9rifions alors l&rsquo;exactitude de notre concept et identifions les \u00e9ventuelles modifications n\u00e9cessaires.<\/p>\n<\/div><\/div><footer class='av-milestone-article-footer entry-footer'><\/footer><\/article><div class=\"av-milestone-icon-wrap\"><span class='av-milestone-icon milestone_icon avia-font-entypo-fontello'><span class='av-milestone-icon-inner milestone_inner'><i class='milestone-char avia-iconfont avia-font-entypo-fontello' data-av_icon='' data-av_iconfont='entypo-fontello' ><\/i><\/span><\/span><\/div><h2 class='av-milestone-date ' id='milestone-etape-4' ><strong>\u00c9tape 4<span class='av-milestone-indicator'><\/span><\/strong><\/h2><\/li>\n<\/ul><\/div><\/div>\n<div  class='flex_column av-1bl5p8-121749add9b288dd48f2635b6df417b5 av_one_half  avia-builder-el-8  el_after_av_one_full  el_before_av_one_half  first flex_column_div  column-top-margin'     ><p>\n<style type=\"text\/css\" data-created_by=\"avia_inline_auto\" id=\"style-css-av-lbsg796e-85cc93d951946354ff93ff3d046e935a\">\n#top .av-special-heading.av-lbsg796e-85cc93d951946354ff93ff3d046e935a{\npadding-bottom:10px;\n}\nbody .av-special-heading.av-lbsg796e-85cc93d951946354ff93ff3d046e935a .av-special-heading-tag .heading-char{\nfont-size:25px;\n}\n.av-special-heading.av-lbsg796e-85cc93d951946354ff93ff3d046e935a .av-subheading{\nfont-size:15px;\n}\n<\/style>\n<div  class='av-special-heading av-lbsg796e-85cc93d951946354ff93ff3d046e935a av-special-heading-h2 blockquote modern-quote  avia-builder-el-9  el_before_av_textblock  avia-builder-el-first '><h2 class='av-special-heading-tag '  itemprop=\"headline\"  >Vous avez une id\u00e9e ?<\/h2><div class='av-subheading av-subheading_below'><p>Nous vous aidons \u00e0 les mettre en \u0153uvre !<\/p>\n<\/div><div class=\"special-heading-border\"><div class=\"special-heading-inner-border\"><\/div><\/div><\/div><br \/>\n<section  class='av_textblock_section av-lbsga2v1-fce5b98fd64e369e351d98622caf6d0c '   itemscope=\"itemscope\" itemtype=\"https:\/\/schema.org\/CreativeWork\" ><div class='avia_textblock'  itemprop=\"text\" ><p>Que vous ayez d\u00e9j\u00e0 une id\u00e9e fixe ou seulement une id\u00e9e g\u00e9n\u00e9rale, nous vous aiderons \u00e0 concevoir le composant ad\u00e9quat. N&rsquo;h\u00e9sitez pas \u00e0 nous appeler<strong> au 07431 9571743<\/strong> ou \u00e0 nous envoyer un message via notre formulaire de contact !<\/p>\n<\/div><\/section><br \/>\n\n<style type=\"text\/css\" data-created_by=\"avia_inline_auto\" id=\"style-css-av-ea8fo-cc9b0432ae13b59f072fd1f7d0cb2cf4\">\n.avia-image-container.av-ea8fo-cc9b0432ae13b59f072fd1f7d0cb2cf4 img.avia_image{\nbox-shadow:none;\n}\n.avia-image-container.av-ea8fo-cc9b0432ae13b59f072fd1f7d0cb2cf4 .av-image-caption-overlay-center{\ncolor:#ffffff;\n}\n<\/style>\n<div  class='avia-image-container av-ea8fo-cc9b0432ae13b59f072fd1f7d0cb2cf4 av-styling- avia-align-center  avia-builder-el-11  el_after_av_textblock  avia-builder-el-last '   itemprop=\"image\" itemscope=\"itemscope\" itemtype=\"https:\/\/schema.org\/ImageObject\" ><div class=\"avia-image-container-inner\"><div class=\"avia-image-overlay-wrap\"><img decoding=\"async\" fetchpriority=\"high\" class='wp-image-1854 avia-img-lazy-loading-not-1854 avia_image ' src=\"https:\/\/carbon-production.com\/wp-content\/uploads\/Carbon-Idee.jpg\" alt='' title='Id\u00e9e carbone'  height=\"350\" width=\"500\"  itemprop=\"thumbnailUrl\" srcset=\"https:\/\/carbon-production.com\/wp-content\/uploads\/Carbon-Idee.jpg 500w, https:\/\/carbon-production.com\/wp-content\/uploads\/Carbon-Idee-300x210.jpg 300w\" sizes=\"(max-width: 500px) 100vw, 500px\" \/><\/div><\/div><\/div><\/p><\/div>\n<div  class='flex_column av-12qj0s-4931630845b99acbb7b75cadbff5b338 av_one_half  avia-builder-el-12  el_after_av_one_half  avia-builder-el-last  flex_column_div  column-top-margin'     ><section  class='av_textblock_section av-m4naax1s-6409c6ae802506e421c350c210993741 '   itemscope=\"itemscope\" itemtype=\"https:\/\/schema.org\/CreativeWork\" ><div class='avia_textblock'  itemprop=\"text\" ><p class=\"wpcf7-contact-form-not-found\"><strong>Erreur\u00a0:<\/strong> Formulaire de contact non trouv\u00e9\u00a0!<\/p>\n<\/div><\/section><\/div>\n","protected":false},"excerpt":{"rendered":"","protected":false},"author":1,"featured_media":0,"parent":0,"menu_order":0,"comment_status":"closed","ping_status":"closed","template":"","meta":{"footnotes":""},"class_list":["post-1855","page","type-page","status-publish","hentry"],"_links":{"self":[{"href":"https:\/\/carbon-production.com\/fr\/wp-json\/wp\/v2\/pages\/1855","targetHints":{"allow":["GET"]}}],"collection":[{"href":"https:\/\/carbon-production.com\/fr\/wp-json\/wp\/v2\/pages"}],"about":[{"href":"https:\/\/carbon-production.com\/fr\/wp-json\/wp\/v2\/types\/page"}],"author":[{"embeddable":true,"href":"https:\/\/carbon-production.com\/fr\/wp-json\/wp\/v2\/users\/1"}],"replies":[{"embeddable":true,"href":"https:\/\/carbon-production.com\/fr\/wp-json\/wp\/v2\/comments?post=1855"}],"version-history":[{"count":3,"href":"https:\/\/carbon-production.com\/fr\/wp-json\/wp\/v2\/pages\/1855\/revisions"}],"predecessor-version":[{"id":1861,"href":"https:\/\/carbon-production.com\/fr\/wp-json\/wp\/v2\/pages\/1855\/revisions\/1861"}],"wp:attachment":[{"href":"https:\/\/carbon-production.com\/fr\/wp-json\/wp\/v2\/media?parent=1855"}],"curies":[{"name":"wp","href":"https:\/\/api.w.org\/{rel}","templated":true}]}}