{"id":1825,"date":"2022-11-22T13:24:48","date_gmt":"2022-11-22T13:24:48","guid":{"rendered":"https:\/\/carbon-production.com\/executions-speciales\/"},"modified":"2026-01-06T20:39:56","modified_gmt":"2026-01-06T20:39:56","slug":"executions-speciales","status":"publish","type":"page","link":"https:\/\/carbon-production.com\/fr\/executions-speciales\/","title":{"rendered":"Ex\u00e9cutions sp\u00e9ciales"},"content":{"rendered":"<div id='full_slider_1'  class='avia-fullwidth-slider main_color avia-shadow   avia-builder-el-0  el_before_av_one_full  avia-builder-el-first   container_wrap fullsize'  ><\/div><div id='after_full_slider_1'  class='main_color av_default_container_wrap container_wrap fullsize'  ><div class='container av-section-cont-open' ><div class='template-page content  av-content-full alpha units'><div class='post-entry post-entry-type-page post-entry-1825'><div class='entry-content-wrapper clearfix'>\n<div  class='flex_column av-8vii7-f837cdc5e0818e725b23ee7271c11b1f av_one_full  avia-builder-el-1  el_after_av_slideshow_full  el_before_av_section  avia-builder-el-no-sibling  first flex_column_div  '     ><p>\n<style type=\"text\/css\" data-created_by=\"avia_inline_auto\" id=\"style-css-av-lc87yps7-47a3321616d2b3bef661ea0cf930eedf\">\n#top .av-special-heading.av-lc87yps7-47a3321616d2b3bef661ea0cf930eedf{\npadding-bottom:10px;\n}\nbody .av-special-heading.av-lc87yps7-47a3321616d2b3bef661ea0cf930eedf .av-special-heading-tag .heading-char{\nfont-size:25px;\n}\n.av-special-heading.av-lc87yps7-47a3321616d2b3bef661ea0cf930eedf .av-subheading{\nfont-size:15px;\n}\n<\/style>\n<div  class='av-special-heading av-lc87yps7-47a3321616d2b3bef661ea0cf930eedf av-special-heading-h1 blockquote elegant-quote elegant-centered  avia-builder-el-2  el_before_av_textblock  avia-builder-el-first '><h1 class='av-special-heading-tag '  itemprop=\"headline\"  ><span class=\"heading-wrap\">Fabrications sp\u00e9ciales en carbone<\/span><\/h1><div class=\"special-heading-border\"><div class=\"special-heading-inner-border\"><\/div><\/div><\/div><br \/>\n<section  class='av_textblock_section av-lc880fpo-99d2450a28094fa60976a5ff42a34219 '   itemscope=\"itemscope\" itemtype=\"https:\/\/schema.org\/CreativeWork\" ><div class='avia_textblock'  itemprop=\"text\" ><p><span data-contrast=\"auto\">En raison de leurs propri\u00e9t\u00e9s avantageuses, les <\/span><a href=\"https:\/\/carbon-production.com\/fr\/materiaux-composites-a-fibres\/\" target=\"_blank\" rel=\"noopener\"><b><span data-contrast=\"auto\">Les mat\u00e9riaux composites \u00e0 base de fibres<\/span><\/b><\/a><span data-contrast=\"auto\"> sont appr\u00e9ci\u00e9s dans les secteurs les plus divers. Alors que pour le <\/span><a href=\"https:\/\/carbon-production.com\/motorsport\/\" target=\"_blank\" rel=\"noopener\"><b><span data-contrast=\"auto\">Sports m\u00e9caniques<\/span><\/b><\/a><span data-contrast=\"auto\"> et certains <\/span><a href=\"https:\/\/carbon-production.com\/fr\/industrie\/\" target=\"_blank\" rel=\"noopener\"><b><span data-contrast=\"auto\">Industrie<\/span><\/b><\/a><span data-contrast=\"auto\"> nous fabriquons des produits en s\u00e9rie, tandis que d&rsquo;autres clients nous demandent des produits sp\u00e9ciaux en carbone ou en d&rsquo;autres mat\u00e9riaux composites. Bien entendu, nous nous ferons un plaisir de r\u00e9pondre \u00e0 ces commandes passionnantes ! <\/span> <span data-ccp-props=\"{\"> <\/span><\/p>\n<\/div><\/section><\/p><\/div>\n<\/div><\/div><\/div><!-- close content main div --><\/div><\/div>\n<style type=\"text\/css\" data-created_by=\"avia_inline_auto\" id=\"style-css-av-elc87-23d21d736210e63d127014d72195452f\">\n.avia-section.av-elc87-23d21d736210e63d127014d72195452f{\nbackground-color:#808080;\nbackground-image:unset;\n}\n.avia-section.av-elc87-23d21d736210e63d127014d72195452f .av-extra-border-element .av-extra-border-inner{\nbackground-color:#333333;\n}\n<\/style>\n<div id='av_section_1'  class='avia-section av-elc87-23d21d736210e63d127014d72195452f main_color avia-section-default avia-shadow  avia-builder-el-4  el_after_av_one_full  el_before_av_one_half  avia-bg-style-scroll container_wrap fullsize'  ><div class='container av-section-cont-open' ><div class='template-page content  av-content-full alpha units'><div class='post-entry post-entry-type-page post-entry-1825'><div class='entry-content-wrapper clearfix'>\n<div  class='flex_column av-9278v-9abe606f7bcae1fc47d0eced29bf354a av_one_full  avia-builder-el-5  avia-builder-el-no-sibling  first flex_column_div  '     ><p>\n<style type=\"text\/css\" data-created_by=\"avia_inline_auto\" id=\"style-css-av-lduq2vzk-4ad269ae7ba3b6586483ca2965850c7d\">\n#top .av-special-heading.av-lduq2vzk-4ad269ae7ba3b6586483ca2965850c7d{\npadding-bottom:10px;\ncolor:#ffffff;\n}\nbody .av-special-heading.av-lduq2vzk-4ad269ae7ba3b6586483ca2965850c7d .av-special-heading-tag .heading-char{\nfont-size:25px;\n}\n.av-special-heading.av-lduq2vzk-4ad269ae7ba3b6586483ca2965850c7d .special-heading-inner-border{\nborder-color:#ffffff;\n}\n.av-special-heading.av-lduq2vzk-4ad269ae7ba3b6586483ca2965850c7d .av-subheading{\nfont-size:15px;\n}\nbody .av-special-heading.av-lduq2vzk-4ad269ae7ba3b6586483ca2965850c7d .av-special-heading-tag .heading-wrap:before{\nborder-color:#ffffff;\n}\nbody .av-special-heading.av-lduq2vzk-4ad269ae7ba3b6586483ca2965850c7d .av-special-heading-tag .heading-wrap:after{\nborder-color:#ffffff;\n}\n<\/style>\n<div  class='av-special-heading av-lduq2vzk-4ad269ae7ba3b6586483ca2965850c7d av-special-heading-h2 custom-color-heading  avia-builder-el-6  el_before_av_textblock  avia-builder-el-first '><h2 class='av-special-heading-tag '  itemprop=\"headline\"  >Fibres composites &#8211; un mat\u00e9riau particulier pour des produits particuliers<\/h2><div class=\"special-heading-border\"><div class=\"special-heading-inner-border\"><\/div><\/div><\/div><br \/>\n\n<style type=\"text\/css\" data-created_by=\"avia_inline_auto\" id=\"style-css-av-lduq43as-a82cf54bdedc236d91978788d88ba7c6\">\n#top .av_textblock_section.av-lduq43as-a82cf54bdedc236d91978788d88ba7c6 .avia_textblock{\ncolor:#ffffff;\n}\n<\/style>\n<section  class='av_textblock_section av-lduq43as-a82cf54bdedc236d91978788d88ba7c6 '   itemscope=\"itemscope\" itemtype=\"https:\/\/schema.org\/CreativeWork\" ><div class='avia_textblock av_inherit_color'  itemprop=\"text\" ><p><span data-contrast=\"auto\">Voici un petit aper\u00e7u des fabrications sp\u00e9ciales que nous avons d\u00e9j\u00e0 r\u00e9alis\u00e9es en tant que fabricant de PRFC et de PRV :<br \/>\n<\/span><\/p>\n<\/div><\/section><br \/>\n\n<style type=\"text\/css\" data-created_by=\"avia_inline_auto\" id=\"style-css-av-ldupm0se-afaad464cdbd328a70fc46aeb0f26ecd\">\n#top .avia-gallery.av-ldupm0se-afaad464cdbd328a70fc46aeb0f26ecd .avia-gallery-thumb a{\nwidth:25%;\n}\n<\/style>\n<div  class='avia-gallery av-ldupm0se-afaad464cdbd328a70fc46aeb0f26ecd avia_animate_when_visible  avia-builder-el-8  el_after_av_textblock  avia-builder-el-last  avia_lazyload avia-gallery-animate avia-gallery-1'  itemprop=\"image\" itemscope=\"itemscope\" itemtype=\"https:\/\/schema.org\/ImageObject\" ><meta itemprop=\"contentURL\" content=\"https:\/\/carbon-production.com\/fr\/executions-speciales\/\"><div class='avia-gallery-thumb'><a href=\"https:\/\/carbon-production.com\/wp-content\/uploads\/Carbon-Sonderanfertigung-2.jpg\" data-srcset=\"https:\/\/carbon-production.com\/wp-content\/uploads\/Carbon-Sonderanfertigung-2.jpg 700w, https:\/\/carbon-production.com\/wp-content\/uploads\/Carbon-Sonderanfertigung-2-300x214.jpg 300w, https:\/\/carbon-production.com\/wp-content\/uploads\/Carbon-Sonderanfertigung-2-260x185.jpg 260w\" data-sizes=\"(max-width: 700px) 100vw, 700px\" data-rel='gallery-1' data-prev-img='https:\/\/carbon-production.com\/wp-content\/uploads\/Carbon-Sonderanfertigung-2-495x400.jpg' class='first_thumb lightbox ' data-onclick='1' title='Fabrication sp\u00e9ciale en carbone'  itemprop=\"thumbnailUrl\"  ><img decoding=\"async\" fetchpriority=\"high\" class=\"wp-image-1540 avia-img-lazy-loading-not-1540\"  data-avia-tooltip='Fabrication sp\u00e9ciale en carbone' src=\"https:\/\/carbon-production.com\/wp-content\/uploads\/Carbon-Sonderanfertigung-2-495x400.jpg\" width=\"495\" height=\"400\"  title='Carbone sur mesure 2' alt='Bo\u00eetier du goulot de remplissage du r\u00e9servoir en carbone' \/><div class='big-prev-fake'><img decoding=\"async\" loading=\"lazy\" class=\"wp-image-1540 avia-img-lazy-loading-1540\"  width=\"495\" height=\"400\" src=\"https:\/\/carbon-production.com\/wp-content\/uploads\/Carbon-Sonderanfertigung-2-495x400.jpg\" title='Carbone sur mesure 2' alt='Bo\u00eetier du goulot de remplissage du r\u00e9servoir en carbone' \/><\/div><\/a><a href=\"https:\/\/carbon-production.com\/wp-content\/uploads\/Carbon-Sonderanfertigung-3.jpg\" data-srcset=\"https:\/\/carbon-production.com\/wp-content\/uploads\/Carbon-Sonderanfertigung-3.jpg 700w, https:\/\/carbon-production.com\/wp-content\/uploads\/Carbon-Sonderanfertigung-3-300x214.jpg 300w, https:\/\/carbon-production.com\/wp-content\/uploads\/Carbon-Sonderanfertigung-3-260x185.jpg 260w\" data-sizes=\"(max-width: 700px) 100vw, 700px\" data-rel='gallery-1' data-prev-img='https:\/\/carbon-production.com\/wp-content\/uploads\/Carbon-Sonderanfertigung-3-495x400.jpg' class='lightbox ' data-onclick='2' title='Carbone sur mesure 3'  itemprop=\"thumbnailUrl\"  ><img decoding=\"async\" fetchpriority=\"high\" class=\"wp-image-1818 avia-img-lazy-loading-not-1818\"   src=\"https:\/\/carbon-production.com\/wp-content\/uploads\/Carbon-Sonderanfertigung-3-495x400.jpg\" width=\"495\" height=\"400\"  title='Carbone sur mesure 3' alt='Bo\u00eetier du goulot de remplissage du r\u00e9servoir en carbone' \/><div class='big-prev-fake'><img decoding=\"async\" loading=\"lazy\" class=\"wp-image-1818 avia-img-lazy-loading-1818\"  width=\"495\" height=\"400\" src=\"https:\/\/carbon-production.com\/wp-content\/uploads\/Carbon-Sonderanfertigung-3-495x400.jpg\" title='Carbone sur mesure 3' alt='Bo\u00eetier du goulot de remplissage du r\u00e9servoir en carbone' \/><\/div><\/a><a href=\"https:\/\/carbon-production.com\/wp-content\/uploads\/Carbon-Sonderanfertigung-4.jpg\" data-srcset=\"https:\/\/carbon-production.com\/wp-content\/uploads\/Carbon-Sonderanfertigung-4.jpg 700w, https:\/\/carbon-production.com\/wp-content\/uploads\/Carbon-Sonderanfertigung-4-300x214.jpg 300w, https:\/\/carbon-production.com\/wp-content\/uploads\/Carbon-Sonderanfertigung-4-260x185.jpg 260w\" data-sizes=\"(max-width: 700px) 100vw, 700px\" data-rel='gallery-1' data-prev-img='https:\/\/carbon-production.com\/wp-content\/uploads\/Carbon-Sonderanfertigung-4-495x400.jpg' class='lightbox ' data-onclick='3' title='Carbone sur mesure 4'  itemprop=\"thumbnailUrl\"  ><img decoding=\"async\" fetchpriority=\"high\" class=\"wp-image-1819 avia-img-lazy-loading-not-1819\"   src=\"https:\/\/carbon-production.com\/wp-content\/uploads\/Carbon-Sonderanfertigung-4-495x400.jpg\" width=\"495\" height=\"400\"  title='Carbone sur mesure 4' alt='Bo\u00eetier du goulot de remplissage du r\u00e9servoir en carbone' \/><div class='big-prev-fake'><img decoding=\"async\" loading=\"lazy\" class=\"wp-image-1819 avia-img-lazy-loading-1819\"  width=\"495\" height=\"400\" src=\"https:\/\/carbon-production.com\/wp-content\/uploads\/Carbon-Sonderanfertigung-4-495x400.jpg\" title='Carbone sur mesure 4' alt='Bo\u00eetier du goulot de remplissage du r\u00e9servoir en carbone' \/><\/div><\/a><a href=\"https:\/\/carbon-production.com\/wp-content\/uploads\/Carbon-Sonderanfertigung-5.jpg\" data-srcset=\"https:\/\/carbon-production.com\/wp-content\/uploads\/Carbon-Sonderanfertigung-5.jpg 700w, https:\/\/carbon-production.com\/wp-content\/uploads\/Carbon-Sonderanfertigung-5-300x214.jpg 300w, https:\/\/carbon-production.com\/wp-content\/uploads\/Carbon-Sonderanfertigung-5-260x185.jpg 260w\" data-sizes=\"(max-width: 700px) 100vw, 700px\" data-rel='gallery-1' data-prev-img='https:\/\/carbon-production.com\/wp-content\/uploads\/Carbon-Sonderanfertigung-5-495x400.jpg' class='lightbox ' data-onclick='4' title='Carbone sur mesure 5'  itemprop=\"thumbnailUrl\"  ><img decoding=\"async\" fetchpriority=\"high\" class=\"wp-image-1820 avia-img-lazy-loading-not-1820\"   src=\"https:\/\/carbon-production.com\/wp-content\/uploads\/Carbon-Sonderanfertigung-5-495x400.jpg\" width=\"495\" height=\"400\"  title='Carbone sur mesure 5' alt='' \/><div class='big-prev-fake'><img decoding=\"async\" loading=\"lazy\" class=\"wp-image-1820 avia-img-lazy-loading-1820\"  width=\"495\" height=\"400\" src=\"https:\/\/carbon-production.com\/wp-content\/uploads\/Carbon-Sonderanfertigung-5-495x400.jpg\" title='Carbone sur mesure 5' alt='' \/><\/div><\/a><a href=\"https:\/\/carbon-production.com\/wp-content\/uploads\/Carbon-Sonderanfertigung.jpg\" data-srcset=\"https:\/\/carbon-production.com\/wp-content\/uploads\/Carbon-Sonderanfertigung.jpg 700w, https:\/\/carbon-production.com\/wp-content\/uploads\/Carbon-Sonderanfertigung-300x214.jpg 300w, https:\/\/carbon-production.com\/wp-content\/uploads\/Carbon-Sonderanfertigung-260x185.jpg 260w\" data-sizes=\"(max-width: 700px) 100vw, 700px\" data-rel='gallery-1' data-prev-img='https:\/\/carbon-production.com\/wp-content\/uploads\/Carbon-Sonderanfertigung-495x400.jpg' class='first_thumb lightbox ' data-onclick='5' title='Carbone sur mesure'  itemprop=\"thumbnailUrl\"  ><img decoding=\"async\" fetchpriority=\"high\" class=\"wp-image-1821 avia-img-lazy-loading-not-1821\"   src=\"https:\/\/carbon-production.com\/wp-content\/uploads\/Carbon-Sonderanfertigung-495x400.jpg\" width=\"495\" height=\"400\"  title='Carbone sur mesure' alt='Bo\u00eetier du goulot de remplissage du r\u00e9servoir en carbone' \/><div class='big-prev-fake'><img decoding=\"async\" loading=\"lazy\" class=\"wp-image-1821 avia-img-lazy-loading-1821\"  width=\"495\" height=\"400\" src=\"https:\/\/carbon-production.com\/wp-content\/uploads\/Carbon-Sonderanfertigung-495x400.jpg\" title='Carbone sur mesure' alt='Bo\u00eetier du goulot de remplissage du r\u00e9servoir en carbone' \/><\/div><\/a><a href=\"https:\/\/carbon-production.com\/wp-content\/uploads\/Sonderanfertigung-6.jpg\" data-srcset=\"https:\/\/carbon-production.com\/wp-content\/uploads\/Sonderanfertigung-6.jpg 700w, https:\/\/carbon-production.com\/wp-content\/uploads\/Sonderanfertigung-6-300x214.jpg 300w, https:\/\/carbon-production.com\/wp-content\/uploads\/Sonderanfertigung-6-260x185.jpg 260w\" data-sizes=\"(max-width: 700px) 100vw, 700px\" data-rel='gallery-1' data-prev-img='https:\/\/carbon-production.com\/wp-content\/uploads\/Sonderanfertigung-6-495x400.jpg' class='lightbox ' data-onclick='6' title='Fabrication sp\u00e9ciale 6'  itemprop=\"thumbnailUrl\"  ><img decoding=\"async\" fetchpriority=\"high\" class=\"wp-image-1822 avia-img-lazy-loading-not-1822\"   src=\"https:\/\/carbon-production.com\/wp-content\/uploads\/Sonderanfertigung-6-495x400.jpg\" width=\"495\" height=\"400\"  title='Fabrication sp\u00e9ciale 6' alt='' \/><div class='big-prev-fake'><img decoding=\"async\" loading=\"lazy\" class=\"wp-image-1822 avia-img-lazy-loading-1822\"  width=\"495\" height=\"400\" src=\"https:\/\/carbon-production.com\/wp-content\/uploads\/Sonderanfertigung-6-495x400.jpg\" title='Fabrication sp\u00e9ciale 6' alt='' \/><\/div><\/a><a href=\"https:\/\/carbon-production.com\/wp-content\/uploads\/Sonderanfertigung-aus-Carbon.jpg\" data-srcset=\"https:\/\/carbon-production.com\/wp-content\/uploads\/Sonderanfertigung-aus-Carbon.jpg 700w, https:\/\/carbon-production.com\/wp-content\/uploads\/Sonderanfertigung-aus-Carbon-300x214.jpg 300w, https:\/\/carbon-production.com\/wp-content\/uploads\/Sonderanfertigung-aus-Carbon-260x185.jpg 260w\" data-sizes=\"(max-width: 700px) 100vw, 700px\" data-rel='gallery-1' data-prev-img='https:\/\/carbon-production.com\/wp-content\/uploads\/Sonderanfertigung-aus-Carbon-495x400.jpg' class='lightbox ' data-onclick='7' title='Fabrication sp\u00e9ciale en carbone'  itemprop=\"thumbnailUrl\"  ><img decoding=\"async\" fetchpriority=\"high\" class=\"wp-image-1823 avia-img-lazy-loading-not-1823\"   src=\"https:\/\/carbon-production.com\/wp-content\/uploads\/Sonderanfertigung-aus-Carbon-495x400.jpg\" width=\"495\" height=\"400\"  title='Fabrication sp\u00e9ciale en carbone' alt='Contre-plaque en carbone pour le hayon CSL' \/><div class='big-prev-fake'><img decoding=\"async\" loading=\"lazy\" class=\"wp-image-1823 avia-img-lazy-loading-1823\"  width=\"495\" height=\"400\" src=\"https:\/\/carbon-production.com\/wp-content\/uploads\/Sonderanfertigung-aus-Carbon-495x400.jpg\" title='Fabrication sp\u00e9ciale en carbone' alt='Contre-plaque en carbone pour le hayon CSL' \/><\/div><\/a><a href=\"https:\/\/carbon-production.com\/wp-content\/uploads\/Fahrradsattel.jpg\" data-srcset=\"https:\/\/carbon-production.com\/wp-content\/uploads\/Fahrradsattel.jpg 700w, https:\/\/carbon-production.com\/wp-content\/uploads\/Fahrradsattel-300x214.jpg 300w, https:\/\/carbon-production.com\/wp-content\/uploads\/Fahrradsattel-260x185.jpg 260w\" data-sizes=\"(max-width: 700px) 100vw, 700px\" data-rel='gallery-1' data-prev-img='https:\/\/carbon-production.com\/wp-content\/uploads\/Fahrradsattel-495x400.jpg' class='lightbox ' data-onclick='8' title='Selle de v\u00e9lo'  itemprop=\"thumbnailUrl\"  ><img decoding=\"async\" fetchpriority=\"high\" class=\"wp-image-1824 avia-img-lazy-loading-not-1824\"   src=\"https:\/\/carbon-production.com\/wp-content\/uploads\/Fahrradsattel-495x400.jpg\" width=\"495\" height=\"400\"  title='Selle de v\u00e9lo' alt='Selle de v\u00e9lo sur mesure en carbone' \/><div class='big-prev-fake'><img decoding=\"async\" loading=\"lazy\" class=\"wp-image-1824 avia-img-lazy-loading-1824\"  width=\"495\" height=\"400\" src=\"https:\/\/carbon-production.com\/wp-content\/uploads\/Fahrradsattel-495x400.jpg\" title='Selle de v\u00e9lo' alt='Selle de v\u00e9lo sur mesure en carbone' \/><\/div><\/a><\/div><\/div><\/p><\/div>\n<\/div><\/div><\/div><!-- close content main div --><\/div><div class='av-extra-border-element border-extra-diagonal  '><div class='av-extra-border-outer'><div class='av-extra-border-inner'><\/div><\/div><\/div><\/div><div id='after_section_1'  class='main_color av_default_container_wrap container_wrap fullsize'  ><div class='container av-section-cont-open' ><div class='template-page content  av-content-full alpha units'><div class='post-entry post-entry-type-page post-entry-1825'><div class='entry-content-wrapper clearfix'>\n<div  class='flex_column av-1aw973-b0966b1656b74b7205b4ebdfbad27e93 av_one_half  avia-builder-el-9  el_after_av_section  el_before_av_one_half  avia-builder-el-first  first flex_column_div  '     ><p>\n<style type=\"text\/css\" data-created_by=\"avia_inline_auto\" id=\"style-css-av-lduq5y9k-1de0636898275ab061f808bc9841d087\">\n#top .av-special-heading.av-lduq5y9k-1de0636898275ab061f808bc9841d087{\npadding-bottom:10px;\n}\nbody .av-special-heading.av-lduq5y9k-1de0636898275ab061f808bc9841d087 .av-special-heading-tag .heading-char{\nfont-size:25px;\n}\n.av-special-heading.av-lduq5y9k-1de0636898275ab061f808bc9841d087 .av-subheading{\nfont-size:15px;\n}\n<\/style>\n<div  class='av-special-heading av-lduq5y9k-1de0636898275ab061f808bc9841d087 av-special-heading-h2  avia-builder-el-10  el_before_av_textblock  avia-builder-el-first '><h2 class='av-special-heading-tag '  itemprop=\"headline\"  >Vous avez besoin d\u2019un design tr\u00e8s particulier ?  <\/h2><div class=\"special-heading-border\"><div class=\"special-heading-inner-border\"><\/div><\/div><\/div><br \/>\n<section  class='av_textblock_section av-lduqa4hq-63c764943b45075c29b8c91b966df246 '   itemscope=\"itemscope\" itemtype=\"https:\/\/schema.org\/CreativeWork\" ><div class='avia_textblock'  itemprop=\"text\" ><p><span data-contrast=\"auto\">Alors vous avez frapp\u00e9 \u00e0 la bonne porte ! En plus de 10 ans, nous avons con\u00e7u et r\u00e9alis\u00e9 de nombreux produits personnalis\u00e9s pour nos clients. <\/span><span data-ccp-props=\"{\"> <\/span><\/p>\n<p><span data-contrast=\"auto\">Appelez-nous <strong>au 07431 9571743<\/strong> pour une consultation sans engagement ou utilisez notre formulaire de contact ! <\/span> <span data-ccp-props=\"{\"> <\/span><\/p>\n<\/div><\/section><\/p><\/div>\n<div  class='flex_column av-15awqn-042bddeebcc5bea7d4ce022dca9f481e av_one_half  avia-builder-el-12  el_after_av_one_half  avia-builder-el-last  flex_column_div  '     ><section  class='av_textblock_section av-m4na8bmi-7a688d2d68f0fb833622e8d7589f2e39 '   itemscope=\"itemscope\" itemtype=\"https:\/\/schema.org\/CreativeWork\" ><div class='avia_textblock'  itemprop=\"text\" ><p class=\"wpcf7-contact-form-not-found\"><strong>Erreur\u00a0:<\/strong> Formulaire de contact non trouv\u00e9\u00a0!<\/p>\n<\/div><\/section><\/div>\n","protected":false},"excerpt":{"rendered":"","protected":false},"author":1,"featured_media":0,"parent":0,"menu_order":0,"comment_status":"closed","ping_status":"closed","template":"","meta":{"footnotes":""},"class_list":["post-1825","page","type-page","status-publish","hentry"],"_links":{"self":[{"href":"https:\/\/carbon-production.com\/fr\/wp-json\/wp\/v2\/pages\/1825","targetHints":{"allow":["GET"]}}],"collection":[{"href":"https:\/\/carbon-production.com\/fr\/wp-json\/wp\/v2\/pages"}],"about":[{"href":"https:\/\/carbon-production.com\/fr\/wp-json\/wp\/v2\/types\/page"}],"author":[{"embeddable":true,"href":"https:\/\/carbon-production.com\/fr\/wp-json\/wp\/v2\/users\/1"}],"replies":[{"embeddable":true,"href":"https:\/\/carbon-production.com\/fr\/wp-json\/wp\/v2\/comments?post=1825"}],"version-history":[{"count":3,"href":"https:\/\/carbon-production.com\/fr\/wp-json\/wp\/v2\/pages\/1825\/revisions"}],"predecessor-version":[{"id":1835,"href":"https:\/\/carbon-production.com\/fr\/wp-json\/wp\/v2\/pages\/1825\/revisions\/1835"}],"wp:attachment":[{"href":"https:\/\/carbon-production.com\/fr\/wp-json\/wp\/v2\/media?parent=1825"}],"curies":[{"name":"wp","href":"https:\/\/api.w.org\/{rel}","templated":true}]}}