{"id":1656,"date":"2022-07-25T20:39:27","date_gmt":"2022-07-25T20:39:27","guid":{"rendered":"https:\/\/carbon-production.com\/materiaux-composites-a-fibres\/"},"modified":"2026-01-06T13:17:58","modified_gmt":"2026-01-06T13:17:58","slug":"materiaux-composites-a-fibres","status":"publish","type":"page","link":"https:\/\/carbon-production.com\/fr\/materiaux-composites-a-fibres\/","title":{"rendered":"Mat\u00e9riaux composites \u00e0 fibres"},"content":{"rendered":"<div id='full_slider_1'  class='avia-fullwidth-slider main_color avia-shadow   avia-builder-el-0  el_before_av_one_full  avia-builder-el-first   container_wrap fullsize'  ><div  class='avia-slideshow av-l6f6wa7o-a9a3e76831e581ac8f4bde6093069305 avia-slideshow-featured av_slideshow_full avia-slide-slider av-slideshow-ui av-control-default av-slideshow-manual av-loop-once av-loop-manual-endless av-default-height-applied   avia-slideshow-1' data-slideshow-options=\"{&quot;animation&quot;:&quot;slide&quot;,&quot;autoplay&quot;:false,&quot;loop_autoplay&quot;:&quot;once&quot;,&quot;interval&quot;:5,&quot;loop_manual&quot;:&quot;manual-endless&quot;,&quot;autoplay_stopper&quot;:false,&quot;noNavigation&quot;:false,&quot;bg_slider&quot;:false,&quot;keep_padding&quot;:false,&quot;hoverpause&quot;:false,&quot;show_slide_delay&quot;:0}\"  itemprop=\"image\" itemscope=\"itemscope\" itemtype=\"https:\/\/schema.org\/ImageObject\" ><ul class='avia-slideshow-inner ' style='padding-bottom: 28.666666666667%;'><li  class='avia-slideshow-slide av-l6f6wa7o-a9a3e76831e581ac8f4bde6093069305__0  av-single-slide slide-1 slide-odd'><div data-rel='slideshow-1' class='avia-slide-wrap '   ><img decoding=\"async\" fetchpriority=\"high\" class=\"wp-image-1657 avia-img-lazy-loading-not-1657\"  src=\"https:\/\/carbon-production.com\/wp-content\/uploads\/Faserverbundwerkstoffe-Banner.jpg\" width=\"1500\" height=\"430\" title='Faserverbundwerkstoffe Banner' alt='verschiedene Kohlefasergewebe Vergleich'  itemprop=\"thumbnailUrl\" srcset=\"https:\/\/carbon-production.com\/wp-content\/uploads\/Faserverbundwerkstoffe-Banner.jpg 1500w, https:\/\/carbon-production.com\/wp-content\/uploads\/Faserverbundwerkstoffe-Banner-300x86.jpg 300w, https:\/\/carbon-production.com\/wp-content\/uploads\/Faserverbundwerkstoffe-Banner-1030x295.jpg 1030w, https:\/\/carbon-production.com\/wp-content\/uploads\/Faserverbundwerkstoffe-Banner-768x220.jpg 768w, https:\/\/carbon-production.com\/wp-content\/uploads\/Faserverbundwerkstoffe-Banner-705x202.jpg 705w\" sizes=\"(max-width: 1500px) 100vw, 1500px\" \/><\/div><\/li><\/ul><\/div><\/div><div id='after_full_slider_1'  class='main_color av_default_container_wrap container_wrap fullsize'  ><div class='container av-section-cont-open' ><div class='template-page content  av-content-full alpha units'><div class='post-entry post-entry-type-page post-entry-1656'><div class='entry-content-wrapper clearfix'>\n<div  class='flex_column av-30lrnm-f8ee4a9ab7620292fc3275e8da4e3891 av_one_full  avia-builder-el-1  el_after_av_slideshow_full  el_before_av_one_half  avia-builder-el-first  first flex_column_div  '     ><p>\n<style type=\"text\/css\" data-created_by=\"avia_inline_auto\" id=\"style-css-av-l6f6u8vm-75699f38ec7869c405f9aabaae9197f5\">\n#top .av-special-heading.av-l6f6u8vm-75699f38ec7869c405f9aabaae9197f5{\npadding-bottom:10px;\n}\nbody .av-special-heading.av-l6f6u8vm-75699f38ec7869c405f9aabaae9197f5 .av-special-heading-tag .heading-char{\nfont-size:25px;\n}\n.av-special-heading.av-l6f6u8vm-75699f38ec7869c405f9aabaae9197f5 .av-subheading{\nfont-size:15px;\n}\n\n@media only screen and (max-width: 479px){ \n#top #wrap_all .av-special-heading.av-l6f6u8vm-75699f38ec7869c405f9aabaae9197f5 .av-special-heading-tag{\nfont-size:20px;\n}\n}\n<\/style>\n<div  class='av-special-heading av-l6f6u8vm-75699f38ec7869c405f9aabaae9197f5 av-special-heading-h1 blockquote elegant-quote elegant-centered  avia-builder-el-2  el_before_av_textblock  avia-builder-el-first '><h1 class='av-special-heading-tag '  itemprop=\"headline\"  ><span class=\"heading-wrap\">Mat\u00e9riaux composites \u00e0 fibres<\/span><\/h1><div class=\"special-heading-border\"><div class=\"special-heading-inner-border\"><\/div><\/div><\/div><br \/>\n<section  class='av_textblock_section av-l6f6yoez-6ce2d0e463e56f10b27355939b2994bb '   itemscope=\"itemscope\" itemtype=\"https:\/\/schema.org\/CreativeWork\" ><div class='avia_textblock'  itemprop=\"text\" ><p><span data-contrast=\"auto\">En tant que fabricant de mat\u00e9riaux composites, nous sommes sp\u00e9cialis\u00e9s dans la production de mat\u00e9riaux composites tels que les plastiques renforc\u00e9s de fibres naturelles, les plastiques renforc\u00e9s de fibres de verre et les plastiques renforc\u00e9s de fibres de carbone. <\/span><span data-contrast=\"auto\">Ces mat\u00e9riaux composites vous offrent des possibilit\u00e9s et des avantages qu&rsquo;aucun mat\u00e9riau pur ne peut vous offrir. <\/span><span data-ccp-props=\"{\"> <\/span><\/p>\n<p>Mais qu&rsquo;est-ce qu&rsquo;un composite ?<\/p>\n<\/div><\/section><\/p><\/div>\n<div  class='flex_column av-intaq-4f48bfb35ff0b0736cf32de4668b38c1 av_one_half  avia-builder-el-4  el_after_av_one_full  el_before_av_one_half  first flex_column_div  column-top-margin'     ><p>\n<style type=\"text\/css\" data-created_by=\"avia_inline_auto\" id=\"style-css-av-l6f6zt1v-71b58af6658223f4084368f73047b258\">\n#top .av-special-heading.av-l6f6zt1v-71b58af6658223f4084368f73047b258{\npadding-bottom:10px;\n}\nbody .av-special-heading.av-l6f6zt1v-71b58af6658223f4084368f73047b258 .av-special-heading-tag .heading-char{\nfont-size:25px;\n}\n.av-special-heading.av-l6f6zt1v-71b58af6658223f4084368f73047b258 .av-subheading{\nfont-size:15px;\n}\n<\/style>\n<div  class='av-special-heading av-l6f6zt1v-71b58af6658223f4084368f73047b258 av-special-heading-h2 blockquote modern-quote  avia-builder-el-5  el_before_av_textblock  avia-builder-el-first '><h2 class='av-special-heading-tag '  itemprop=\"headline\"  >Qu\u2019est-ce qu\u2019un mat\u00e9riau composite ?<\/h2><div class=\"special-heading-border\"><div class=\"special-heading-inner-border\"><\/div><\/div><\/div><br \/>\n<section  class='av_textblock_section av-l73bv68q-94c5b957e832092e04171a8e832d5a08 '   itemscope=\"itemscope\" itemtype=\"https:\/\/schema.org\/CreativeWork\" ><div class='avia_textblock'  itemprop=\"text\" ><p><span data-contrast=\"auto\">Un mat\u00e9riau composite est un mat\u00e9riau compos\u00e9 de fibres sp\u00e9cifiques int\u00e9gr\u00e9es dans une matrice. Les mat\u00e9riaux composites sont donc \u00e9galement appel\u00e9s \u00ab\u00a0mat\u00e9riaux composites\u00a0\u00bb ou simplement \u00ab\u00a0composites\u00a0\u00bb. Les propri\u00e9t\u00e9s du mat\u00e9riau composite qui en r\u00e9sulte sont meilleures que celles de chaque mat\u00e9riau individuel en tant que mat\u00e9riau pur. En fonction de la fibre utilis\u00e9e, d&rsquo;autres mat\u00e9riaux composites avec des propri\u00e9t\u00e9s tr\u00e8s diff\u00e9rentes sont cr\u00e9\u00e9s.   <\/span><span data-ccp-props=\"{\"> <\/span><\/p>\n<\/div><\/section><\/p><\/div>\n<div  class='flex_column av-1dq8i-a7c75d45a6cbc48e82423d337824ce71 av_one_half  avia-builder-el-7  el_after_av_one_half  el_before_av_one_full  flex_column_div  column-top-margin'     ><style type=\"text\/css\" data-created_by=\"avia_inline_auto\" id=\"style-css-av-252zsy-a36f8b98086c0d6feb9cee13b812e6b3\">\n.avia-image-container.av-252zsy-a36f8b98086c0d6feb9cee13b812e6b3 img.avia_image{\nbox-shadow:none;\n}\n.avia-image-container.av-252zsy-a36f8b98086c0d6feb9cee13b812e6b3 .av-image-caption-overlay-center{\ncolor:#ffffff;\n}\n<\/style>\n<div  class='avia-image-container av-252zsy-a36f8b98086c0d6feb9cee13b812e6b3 av-styling- av-hover-grow avia-align-center  avia-builder-el-8  avia-builder-el-no-sibling '   itemprop=\"image\" itemscope=\"itemscope\" itemtype=\"https:\/\/schema.org\/ImageObject\" ><div class=\"avia-image-container-inner\"><div class=\"avia-image-overlay-wrap\"><img decoding=\"async\" fetchpriority=\"high\" class='wp-image-1654 avia-img-lazy-loading-not-1654 avia_image ' src=\"https:\/\/carbon-production.com\/wp-content\/uploads\/Regal-mit-CFK-Rollen-300x300.jpg\" alt='Rouleaux de PRFC dans un entrep\u00f4t frigorifique' title='\u00c9tag\u00e8re avec roulettes CFK'  height=\"300\" width=\"300\"  itemprop=\"thumbnailUrl\" srcset=\"https:\/\/carbon-production.com\/wp-content\/uploads\/Regal-mit-CFK-Rollen-300x300.jpg 300w, https:\/\/carbon-production.com\/wp-content\/uploads\/Regal-mit-CFK-Rollen-80x80.jpg 80w, https:\/\/carbon-production.com\/wp-content\/uploads\/Regal-mit-CFK-Rollen-36x36.jpg 36w, https:\/\/carbon-production.com\/wp-content\/uploads\/Regal-mit-CFK-Rollen-180x180.jpg 180w, https:\/\/carbon-production.com\/wp-content\/uploads\/Regal-mit-CFK-Rollen.jpg 500w\" sizes=\"(max-width: 300px) 100vw, 300px\" \/><\/div><\/div><\/div><\/div>\n<div  class='flex_column av-7tg22-3f201ead0f52fa370de17c491be0f9d7 av_one_full  avia-builder-el-9  el_after_av_one_half  el_before_av_one_half  first flex_column_div  column-top-margin'     ><p>\n<style type=\"text\/css\" data-created_by=\"avia_inline_auto\" id=\"style-css-av-a4woq-672c87d8202e8c23b7cded38666bc7e9\">\n#top .av-special-heading.av-a4woq-672c87d8202e8c23b7cded38666bc7e9{\npadding-bottom:10px;\n}\nbody .av-special-heading.av-a4woq-672c87d8202e8c23b7cded38666bc7e9 .av-special-heading-tag .heading-char{\nfont-size:25px;\n}\n.av-special-heading.av-a4woq-672c87d8202e8c23b7cded38666bc7e9 .av-subheading{\nfont-size:15px;\n}\n<\/style>\n<div  class='av-special-heading av-a4woq-672c87d8202e8c23b7cded38666bc7e9 av-special-heading-h2 blockquote modern-quote  avia-builder-el-10  el_before_av_textblock  avia-builder-el-first '><h2 class='av-special-heading-tag '  itemprop=\"headline\"  >Quels sont les mat\u00e9riaux composites \u00e0 base de fibres ?  <\/h2><div class=\"special-heading-border\"><div class=\"special-heading-inner-border\"><\/div><\/div><\/div><br \/>\n<section  class='av_textblock_section av-l6f7090r-ec625ee1030c503bffb8bb708a75b9b8 '   itemscope=\"itemscope\" itemtype=\"https:\/\/schema.org\/CreativeWork\" ><div class='avia_textblock'  itemprop=\"text\" ><p><span data-contrast=\"auto\">Nous sommes principalement des fabricants de PRFC et de PRV, mais nous produisons \u00e9galement des pi\u00e8ces en plastique renforc\u00e9 de fibres naturelles et de fibres d&rsquo;aramide.<\/span><span data-ccp-props=\"{\"> <\/span><\/p>\n<\/div><\/section><\/p><\/div>\n<div  class='flex_column av-2v8fs2-2805cbbef81e01f89776b1a318f27543 av_one_half  avia-builder-el-12  el_after_av_one_full  el_before_av_one_half  first flex_column_div  column-top-margin'     ><p>\n<style type=\"text\/css\" data-created_by=\"avia_inline_auto\" id=\"style-css-av-l6f71402-581802adb809057a3d20a88c599af3d9\">\n#top .av-special-heading.av-l6f71402-581802adb809057a3d20a88c599af3d9{\npadding-bottom:10px;\n}\nbody .av-special-heading.av-l6f71402-581802adb809057a3d20a88c599af3d9 .av-special-heading-tag .heading-char{\nfont-size:25px;\n}\n.av-special-heading.av-l6f71402-581802adb809057a3d20a88c599af3d9 .av-subheading{\nfont-size:15px;\n}\n<\/style>\n<div  class='av-special-heading av-l6f71402-581802adb809057a3d20a88c599af3d9 av-special-heading-h3 blockquote modern-quote  avia-builder-el-13  el_before_av_textblock  avia-builder-el-first '><h3 class='av-special-heading-tag '  itemprop=\"headline\"  >PRFC &#8211; Plastiques renforc\u00e9s de fibres de carbone<\/h3><div class=\"special-heading-border\"><div class=\"special-heading-inner-border\"><\/div><\/div><\/div><br \/>\n<section  class='av_textblock_section av-l6f71oze-bc6a63b011769ce470869e7416c558ef '   itemscope=\"itemscope\" itemtype=\"https:\/\/schema.org\/CreativeWork\" ><div class='avia_textblock'  itemprop=\"text\" ><p><span data-contrast=\"auto\">Les plastiques renforc\u00e9s de fibres de carbone sont des mat\u00e9riaux composites dans lesquels des fibres de carbone sont tiss\u00e9es avec une matrice plastique compos\u00e9e, par exemple, de r\u00e9sine \u00e9poxy. Les plastiques renforc\u00e9s de fibres de carbone sont particuli\u00e8rement utilis\u00e9s dans les domaines o\u00f9 une grande robustesse et une grande rigidit\u00e9 sont requises pour un faible poids. C&rsquo;est pourquoi les PRFC sont utilis\u00e9s, par exemple, dans le cyclisme et <\/span><a href=\"https:\/\/carbon-production.com\/motorsport\/\"><b><span data-contrast=\"auto\">sports m\u00e9caniques<\/span><\/b><\/a><span data-contrast=\"auto\"> mais sont \u00e9galement utilis\u00e9s dans la construction navale et a\u00e9ronautique. <\/span> <span data-ccp-props=\"{\"> <\/span><\/p>\n<p><span data-ccp-props=\"{\"> <\/span><\/p>\n<\/div><\/section><br \/>\n\n<style type=\"text\/css\" data-created_by=\"avia_inline_auto\" id=\"style-css-av-l6f71zkh-37f78d03a43a14e4b0c9776f94dbbb3c\">\n#top .av-special-heading.av-l6f71zkh-37f78d03a43a14e4b0c9776f94dbbb3c{\npadding-bottom:10px;\n}\nbody .av-special-heading.av-l6f71zkh-37f78d03a43a14e4b0c9776f94dbbb3c .av-special-heading-tag .heading-char{\nfont-size:25px;\n}\n.av-special-heading.av-l6f71zkh-37f78d03a43a14e4b0c9776f94dbbb3c .av-subheading{\nfont-size:15px;\n}\n<\/style>\n<div  class='av-special-heading av-l6f71zkh-37f78d03a43a14e4b0c9776f94dbbb3c av-special-heading-h3 blockquote modern-quote  avia-builder-el-15  el_after_av_textblock  el_before_av_textblock '><h3 class='av-special-heading-tag '  itemprop=\"headline\"  >PRV &#8211; Plastique renforc\u00e9 de fibres de verre<\/h3><div class=\"special-heading-border\"><div class=\"special-heading-inner-border\"><\/div><\/div><\/div><br \/>\n<section  class='av_textblock_section av-l6f726ep-2dd87132665e28e1d040a9687146d3a7 '   itemscope=\"itemscope\" itemtype=\"https:\/\/schema.org\/CreativeWork\" ><div class='avia_textblock'  itemprop=\"text\" ><p><span data-contrast=\"auto\">Les plastiques renforc\u00e9s de fibres de verre, ou PRV, sont des mat\u00e9riaux composites constitu\u00e9s de mati\u00e8res plastiques telles que la r\u00e9sine \u00e9poxy ou le polyamide et de fibres de verre. On parle parfois de \u00ab\u00a0fibre de verre\u00a0\u00bb pour d\u00e9signer ce mat\u00e9riau composite. Les plastiques renforc\u00e9s de fibres de verre ne sont certes pas tr\u00e8s rigides, mais ils pr\u00e9sentent une grande r\u00e9sistance \u00e0 la corrosion. C&rsquo;est pourquoi les PRV sont souvent utilis\u00e9s pour la construction de r\u00e9servoirs ou de coques de bateaux. Utilis\u00e9s avec une matrice plastique appropri\u00e9e, les PRV sont \u00e9galement de tr\u00e8s bons mat\u00e9riaux pour la fabrication d&rsquo;isolateurs et d&rsquo;armoires \u00e9lectriques pour l&rsquo;ext\u00e9rieur.      <\/span><span data-ccp-props=\"{\"> <\/span><\/p>\n<p><span data-ccp-props=\"{\"> <\/span><\/p>\n<\/div><\/section><\/p><\/div>\n<div  class='flex_column av-2en2dm-01a75086da8b14d2b5f712dc10280008 av_one_half  avia-builder-el-17  el_after_av_one_half  el_before_av_one_half  flex_column_div  column-top-margin'     ><style type=\"text\/css\" data-created_by=\"avia_inline_auto\" id=\"style-css-av-ldur57td-234ce1ff8a9e8f798f1de00825f8f95f\">\n.avia-image-container.av-ldur57td-234ce1ff8a9e8f798f1de00825f8f95f img.avia_image{\nbox-shadow:none;\n}\n.avia-image-container.av-ldur57td-234ce1ff8a9e8f798f1de00825f8f95f .av-image-caption-overlay-center{\ncolor:#ffffff;\n}\n<\/style>\n<div  class='avia-image-container av-ldur57td-234ce1ff8a9e8f798f1de00825f8f95f av-styling- av-hover-grow avia-align-center  avia-builder-el-18  avia-builder-el-no-sibling '   itemprop=\"image\" itemscope=\"itemscope\" itemtype=\"https:\/\/schema.org\/ImageObject\" ><div class=\"avia-image-container-inner\"><div class=\"avia-image-overlay-wrap\"><img decoding=\"async\" fetchpriority=\"high\" class='wp-image-1655 avia-img-lazy-loading-not-1655 avia_image ' src=\"https:\/\/carbon-production.com\/wp-content\/uploads\/Kohlefasergewebe.jpg\" alt='Tissu en fibre de carbone' title='Tissu en fibre de carbone'  height=\"500\" width=\"500\"  itemprop=\"thumbnailUrl\" srcset=\"https:\/\/carbon-production.com\/wp-content\/uploads\/Kohlefasergewebe.jpg 500w, https:\/\/carbon-production.com\/wp-content\/uploads\/Kohlefasergewebe-300x300.jpg 300w, https:\/\/carbon-production.com\/wp-content\/uploads\/Kohlefasergewebe-80x80.jpg 80w, https:\/\/carbon-production.com\/wp-content\/uploads\/Kohlefasergewebe-36x36.jpg 36w, https:\/\/carbon-production.com\/wp-content\/uploads\/Kohlefasergewebe-180x180.jpg 180w\" sizes=\"(max-width: 500px) 100vw, 500px\" \/><\/div><\/div><\/div><\/div>\n<div  class='flex_column av-1w10gq-5bba474795cd64537fd64cb6ed3ea212 av_one_half  avia-builder-el-19  el_after_av_one_half  el_before_av_one_half  first flex_column_div  column-top-margin'     ><p>\n<style type=\"text\/css\" data-created_by=\"avia_inline_auto\" id=\"style-css-av-l6f72hjd-326130ac2361a3070b78a3e6fbbde674\">\n#top .av-special-heading.av-l6f72hjd-326130ac2361a3070b78a3e6fbbde674{\npadding-bottom:10px;\n}\nbody .av-special-heading.av-l6f72hjd-326130ac2361a3070b78a3e6fbbde674 .av-special-heading-tag .heading-char{\nfont-size:25px;\n}\n.av-special-heading.av-l6f72hjd-326130ac2361a3070b78a3e6fbbde674 .av-subheading{\nfont-size:15px;\n}\n<\/style>\n<div  class='av-special-heading av-l6f72hjd-326130ac2361a3070b78a3e6fbbde674 av-special-heading-h3 blockquote modern-quote  avia-builder-el-20  el_before_av_textblock  avia-builder-el-first '><h3 class='av-special-heading-tag '  itemprop=\"headline\"  >AFK &#8211; Plastiques renforc\u00e9s de fibres d\u2019aramide<\/h3><div class=\"special-heading-border\"><div class=\"special-heading-inner-border\"><\/div><\/div><\/div><br \/>\n<section  class='av_textblock_section av-l6f72oqx-9cd422993310eefc1e63547edee3fcc5 '   itemscope=\"itemscope\" itemtype=\"https:\/\/schema.org\/CreativeWork\" ><div class='avia_textblock'  itemprop=\"text\" ><p><span data-contrast=\"auto\">Bien que la production de plastiques renforc\u00e9s de fibres d&rsquo;aramide soit nettement plus co\u00fbteuse que la production d&rsquo;autres mat\u00e9riaux composites \u00e0 base de fibres, comme les composites \u00e0 base de fibres de verre, les AFK offrent de grands avantages. Les pi\u00e8ces fabriqu\u00e9es \u00e0 partir de plastiques renforc\u00e9s de fibres d&rsquo;aramide sont tr\u00e8s r\u00e9sistantes (aux chocs et \u00e0 l&rsquo;abrasion) et pr\u00e9sentent une r\u00e9sistance chimique exceptionnelle. En outre, les composants AFK sont particuli\u00e8rement l\u00e9gers. En raison de ces propri\u00e9t\u00e9s, les composites \u00e0 base de fibres d&rsquo;aramide sont souvent utilis\u00e9s dans l&rsquo;a\u00e9ronautique et l&rsquo;automobile.     <\/span><span data-ccp-props=\"{\"> <\/span><\/p>\n<p><span data-ccp-props=\"{\"> <\/span><\/p>\n<\/div><\/section><\/p><\/div>\n<div  class='flex_column av-57z36-99b47fa844b4bfc2742351720f4ba42f av_one_half  avia-builder-el-22  el_after_av_one_half  el_before_av_one_full  flex_column_div  column-top-margin'     ><p>\n<style type=\"text\/css\" data-created_by=\"avia_inline_auto\" id=\"style-css-av-l6f7374h-c65eaebd6d2ebbc23a23ce8c85640f85\">\n#top .av-special-heading.av-l6f7374h-c65eaebd6d2ebbc23a23ce8c85640f85{\npadding-bottom:10px;\n}\nbody .av-special-heading.av-l6f7374h-c65eaebd6d2ebbc23a23ce8c85640f85 .av-special-heading-tag .heading-char{\nfont-size:25px;\n}\n.av-special-heading.av-l6f7374h-c65eaebd6d2ebbc23a23ce8c85640f85 .av-subheading{\nfont-size:15px;\n}\n<\/style>\n<div  class='av-special-heading av-l6f7374h-c65eaebd6d2ebbc23a23ce8c85640f85 av-special-heading-h3 blockquote modern-quote  avia-builder-el-23  el_before_av_textblock  avia-builder-el-first '><h3 class='av-special-heading-tag '  itemprop=\"headline\"  >NFK &#8211; Plastiques renforc\u00e9s de fibres naturelles  <\/h3><div class=\"special-heading-border\"><div class=\"special-heading-inner-border\"><\/div><\/div><\/div><br \/>\n<section  class='av_textblock_section av-l6f73f7m-7673da2ca6f2afed870252d89f3a1aec '   itemscope=\"itemscope\" itemtype=\"https:\/\/schema.org\/CreativeWork\" ><div class='avia_textblock'  itemprop=\"text\" ><p><span data-contrast=\"auto\">Comme les autres mat\u00e9riaux composites que nous fabriquons, les plastiques renforc\u00e9s de fibres naturelles sont souvent compos\u00e9s d&rsquo;une matrice en r\u00e9sine \u00e9poxy ou en polyamide et du mat\u00e9riau fibreux, ici des fibres naturelles. Pour la fabrication de plastiques renforc\u00e9s de fibres naturelles, nous avons g\u00e9n\u00e9ralement recours aux fibres naturelles de lin, de chanvre, de jute et de sisal. La fabrication de PRN \u00e0 partir d&rsquo;autres fibres naturelles est bien entendu possible. La fibre naturelle conf\u00e8re au mat\u00e9riau composite une stabilit\u00e9 particuli\u00e8re. Les fibres synth\u00e9tiques non tiss\u00e9es sont principalement utilis\u00e9es pour les pi\u00e8ces d&rsquo;habillage des v\u00e9hicules, mais elles sont \u00e9galement de plus en plus appr\u00e9ci\u00e9es \u00e0 des fins d\u00e9coratives \u00e0 l&rsquo;int\u00e9rieur et \u00e0 l&rsquo;ext\u00e9rieur des v\u00e9hicules.      <\/span><span data-ccp-props=\"{\"> <\/span><\/p>\n<\/div><\/section><\/p><\/div>\n<div  class='flex_column av-x8i6q-36e13b7ccd55928e16f580d8e2fccbbe av_one_full  avia-builder-el-25  el_after_av_one_half  avia-builder-el-last  first flex_column_div  column-top-margin'     ><p>\n<style type=\"text\/css\" data-created_by=\"avia_inline_auto\" id=\"style-css-av-l6f73u6o-7edd8f423c5c9125af4c4625ecbbb1e2\">\n#top .av-special-heading.av-l6f73u6o-7edd8f423c5c9125af4c4625ecbbb1e2{\npadding-bottom:10px;\n}\nbody .av-special-heading.av-l6f73u6o-7edd8f423c5c9125af4c4625ecbbb1e2 .av-special-heading-tag .heading-char{\nfont-size:25px;\n}\n.av-special-heading.av-l6f73u6o-7edd8f423c5c9125af4c4625ecbbb1e2 .av-subheading{\nfont-size:15px;\n}\n<\/style>\n<div  class='av-special-heading av-l6f73u6o-7edd8f423c5c9125af4c4625ecbbb1e2 av-special-heading-h2 blockquote modern-quote  avia-builder-el-26  el_before_av_textblock  avia-builder-el-first '><h2 class='av-special-heading-tag '  itemprop=\"headline\"  >Quel mat\u00e9riau composite \u00e0 fibres est adapt\u00e9 \u00e0 mes besoins ?  <\/h2><div class=\"special-heading-border\"><div class=\"special-heading-inner-border\"><\/div><\/div><\/div><br \/>\n<section  class='av_textblock_section av-l6f744pg-6fffacc03a75fa41890b19fd202ed15b '   itemscope=\"itemscope\" itemtype=\"https:\/\/schema.org\/CreativeWork\" ><div class='avia_textblock'  itemprop=\"text\" ><p><span data-contrast=\"auto\">Vous vous demandez quel mat\u00e9riau composite est le mieux adapt\u00e9 \u00e0 vos besoins ? Cela d\u00e9pend des exigences de votre application en mati\u00e8re de mat\u00e9riaux composites. Gr\u00e2ce \u00e0 notre longue exp\u00e9rience en tant que fabricant de mat\u00e9riaux composites, nous pouvons vous donner des conseils personnalis\u00e9s. Contactez-nous !     <\/span><span data-ccp-props=\"{\"> <\/span><\/p>\n<\/div><\/section><br \/>\n<section  class='av_textblock_section av-m4nadhb8-e0c2799884beb01878d7d77c6851c598 '   itemscope=\"itemscope\" itemtype=\"https:\/\/schema.org\/CreativeWork\" ><div class='avia_textblock'  itemprop=\"text\" ><p class=\"wpcf7-contact-form-not-found\"><strong>Erreur\u00a0:<\/strong> Formulaire de contact non trouv\u00e9\u00a0!<\/p>\n<\/div><\/section><\/p><\/div>\n","protected":false},"excerpt":{"rendered":"","protected":false},"author":1,"featured_media":0,"parent":0,"menu_order":0,"comment_status":"closed","ping_status":"closed","template":"","meta":{"footnotes":""},"class_list":["post-1656","page","type-page","status-publish","hentry"],"_links":{"self":[{"href":"https:\/\/carbon-production.com\/fr\/wp-json\/wp\/v2\/pages\/1656","targetHints":{"allow":["GET"]}}],"collection":[{"href":"https:\/\/carbon-production.com\/fr\/wp-json\/wp\/v2\/pages"}],"about":[{"href":"https:\/\/carbon-production.com\/fr\/wp-json\/wp\/v2\/types\/page"}],"author":[{"embeddable":true,"href":"https:\/\/carbon-production.com\/fr\/wp-json\/wp\/v2\/users\/1"}],"replies":[{"embeddable":true,"href":"https:\/\/carbon-production.com\/fr\/wp-json\/wp\/v2\/comments?post=1656"}],"version-history":[{"count":3,"href":"https:\/\/carbon-production.com\/fr\/wp-json\/wp\/v2\/pages\/1656\/revisions"}],"predecessor-version":[{"id":1661,"href":"https:\/\/carbon-production.com\/fr\/wp-json\/wp\/v2\/pages\/1656\/revisions\/1661"}],"wp:attachment":[{"href":"https:\/\/carbon-production.com\/fr\/wp-json\/wp\/v2\/media?parent=1656"}],"curies":[{"name":"wp","href":"https:\/\/api.w.org\/{rel}","templated":true}]}}