{"id":1630,"date":"2022-05-19T17:22:42","date_gmt":"2022-05-19T17:22:42","guid":{"rendered":"https:\/\/carbon-production.com\/services\/"},"modified":"2026-01-06T21:12:44","modified_gmt":"2026-01-06T21:12:44","slug":"services","status":"publish","type":"page","link":"https:\/\/carbon-production.com\/fr\/services\/","title":{"rendered":"Services"},"content":{"rendered":"<div   class='avia-fullscreen-slider main_color av-mini-hide  avia-builder-el-0  el_before_av_one_full  avia-builder-el-first  container_wrap fullsize'  >\n<style type=\"text\/css\" data-created_by=\"avia_inline_auto\" id=\"style-css-av-ldun1d7f-41b52cbc4837866f2fa13314faff6352\">\n#top #wrap_all .avia-slideshow .av-slideshow-caption.av-ldun1d7f-41b52cbc4837866f2fa13314faff6352__0 .avia-caption-title{\nfont-size:70px;\ncolor:#ffffff;\n}\n<\/style>\n<div  class='avia-slideshow av-ldun1d7f-41b52cbc4837866f2fa13314faff6352 avia-slideshow-extra_large av_fullscreen avia-slide-slider av-mini-hide av-slideshow-ui av-control-default av-slideshow-autoplay av-loop-endless av-loop-manual-endless av-default-height-applied   avia-slideshow-1' data-slideshow-options=\"{&quot;animation&quot;:&quot;slide&quot;,&quot;autoplay&quot;:true,&quot;loop_autoplay&quot;:&quot;endless&quot;,&quot;interval&quot;:6,&quot;loop_manual&quot;:&quot;manual-endless&quot;,&quot;autoplay_stopper&quot;:false,&quot;noNavigation&quot;:false,&quot;bg_slider&quot;:true,&quot;keep_padding&quot;:false,&quot;hoverpause&quot;:false,&quot;show_slide_delay&quot;:0,&quot;slide_height&quot;:&quot;100&quot;,&quot;image_attachment&quot;:&quot;&quot;}\"  itemprop=\"image\" itemscope=\"itemscope\" itemtype=\"https:\/\/schema.org\/ImageObject\" ><ul class='avia-slideshow-inner ' style='padding-bottom: 60%;'><li style='background-position:center center;' data-img-url='https:\/\/carbon-production.com\/wp-content\/uploads\/Produktion-Carbon-zuschneiden.jpg' class='avia-slideshow-slide av-ldun1d7f-41b52cbc4837866f2fa13314faff6352__0  slide-1 slide-odd'><div data-rel='slideshow-1' class='avia-slide-wrap '   ><div class='av-slideshow-caption av-ldun1d7f-41b52cbc4837866f2fa13314faff6352__0 caption_fullwidth caption_bottom caption_bottom_framed caption_framed'><div class=\"container caption_container\"><div class=\"slideshow_caption\"><div class=\"slideshow_inner_caption\"><div class=\"slideshow_align_caption\"><h2 class='avia-caption-title '  itemprop=\"name\" >PRESTATIONS<\/h2><\/div><\/div><\/div><\/div><\/div><\/div><\/li><li style='background-position:center center;' data-img-url='https:\/\/carbon-production.com\/wp-content\/uploads\/Slider-Produktion.jpg' class='avia-slideshow-slide av-ldun1d7f-41b52cbc4837866f2fa13314faff6352__1  slide-2 slide-even'><div data-rel='slideshow-1' class='avia-slide-wrap '   ><\/div><\/li><li style='background-position:center center;' data-img-url='https:\/\/carbon-production.com\/wp-content\/uploads\/Carbon-legen.jpg' class='avia-slideshow-slide av-ldun1d7f-41b52cbc4837866f2fa13314faff6352__2  slide-3 slide-odd'><div data-rel='slideshow-1' class='avia-slide-wrap '   ><\/div><\/li><\/ul><div class='avia-slideshow-arrows avia-slideshow-controls' ><a href='#prev' class='prev-slide  avia-svg-icon avia-font-svg_entypo-fontello' data-av_svg_icon='left-open-big' data-av_iconset='svg_entypo-fontello' tabindex='-1' title=\"Pr\u00e9c\u00e9dent\"><svg version=\"1.1\" xmlns=\"http:\/\/www.w3.org\/2000\/svg\" width=\"15\" height=\"32\" viewBox=\"0 0 15 32\" preserveAspectRatio=\"xMidYMid meet\" aria-labelledby='av-svg-title-1' aria-describedby='av-svg-desc-1' role=\"graphics-symbol\" aria-hidden=\"true\">\n<title id='av-svg-title-1'>Pr\u00e9c\u00e9dent<\/title>\n<desc id='av-svg-desc-1'>Pr\u00e9c\u00e9dent<\/desc>\n<path d=\"M14.464 27.84q0.832 0.832 0 1.536-0.832 0.832-1.536 0l-12.544-12.608q-0.768-0.768 0-1.6l12.544-12.608q0.704-0.832 1.536 0 0.832 0.704 0 1.536l-11.456 11.904z\"><\/path>\n<\/svg><span class='avia_hidden_link_text'>Pr\u00e9c\u00e9dent<\/span><\/a><a href='#next' class='next-slide  avia-svg-icon avia-font-svg_entypo-fontello' data-av_svg_icon='right-open-big' data-av_iconset='svg_entypo-fontello' tabindex='-1' title=\"Suivant\"><svg version=\"1.1\" xmlns=\"http:\/\/www.w3.org\/2000\/svg\" width=\"15\" height=\"32\" viewBox=\"0 0 15 32\" preserveAspectRatio=\"xMidYMid meet\" aria-labelledby='av-svg-title-2' aria-describedby='av-svg-desc-2' role=\"graphics-symbol\" aria-hidden=\"true\">\n<title id='av-svg-title-2'>Suivant<\/title>\n<desc id='av-svg-desc-2'>Suivant<\/desc>\n<path d=\"M0.416 27.84l11.456-11.84-11.456-11.904q-0.832-0.832 0-1.536 0.832-0.832 1.536 0l12.544 12.608q0.768 0.832 0 1.6l-12.544 12.608q-0.704 0.832-1.536 0-0.832-0.704 0-1.536z\"><\/path>\n<\/svg><span class='avia_hidden_link_text'>Suivant<\/span><\/a><\/div><div class='avia-slideshow-dots avia-slideshow-controls'><a href='#1' class='goto-slide active' >1<\/a><a href='#2' class='goto-slide ' >2<\/a><a href='#3' class='goto-slide ' >3<\/a><\/div><\/div><\/div><div id='after_full_slider_1'  class='main_color av_default_container_wrap container_wrap fullsize'  ><div class='container av-section-cont-open' ><div class='template-page content  av-content-full alpha units'><div class='post-entry post-entry-type-page post-entry-1630'><div class='entry-content-wrapper clearfix'>\n\n<style type=\"text\/css\" data-created_by=\"avia_inline_auto\" id=\"style-css-av-wk9h-5c8ddb2f0158c5e674c45100f1b9199f\">\n.flex_column.av-wk9h-5c8ddb2f0158c5e674c45100f1b9199f{\nborder-radius:0px 0px 0px 0px;\npadding:0px 0px 0px 0px;\n}\n<\/style>\n<div  class='flex_column av-wk9h-5c8ddb2f0158c5e674c45100f1b9199f av_one_full  avia-builder-el-1  el_after_av_fullscreen  el_before_av_one_full  avia-builder-el-first  first flex_column_div av-zero-column-padding  '     ><style type=\"text\/css\" data-created_by=\"avia_inline_auto\" id=\"style-css-av-l3da6mmj-75c6ba0d3606e19aa8764b2a22dc6295\">\n#top .av-special-heading.av-l3da6mmj-75c6ba0d3606e19aa8764b2a22dc6295{\npadding-bottom:10px;\n}\nbody .av-special-heading.av-l3da6mmj-75c6ba0d3606e19aa8764b2a22dc6295 .av-special-heading-tag .heading-char{\nfont-size:25px;\n}\n.av-special-heading.av-l3da6mmj-75c6ba0d3606e19aa8764b2a22dc6295 .av-subheading{\nfont-size:15px;\n}\n<\/style>\n<div  class='av-special-heading av-l3da6mmj-75c6ba0d3606e19aa8764b2a22dc6295 av-special-heading-h1 blockquote modern-quote modern-centered  avia-builder-el-2  avia-builder-el-no-sibling '><h1 class='av-special-heading-tag '  itemprop=\"headline\"  >Services<\/h1><div class='av-subheading av-subheading_below'><p>Nous nous occupons de tout &#8211; de l&rsquo;\u00e9tape 1 \u00e0 la pi\u00e8ce finie<\/p>\n<\/div><div class=\"special-heading-border\"><div class=\"special-heading-inner-border\"><\/div><\/div><\/div><\/div>\n<div  class='flex_column av-9hl9h-99a4bd5b1f89cdbd3358e88e5daf00f0 av_one_full  avia-builder-el-3  el_after_av_one_full  el_before_av_one_third  first flex_column_div  column-top-margin'     ><p>\n<style type=\"text\/css\" data-created_by=\"avia_inline_auto\" id=\"style-css-av-lao5fvrn-2c51e53bacc866c4752d2fb1731de265\">\n#top .av-special-heading.av-lao5fvrn-2c51e53bacc866c4752d2fb1731de265{\npadding-bottom:10px;\n}\nbody .av-special-heading.av-lao5fvrn-2c51e53bacc866c4752d2fb1731de265 .av-special-heading-tag .heading-char{\nfont-size:25px;\n}\n.av-special-heading.av-lao5fvrn-2c51e53bacc866c4752d2fb1731de265 .av-subheading{\nfont-size:15px;\n}\n<\/style>\n<div  class='av-special-heading av-lao5fvrn-2c51e53bacc866c4752d2fb1731de265 av-special-heading-h2 blockquote modern-quote modern-centered  avia-builder-el-4  el_before_av_textblock  avia-builder-el-first '><h2 class='av-special-heading-tag '  itemprop=\"headline\"  >Un composant, un fabricant  <\/h2><div class=\"special-heading-border\"><div class=\"special-heading-inner-border\"><\/div><\/div><\/div><br \/>\n<section  class='av_textblock_section av-lao5faak-7a9da2e62e48990cb257cd74c21a2f76 '   itemscope=\"itemscope\" itemtype=\"https:\/\/schema.org\/CreativeWork\" ><div class='avia_textblock'  itemprop=\"text\" ><p style=\"text-align: center;\"><span data-contrast=\"auto\">C&rsquo;est avec fiert\u00e9 que nous pouvons dire qu&rsquo;en tant que fabricant de carbone, nous faisons encore du vrai travail manuel. Chez nous, il y a un homme derri\u00e8re chaque \u00e9tape de production. Si vous cherchez une production \u00e0 la cha\u00eene, vous n&rsquo;avez pas votre place chez carbon production GmbH.   <\/span><span data-ccp-props=\"{\"> <\/span><\/p>\n<p style=\"text-align: center;\"><span data-contrast=\"auto\">De la premi\u00e8re \u00e9tape \u00e0 la touche finale, nous nous occupons de chaque \u00e9tape de la fabrication de vos composants composites.  <\/span><span data-ccp-props=\"{\"> <\/span><\/p>\n<\/div><\/section><\/p><\/div>\n<div  class='flex_column av-8f6mh-50843eec200fa3fbfd4031aa5c2f4f9e av_one_third  avia-builder-el-6  el_after_av_one_full  el_before_av_one_third  first flex_column_div  column-top-margin'     ><p>\n<style type=\"text\/css\" data-created_by=\"avia_inline_auto\" id=\"style-css-av-ssox-f9a089732bfa8a34007466edc3c4ce95\">\n.avia-image-container.av-ssox-f9a089732bfa8a34007466edc3c4ce95 img.avia_image{\nbox-shadow:none;\n}\n.avia-image-container.av-ssox-f9a089732bfa8a34007466edc3c4ce95 .av-image-caption-overlay-center{\ncolor:#ffffff;\n}\n<\/style>\n<div  class='avia-image-container av-ssox-f9a089732bfa8a34007466edc3c4ce95 av-styling- av-hover-grow av-img-linked avia-align-center  avia-builder-el-7  el_before_av_textblock  avia-builder-el-first '   itemprop=\"image\" itemscope=\"itemscope\" itemtype=\"https:\/\/schema.org\/ImageObject\" ><div class=\"avia-image-container-inner\"><div class=\"avia-image-overlay-wrap\"><a href=\"https:\/\/carbon-production.com\/fr\/construction\/\" class='avia_image '  aria-label='Dessin de construction Carbon Production'><img decoding=\"async\" fetchpriority=\"high\" class='wp-image-1627 avia-img-lazy-loading-not-1627 avia_image ' src=\"https:\/\/carbon-production.com\/wp-content\/uploads\/Konstruktionszeichnung-Carbon-Production-300x300.png\" alt='Dessin de construction Carbon Production' title='Dessin de construction Carbon Production'  height=\"300\" width=\"300\"  itemprop=\"thumbnailUrl\" srcset=\"https:\/\/carbon-production.com\/wp-content\/uploads\/Konstruktionszeichnung-Carbon-Production-300x300.png 300w, https:\/\/carbon-production.com\/wp-content\/uploads\/Konstruktionszeichnung-Carbon-Production-80x80.png 80w, https:\/\/carbon-production.com\/wp-content\/uploads\/Konstruktionszeichnung-Carbon-Production-36x36.png 36w, https:\/\/carbon-production.com\/wp-content\/uploads\/Konstruktionszeichnung-Carbon-Production-180x180.png 180w, https:\/\/carbon-production.com\/wp-content\/uploads\/Konstruktionszeichnung-Carbon-Production.png 493w\" sizes=\"(max-width: 300px) 100vw, 300px\" \/><\/a><\/div><\/div><\/div><br \/>\n<section  class='av_textblock_section av-lao5j8ka-a0b73ce2d25607aa4b623227d3266ffb '   itemscope=\"itemscope\" itemtype=\"https:\/\/schema.org\/CreativeWork\" ><div class='avia_textblock'  itemprop=\"text\" ><p style=\"text-align: center;\"><a href=\"https:\/\/carbon-production.com\/fr\/construction\/\" target=\"_blank\" rel=\"noopener\"><strong>CONSTRUCTION<\/strong><\/a><\/p>\n<\/div><\/section><\/p><\/div>\n<div  class='flex_column av-7hcc5-b768f099310b2b24a41bf745bbe7dae1 av_one_third  avia-builder-el-9  el_after_av_one_third  el_before_av_one_third  flex_column_div  column-top-margin'     ><p>\n<style type=\"text\/css\" data-created_by=\"avia_inline_auto\" id=\"style-css-av-6usgd-71c26fc02ccfc87fc238fdbb6a6023e5\">\n.avia-image-container.av-6usgd-71c26fc02ccfc87fc238fdbb6a6023e5 img.avia_image{\nbox-shadow:none;\n}\n.avia-image-container.av-6usgd-71c26fc02ccfc87fc238fdbb6a6023e5 .av-image-caption-overlay-center{\ncolor:#ffffff;\n}\n<\/style>\n<div  class='avia-image-container av-6usgd-71c26fc02ccfc87fc238fdbb6a6023e5 av-styling- av-hover-grow av-img-linked avia-align-center  avia-builder-el-10  el_before_av_textblock  avia-builder-el-first '   itemprop=\"image\" itemscope=\"itemscope\" itemtype=\"https:\/\/schema.org\/ImageObject\" ><div class=\"avia-image-container-inner\"><div class=\"avia-image-overlay-wrap\"><a href=\"https:\/\/carbon-production.com\/fr\/fabrication-de-modeles-et-de-moules\/\" class='avia_image '  aria-label='R\u00e9sine \u00e9poxy Moule'><img decoding=\"async\" fetchpriority=\"high\" class='wp-image-1628 avia-img-lazy-loading-not-1628 avia_image ' src=\"https:\/\/carbon-production.com\/wp-content\/uploads\/Epoxidharz-Form-300x300.png\" alt='Outil en r\u00e9sine \u00e9poxy' title='R\u00e9sine \u00e9poxy Moule'  height=\"300\" width=\"300\"  itemprop=\"thumbnailUrl\" srcset=\"https:\/\/carbon-production.com\/wp-content\/uploads\/Epoxidharz-Form-300x300.png 300w, https:\/\/carbon-production.com\/wp-content\/uploads\/Epoxidharz-Form-80x80.png 80w, https:\/\/carbon-production.com\/wp-content\/uploads\/Epoxidharz-Form-36x36.png 36w, https:\/\/carbon-production.com\/wp-content\/uploads\/Epoxidharz-Form-180x180.png 180w, https:\/\/carbon-production.com\/wp-content\/uploads\/Epoxidharz-Form.png 500w\" sizes=\"(max-width: 300px) 100vw, 300px\" \/><\/a><\/div><\/div><\/div><br \/>\n<section  class='av_textblock_section av-lao5kapm-27fc5a801d146426c2338290c66bc763 '   itemscope=\"itemscope\" itemtype=\"https:\/\/schema.org\/CreativeWork\" ><div class='avia_textblock'  itemprop=\"text\" ><p style=\"text-align: center;\"><a href=\"https:\/\/carbon-production.com\/fr\/fabrication-de-modeles-et-de-moules\/\" target=\"_blank\" rel=\"noopener\"><strong>FABRICATION DE MOD\u00c8LES ET DE MOULES<\/strong><\/a><\/p>\n<\/div><\/section><\/p><\/div>\n<div  class='flex_column av-6hmud-2bdf2ca04d795cf5e143dff97fb6b33b av_one_third  avia-builder-el-12  el_after_av_one_third  el_before_av_one_half  flex_column_div  column-top-margin'     ><p>\n<style type=\"text\/css\" data-created_by=\"avia_inline_auto\" id=\"style-css-av-5xwyt-65bac28d4f9559113c28faa579ce9f25\">\n.avia-image-container.av-5xwyt-65bac28d4f9559113c28faa579ce9f25 img.avia_image{\nbox-shadow:none;\n}\n.avia-image-container.av-5xwyt-65bac28d4f9559113c28faa579ce9f25 .av-image-caption-overlay-center{\ncolor:#ffffff;\n}\n<\/style>\n<div  class='avia-image-container av-5xwyt-65bac28d4f9559113c28faa579ce9f25 av-styling- av-hover-grow av-img-linked avia-align-center  avia-builder-el-13  el_before_av_textblock  avia-builder-el-first '   itemprop=\"image\" itemscope=\"itemscope\" itemtype=\"https:\/\/schema.org\/ImageObject\" ><div class=\"avia-image-container-inner\"><div class=\"avia-image-overlay-wrap\"><a href=\"https:\/\/carbon-production.com\/fr\/production-et-fabrication\/\" class='avia_image '  aria-label='Production et fabrication'><img decoding=\"async\" fetchpriority=\"high\" class='wp-image-1629 avia-img-lazy-loading-not-1629 avia_image ' src=\"https:\/\/carbon-production.com\/wp-content\/uploads\/Produktion-und-Fertigung-300x300.jpg\" alt='Poser des pi\u00e8ces en carbone' title='Production et fabrication'  height=\"300\" width=\"300\"  itemprop=\"thumbnailUrl\" srcset=\"https:\/\/carbon-production.com\/wp-content\/uploads\/Produktion-und-Fertigung-300x300.jpg 300w, https:\/\/carbon-production.com\/wp-content\/uploads\/Produktion-und-Fertigung-80x80.jpg 80w, https:\/\/carbon-production.com\/wp-content\/uploads\/Produktion-und-Fertigung-36x36.jpg 36w, https:\/\/carbon-production.com\/wp-content\/uploads\/Produktion-und-Fertigung-180x180.jpg 180w, https:\/\/carbon-production.com\/wp-content\/uploads\/Produktion-und-Fertigung.jpg 500w\" sizes=\"(max-width: 300px) 100vw, 300px\" \/><\/a><\/div><\/div><\/div><br \/>\n<section  class='av_textblock_section av-lao5l7o4-6cfdde2527e13b207e46091260944b98 '   itemscope=\"itemscope\" itemtype=\"https:\/\/schema.org\/CreativeWork\" ><div class='avia_textblock'  itemprop=\"text\" ><p style=\"text-align: center;\"><a href=\"https:\/\/carbon-production.com\/fr\/production-et-fabrication\/\" target=\"_blank\" rel=\"noopener\"><strong>PRODUCTION ET FABRICATION<\/strong><\/a><\/p>\n<\/div><\/section><\/p><\/div>\n<div  class='flex_column av-5ahal-a9d44729be4304ff0f968ce327458822 av_one_half  avia-builder-el-15  el_after_av_one_third  el_before_av_one_half  first flex_column_div  column-top-margin'     ><p>\n<style type=\"text\/css\" data-created_by=\"avia_inline_auto\" id=\"style-css-av-lao5m6b6-f3a7d64d0402e4211c432b0ace5ffa83\">\n#top .av-special-heading.av-lao5m6b6-f3a7d64d0402e4211c432b0ace5ffa83{\npadding-bottom:10px;\n}\nbody .av-special-heading.av-lao5m6b6-f3a7d64d0402e4211c432b0ace5ffa83 .av-special-heading-tag .heading-char{\nfont-size:25px;\n}\n.av-special-heading.av-lao5m6b6-f3a7d64d0402e4211c432b0ace5ffa83 .av-subheading{\nfont-size:15px;\n}\n<\/style>\n<div  class='av-special-heading av-lao5m6b6-f3a7d64d0402e4211c432b0ace5ffa83 av-special-heading-h2 blockquote modern-quote  avia-builder-el-16  el_before_av_textblock  avia-builder-el-first '><h2 class='av-special-heading-tag '  itemprop=\"headline\"  >Nos comp\u00e9tences<\/h2><div class=\"special-heading-border\"><div class=\"special-heading-inner-border\"><\/div><\/div><\/div><br \/>\n<section  class='av_textblock_section av-ldustftg-b1e3240c7168e6d95831ee3106ac78ca '   itemscope=\"itemscope\" itemtype=\"https:\/\/schema.org\/CreativeWork\" ><div class='avia_textblock'  itemprop=\"text\" ><p><span data-contrast=\"auto\">Nous proposons un service complet pour la fabrication de pi\u00e8ces en carbone et d&rsquo;autres pi\u00e8ces en mat\u00e9riaux composites. Cela signifie que nous nous occupons de tout, depuis le premier dessin de votre id\u00e9e jusqu&rsquo;\u00e0 l&rsquo;\u00e9limination de la derni\u00e8re inclusion de poussi\u00e8re dans votre pi\u00e8ce.   <\/span><span data-ccp-props=\"{\"> <\/span><\/p>\n<\/div><\/section><\/p><\/div>\n<div  class='flex_column av-3upmx-caafa5910e6f04ac2edb893e0ac3377f av_one_half  avia-builder-el-18  el_after_av_one_half  avia-builder-el-last  flex_column_div  column-top-margin'     ><p>\n<style type=\"text\/css\" data-created_by=\"avia_inline_auto\" id=\"style-css-av-oda1-c58426036e701ed99faafa5b3395a5c8\">\n#top .av-special-heading.av-oda1-c58426036e701ed99faafa5b3395a5c8{\npadding-bottom:10px;\n}\nbody .av-special-heading.av-oda1-c58426036e701ed99faafa5b3395a5c8 .av-special-heading-tag .heading-char{\nfont-size:25px;\n}\n.av-special-heading.av-oda1-c58426036e701ed99faafa5b3395a5c8 .av-subheading{\nfont-size:15px;\n}\n<\/style>\n<div  class='av-special-heading av-oda1-c58426036e701ed99faafa5b3395a5c8 av-special-heading-h2  avia-builder-el-19  el_before_av_textblock  avia-builder-el-first '><h2 class='av-special-heading-tag '  itemprop=\"headline\"  >Contact<\/h2><div class=\"special-heading-border\"><div class=\"special-heading-inner-border\"><\/div><\/div><\/div><br \/>\n<section  class='av_textblock_section av-m4naa3tx-9b35b4572e5f7099c9901b54f51dfa53 '   itemscope=\"itemscope\" itemtype=\"https:\/\/schema.org\/CreativeWork\" ><div class='avia_textblock'  itemprop=\"text\" ><p class=\"wpcf7-contact-form-not-found\"><strong>Erreur\u00a0:<\/strong> Formulaire de contact non trouv\u00e9\u00a0!<\/p>\n<\/div><\/section><\/p><\/div>\n","protected":false},"excerpt":{"rendered":"","protected":false},"author":1,"featured_media":0,"parent":0,"menu_order":0,"comment_status":"closed","ping_status":"closed","template":"","meta":{"footnotes":""},"class_list":["post-1630","page","type-page","status-publish","hentry"],"_links":{"self":[{"href":"https:\/\/carbon-production.com\/fr\/wp-json\/wp\/v2\/pages\/1630","targetHints":{"allow":["GET"]}}],"collection":[{"href":"https:\/\/carbon-production.com\/fr\/wp-json\/wp\/v2\/pages"}],"about":[{"href":"https:\/\/carbon-production.com\/fr\/wp-json\/wp\/v2\/types\/page"}],"author":[{"embeddable":true,"href":"https:\/\/carbon-production.com\/fr\/wp-json\/wp\/v2\/users\/1"}],"replies":[{"embeddable":true,"href":"https:\/\/carbon-production.com\/fr\/wp-json\/wp\/v2\/comments?post=1630"}],"version-history":[{"count":7,"href":"https:\/\/carbon-production.com\/fr\/wp-json\/wp\/v2\/pages\/1630\/revisions"}],"predecessor-version":[{"id":1945,"href":"https:\/\/carbon-production.com\/fr\/wp-json\/wp\/v2\/pages\/1630\/revisions\/1945"}],"wp:attachment":[{"href":"https:\/\/carbon-production.com\/fr\/wp-json\/wp\/v2\/media?parent=1630"}],"curies":[{"name":"wp","href":"https:\/\/api.w.org\/{rel}","templated":true}]}}