{"id":1594,"date":"2022-05-19T17:47:48","date_gmt":"2022-05-19T17:47:48","guid":{"rendered":"https:\/\/carbon-production.com\/contact\/"},"modified":"2026-01-06T12:55:32","modified_gmt":"2026-01-06T12:55:32","slug":"contact","status":"publish","type":"page","link":"https:\/\/carbon-production.com\/fr\/contact\/","title":{"rendered":"Contact"},"content":{"rendered":"\n<style type=\"text\/css\" data-created_by=\"avia_inline_auto\" id=\"style-css-av-l3dabbto-a549050f32e85388f44acb8a6743169f\">\n.avia-section.av-l3dabbto-a549050f32e85388f44acb8a6743169f{\nbackground-repeat:no-repeat;\nbackground-image:url(https:\/\/carbon-production.com\/wp-content\/uploads\/Carbon-Production-GmbH.jpg);\nbackground-position:50% 0%;\nbackground-attachment:scroll;\n}\n<\/style>\n<div id='av_section_1'  class='avia-section av-l3dabbto-a549050f32e85388f44acb8a6743169f main_color avia-section-default avia-no-border-styling  avia-builder-el-0  el_before_av_one_full  avia-builder-el-first  avia-full-stretch avia-bg-style-scroll container_wrap fullsize'  data-section-bg-repeat='stretch'><div class='container av-section-cont-open' ><main  role=\"main\" itemprop=\"mainContentOfPage\"  class='template-page content  av-content-full alpha units'><div class='post-entry post-entry-type-page post-entry-1594'><div class='entry-content-wrapper clearfix'>\n\n<style type=\"text\/css\" data-created_by=\"avia_inline_auto\" id=\"style-css-av-l3da9r0l-30d5485ea3c0c516f9d1eaa12c30ea31\">\n#top .av_textblock_section.av-l3da9r0l-30d5485ea3c0c516f9d1eaa12c30ea31 .avia_textblock{\ncolor:#ffffff;\n}\n<\/style>\n<section  class='av_textblock_section av-l3da9r0l-30d5485ea3c0c516f9d1eaa12c30ea31 '   itemscope=\"itemscope\" itemtype=\"https:\/\/schema.org\/CreativeWork\" ><div class='avia_textblock av_inherit_color'  itemprop=\"text\" ><h3><strong>carbon production GmbH<\/strong><\/h3>\n<p><strong>Kientenstr. 44<\/strong><br \/>\n<strong> D \u2013 72458 Albstadt<\/strong><\/p>\n<p><strong>Tel.: +49 7431 9571743<\/strong><br \/>\n<strong> Fax: +49 7431 9571763<\/strong><br \/>\n<strong> E-Mail: vertrieb@carbon-production.com<\/strong><\/p>\n<\/div><\/section>\n<\/div><\/div><\/main><!-- close content main element --><\/div><\/div><div id='after_section_1'  class='main_color av_default_container_wrap container_wrap fullsize'  ><div class='container av-section-cont-open' ><div class='template-page content  av-content-full alpha units'><div class='post-entry post-entry-type-page post-entry-1594'><div class='entry-content-wrapper clearfix'>\n\n<style type=\"text\/css\" data-created_by=\"avia_inline_auto\" id=\"style-css-av-3h8u9-220370f7372a3710d4de134f48642da3\">\n.flex_column.av-3h8u9-220370f7372a3710d4de134f48642da3{\nborder-radius:0px 0px 0px 0px;\npadding:0px 0px 0px 0px;\n}\n<\/style>\n<div  class='flex_column av-3h8u9-220370f7372a3710d4de134f48642da3 av_one_full  avia-builder-el-2  el_after_av_section  avia-builder-el-no-sibling  first flex_column_div av-zero-column-padding  '     ><p>\n<style type=\"text\/css\" data-created_by=\"avia_inline_auto\" id=\"style-css-av-laiqiaq2-098af2eed9b4cbdcc0df0f377111a23f\">\n#top .av-special-heading.av-laiqiaq2-098af2eed9b4cbdcc0df0f377111a23f{\npadding-bottom:10px;\n}\nbody .av-special-heading.av-laiqiaq2-098af2eed9b4cbdcc0df0f377111a23f .av-special-heading-tag .heading-char{\nfont-size:25px;\n}\n.av-special-heading.av-laiqiaq2-098af2eed9b4cbdcc0df0f377111a23f .av-subheading{\nfont-size:15px;\n}\n<\/style>\n<div  class='av-special-heading av-laiqiaq2-098af2eed9b4cbdcc0df0f377111a23f av-special-heading-h1 blockquote elegant-quote elegant-centered  avia-builder-el-3  el_before_av_textblock  avia-builder-el-first '><h1 class='av-special-heading-tag '  itemprop=\"headline\"  ><span class=\"heading-wrap\">Contactez nous<\/span><\/h1><div class='av-subheading av-subheading_below'><p>Votre interlocuteur pour les mat\u00e9riaux composites renforc\u00e9s de fibres<\/p>\n<\/div><div class=\"special-heading-border\"><div class=\"special-heading-inner-border\"><\/div><\/div><\/div><br \/>\n<section  class='av_textblock_section av-laiqu8tw-623d3e42bcb99797269c9941e45e0c60 '   itemscope=\"itemscope\" itemtype=\"https:\/\/schema.org\/CreativeWork\" ><div class='avia_textblock'  itemprop=\"text\" ><p>Vous avez des questions, vous \u00eates int\u00e9ress\u00e9 par un produit ou vous savez d\u00e9j\u00e0 exactement ce que vous voulez ? Alors appelez-nous au <strong>+49 7431 9571743<\/strong> ou utilisez notre formulaire de contact ! Vous pouvez \u00e9galement nous envoyer un e-mail \u00e0 l&rsquo;adresse suivante : info@carbon-production.com.<\/p>\n<\/div><\/section><br \/>\n<section  class='av_textblock_section av-m4n9wc7e-bea791b739472f4f2565ccb6e2bcf0d4 '   itemscope=\"itemscope\" itemtype=\"https:\/\/schema.org\/CreativeWork\" ><div class='avia_textblock'  itemprop=\"text\" ><p class=\"wpcf7-contact-form-not-found\"><strong>Erreur\u00a0:<\/strong> Formulaire de contact non trouv\u00e9\u00a0!<\/p>\n<\/div><\/section><\/p><\/div>\n","protected":false},"excerpt":{"rendered":"","protected":false},"author":1,"featured_media":0,"parent":0,"menu_order":0,"comment_status":"closed","ping_status":"closed","template":"","meta":{"footnotes":""},"class_list":["post-1594","page","type-page","status-publish","hentry"],"_links":{"self":[{"href":"https:\/\/carbon-production.com\/fr\/wp-json\/wp\/v2\/pages\/1594","targetHints":{"allow":["GET"]}}],"collection":[{"href":"https:\/\/carbon-production.com\/fr\/wp-json\/wp\/v2\/pages"}],"about":[{"href":"https:\/\/carbon-production.com\/fr\/wp-json\/wp\/v2\/types\/page"}],"author":[{"embeddable":true,"href":"https:\/\/carbon-production.com\/fr\/wp-json\/wp\/v2\/users\/1"}],"replies":[{"embeddable":true,"href":"https:\/\/carbon-production.com\/fr\/wp-json\/wp\/v2\/comments?post=1594"}],"version-history":[{"count":5,"href":"https:\/\/carbon-production.com\/fr\/wp-json\/wp\/v2\/pages\/1594\/revisions"}],"predecessor-version":[{"id":1601,"href":"https:\/\/carbon-production.com\/fr\/wp-json\/wp\/v2\/pages\/1594\/revisions\/1601"}],"wp:attachment":[{"href":"https:\/\/carbon-production.com\/fr\/wp-json\/wp\/v2\/media?parent=1594"}],"curies":[{"name":"wp","href":"https:\/\/api.w.org\/{rel}","templated":true}]}}