{"id":1524,"date":"2023-01-03T15:04:58","date_gmt":"2023-01-03T15:04:58","guid":{"rendered":"https:\/\/carbon-production.com\/mentions-legales\/"},"modified":"2023-01-03T15:04:58","modified_gmt":"2023-01-03T15:04:58","slug":"mentions-legales","status":"publish","type":"page","link":"https:\/\/carbon-production.com\/fr\/mentions-legales\/","title":{"rendered":"Mentions l\u00e9gales"},"content":{"rendered":"<h1>Mentions l\u00e9gales<\/h1>\n<h2>Informations conform\u00e9ment au \u00a7 5 TMG<\/h2>\n<p>carbon production GmbH<br \/>\n44, rue Kienten<br \/>\n72458 Albstadt-Ebingen<\/p>\n<p>Registre du commerce : HRB 744580<br \/>\nTribunal d&rsquo;enregistrement : Tribunal d&rsquo;instance de Stuttgart<\/p>\n<p><strong>Repr\u00e9sent\u00e9 par :<\/strong><br \/>\nSilvano Palladino<\/p>\n<h2>Contact<\/h2>\n<p>T\u00e9l\u00e9phone : +49 7431 9571743<br \/>\nT\u00e9l\u00e9copieur : +49 7431 9571763<br \/>\nCourrier \u00e9lectronique : info@carbon-production.com<\/p>\n<h2>Num\u00e9ro d&rsquo;identification de la taxe sur le chiffre d&rsquo;affaires<\/h2>\n<p>Num\u00e9ro d&rsquo;identification de la taxe sur le chiffre d&rsquo;affaires conform\u00e9ment au \u00a7 27 a de la loi sur la taxe sur le chiffre d&rsquo;affaires :<br \/>\nFR288576809<\/p>\n<h2>R\u00e8glement des litiges de consommation\/organe universel de conciliation<\/h2>\n<p>Nous ne sommes pas pr\u00eats ou oblig\u00e9s de participer \u00e0 des proc\u00e9dures de r\u00e8glement des litiges devant un organisme de conciliation des consommateurs.<\/p>\n","protected":false},"excerpt":{"rendered":"<p>Mentions l\u00e9gales Informations conform\u00e9ment au \u00a7 5 TMG carbon production GmbH 44, rue Kienten 72458 Albstadt-Ebingen Registre du commerce : HRB 744580 Tribunal d&rsquo;enregistrement : Tribunal d&rsquo;instance de Stuttgart Repr\u00e9sent\u00e9 par : Silvano Palladino Contact T\u00e9l\u00e9phone : +49 7431 9571743 T\u00e9l\u00e9copieur : +49 7431 9571763 Courrier \u00e9lectronique : info@carbon-production.com Num\u00e9ro d&rsquo;identification de la taxe sur [&hellip;]<\/p>\n","protected":false},"author":1,"featured_media":0,"parent":0,"menu_order":0,"comment_status":"closed","ping_status":"closed","template":"","meta":{"footnotes":""},"class_list":["post-1524","page","type-page","status-publish","hentry"],"_links":{"self":[{"href":"https:\/\/carbon-production.com\/fr\/wp-json\/wp\/v2\/pages\/1524","targetHints":{"allow":["GET"]}}],"collection":[{"href":"https:\/\/carbon-production.com\/fr\/wp-json\/wp\/v2\/pages"}],"about":[{"href":"https:\/\/carbon-production.com\/fr\/wp-json\/wp\/v2\/types\/page"}],"author":[{"embeddable":true,"href":"https:\/\/carbon-production.com\/fr\/wp-json\/wp\/v2\/users\/1"}],"replies":[{"embeddable":true,"href":"https:\/\/carbon-production.com\/fr\/wp-json\/wp\/v2\/comments?post=1524"}],"version-history":[{"count":0,"href":"https:\/\/carbon-production.com\/fr\/wp-json\/wp\/v2\/pages\/1524\/revisions"}],"wp:attachment":[{"href":"https:\/\/carbon-production.com\/fr\/wp-json\/wp\/v2\/media?parent=1524"}],"curies":[{"name":"wp","href":"https:\/\/api.w.org\/{rel}","templated":true}]}}