{"id":1898,"date":"2022-07-25T20:19:59","date_gmt":"2022-07-25T20:19:59","guid":{"rendered":"https:\/\/carbon-production.com\/fabricacion-de-modelos-y-moldes\/"},"modified":"2026-01-06T20:58:49","modified_gmt":"2026-01-06T20:58:49","slug":"fabricacion-de-modelos-y-moldes","status":"publish","type":"page","link":"https:\/\/carbon-production.com\/es\/fabricacion-de-modelos-y-moldes\/","title":{"rendered":"Fabricaci\u00f3n de modelos y moldes"},"content":{"rendered":"<div id='full_slider_1'  class='avia-fullwidth-slider main_color avia-shadow   avia-builder-el-0  el_before_av_one_full  avia-builder-el-first   container_wrap fullsize'  ><div  class='avia-slideshow av-lcxoo2q0-a0196ef75d8302e8d0da7e921620e62c avia-slideshow-featured av_slideshow_full avia-slide-slider av-slideshow-ui av-control-default av-slideshow-manual av-loop-once av-loop-manual-endless av-default-height-applied   avia-slideshow-1' data-slideshow-options=\"{&quot;animation&quot;:&quot;slide&quot;,&quot;autoplay&quot;:false,&quot;loop_autoplay&quot;:&quot;once&quot;,&quot;interval&quot;:5,&quot;loop_manual&quot;:&quot;manual-endless&quot;,&quot;autoplay_stopper&quot;:false,&quot;noNavigation&quot;:false,&quot;bg_slider&quot;:false,&quot;keep_padding&quot;:false,&quot;hoverpause&quot;:false,&quot;show_slide_delay&quot;:0}\"  itemprop=\"image\" itemscope=\"itemscope\" itemtype=\"https:\/\/schema.org\/ImageObject\" ><ul class='avia-slideshow-inner ' style='padding-bottom: 28.666666666667%;'><li  class='avia-slideshow-slide av-lcxoo2q0-a0196ef75d8302e8d0da7e921620e62c__0  av-single-slide slide-1 slide-odd'><div data-rel='slideshow-1' class='avia-slide-wrap '   ><img decoding=\"async\" fetchpriority=\"high\" class=\"wp-image-1901 avia-img-lazy-loading-not-1901\"  src=\"https:\/\/carbon-production.com\/wp-content\/uploads\/Modell-und-Formenbau-CP.jpg\" width=\"1500\" height=\"430\" title='Modell und Formenbau CP' alt=''  itemprop=\"thumbnailUrl\" srcset=\"https:\/\/carbon-production.com\/wp-content\/uploads\/Modell-und-Formenbau-CP.jpg 1500w, https:\/\/carbon-production.com\/wp-content\/uploads\/Modell-und-Formenbau-CP-300x86.jpg 300w, https:\/\/carbon-production.com\/wp-content\/uploads\/Modell-und-Formenbau-CP-1030x295.jpg 1030w, https:\/\/carbon-production.com\/wp-content\/uploads\/Modell-und-Formenbau-CP-768x220.jpg 768w, https:\/\/carbon-production.com\/wp-content\/uploads\/Modell-und-Formenbau-CP-705x202.jpg 705w\" sizes=\"(max-width: 1500px) 100vw, 1500px\" \/><\/div><\/li><\/ul><\/div><\/div><div id='after_full_slider_1'  class='main_color av_default_container_wrap container_wrap fullsize'  ><div class='container av-section-cont-open' ><div class='template-page content  av-content-full alpha units'><div class='post-entry post-entry-type-page post-entry-1898'><div class='entry-content-wrapper clearfix'>\n<div  class='flex_column av-ushyd-9d6f7a3795a0b6b14ad4615982e01fd5 av_one_full  avia-builder-el-1  el_after_av_slideshow_full  el_before_av_one_full  avia-builder-el-first  first flex_column_div  '     ><style type=\"text\/css\" data-created_by=\"avia_inline_auto\" id=\"style-css-av-lbsghr8f-18fa2192f75e60160e8bc4647646d3c6\">\n#top .av-special-heading.av-lbsghr8f-18fa2192f75e60160e8bc4647646d3c6{\npadding-bottom:10px;\n}\nbody .av-special-heading.av-lbsghr8f-18fa2192f75e60160e8bc4647646d3c6 .av-special-heading-tag .heading-char{\nfont-size:25px;\n}\n.av-special-heading.av-lbsghr8f-18fa2192f75e60160e8bc4647646d3c6 .av-subheading{\nfont-size:15px;\n}\n<\/style>\n<div  class='av-special-heading av-lbsghr8f-18fa2192f75e60160e8bc4647646d3c6 av-special-heading-h1 blockquote elegant-quote elegant-centered  avia-builder-el-2  avia-builder-el-no-sibling '><h1 class='av-special-heading-tag '  itemprop=\"headline\"  ><span class=\"heading-wrap\">Fabricaci\u00f3n de modelos y moldes<\/span><\/h1><div class='av-subheading av-subheading_below'><p>De la impresi\u00f3n 3D a la herramienta de aluminio<\/p>\n<\/div><div class=\"special-heading-border\"><div class=\"special-heading-inner-border\"><\/div><\/div><\/div><\/div>\n<div  class='flex_column av-lcxnjdug-1cbaf7e40b6db51a822ee78bc9be8caa av_one_full  avia-builder-el-3  el_after_av_one_full  el_before_av_one_full  first flex_column_div  column-top-margin'     ><style type=\"text\/css\" data-created_by=\"avia_inline_auto\" id=\"style-css-av-2krlh-c7bf4bfad9165a36f5c9cc89674c6c74\">\n.avia-image-container.av-2krlh-c7bf4bfad9165a36f5c9cc89674c6c74 img.avia_image{\nbox-shadow:none;\n}\n.avia-image-container.av-2krlh-c7bf4bfad9165a36f5c9cc89674c6c74 .av-image-caption-overlay-center{\ncolor:#ffffff;\n}\n<\/style>\n<div  class='avia-image-container av-2krlh-c7bf4bfad9165a36f5c9cc89674c6c74 av-styling- avia-align-center  avia-builder-el-4  avia-builder-el-no-sibling '   itemprop=\"image\" itemscope=\"itemscope\" itemtype=\"https:\/\/schema.org\/ImageObject\" ><div class=\"avia-image-container-inner\"><div class=\"avia-image-overlay-wrap\"><img decoding=\"async\" fetchpriority=\"high\" class='wp-image-1895 avia-img-lazy-loading-not-1895 avia_image ' src=\"https:\/\/carbon-production.com\/wp-content\/uploads\/Carbon-Spiegel-mit-Aluminium-Werkzeug.jpg\" alt='Espejo de carbono con herramienta de aluminio' title='Espejo de carbono con herramienta de aluminio'  height=\"500\" width=\"500\"  itemprop=\"thumbnailUrl\" srcset=\"https:\/\/carbon-production.com\/wp-content\/uploads\/Carbon-Spiegel-mit-Aluminium-Werkzeug.jpg 500w, https:\/\/carbon-production.com\/wp-content\/uploads\/Carbon-Spiegel-mit-Aluminium-Werkzeug-300x300.jpg 300w, https:\/\/carbon-production.com\/wp-content\/uploads\/Carbon-Spiegel-mit-Aluminium-Werkzeug-80x80.jpg 80w, https:\/\/carbon-production.com\/wp-content\/uploads\/Carbon-Spiegel-mit-Aluminium-Werkzeug-36x36.jpg 36w, https:\/\/carbon-production.com\/wp-content\/uploads\/Carbon-Spiegel-mit-Aluminium-Werkzeug-180x180.jpg 180w\" sizes=\"(max-width: 500px) 100vw, 500px\" \/><\/div><\/div><\/div><\/div>\n<div  class='flex_column av-ikt91-5a6d55acf6edafdd296a486d8695ac34 av_one_full  avia-builder-el-5  el_after_av_one_full  el_before_av_section  avia-builder-el-last  first flex_column_div  column-top-margin'     ><p>\n<style type=\"text\/css\" data-created_by=\"avia_inline_auto\" id=\"style-css-av-lbsgpk5b-2cd616b39f1958e166953ba5a41e80d3\">\n#top .av-special-heading.av-lbsgpk5b-2cd616b39f1958e166953ba5a41e80d3{\npadding-bottom:10px;\n}\nbody .av-special-heading.av-lbsgpk5b-2cd616b39f1958e166953ba5a41e80d3 .av-special-heading-tag .heading-char{\nfont-size:25px;\n}\n.av-special-heading.av-lbsgpk5b-2cd616b39f1958e166953ba5a41e80d3 .av-subheading{\nfont-size:15px;\n}\n<\/style>\n<div  class='av-special-heading av-lbsgpk5b-2cd616b39f1958e166953ba5a41e80d3 av-special-heading-h2 blockquote modern-quote  avia-builder-el-6  el_before_av_textblock  avia-builder-el-first '><h2 class='av-special-heading-tag '  itemprop=\"headline\"  >Forma exacta &#8211; componente exacto<\/h2><div class=\"special-heading-border\"><div class=\"special-heading-inner-border\"><\/div><\/div><\/div><br \/>\n<section  class='av_textblock_section av-lbsgubrv-db4cd97e4185727236a4e33cbb5b8726 '   itemscope=\"itemscope\" itemtype=\"https:\/\/schema.org\/CreativeWork\" ><div class='avia_textblock'  itemprop=\"text\" ><p>Para obtener un componente de CFRP perfecto al final de la producci\u00f3n, tanto el dise\u00f1o del componente como la construcci\u00f3n del modelo o molde deben realizarse con precisi\u00f3n. Para nosotros, en Carbon Production GmbH, es una gran ventaja poder ofrecer todos los pasos de una sola mano.<\/p>\n<\/div><\/section><br \/>\n\n<style type=\"text\/css\" data-created_by=\"avia_inline_auto\" id=\"style-css-sub-av-lcxo58k8-8c70ff459d77b5f8c575c10063c9aa08\">\n.avia-timeline-container .av-milestone.av-lcxo445r-519e27dac6b6f458613442c485fc27b0 .av-milestone-icon-inner{\nbackground-color:#f05a1a;\n}\n.avia-timeline-container .av-milestone.av-lcxo445r-519e27dac6b6f458613442c485fc27b0 .av-milestone-indicator{\nbackground-color:#f05a1a;\n}\n.avia-timeline-container .av-milestone.av-lcxo445r-519e27dac6b6f458613442c485fc27b0 .av-milestone-article-footer{\nbackground-color:#f05a1a;\n}\n.avia-timeline-container .av-milestone.av-lcxo445r-12-d9dcb85ccfa1642ebea90339b48c67ea .av-milestone-icon-inner{\nbackground-color:#f05a1a;\n}\n.avia-timeline-container .av-milestone.av-lcxo445r-12-d9dcb85ccfa1642ebea90339b48c67ea .av-milestone-indicator{\nbackground-color:#f05a1a;\n}\n.avia-timeline-container .av-milestone.av-lcxo445r-12-d9dcb85ccfa1642ebea90339b48c67ea .av-milestone-article-footer{\nbackground-color:#f05a1a;\n}\n.avia-timeline-container .av-milestone.av-lcxo445r-11-3c4cafdb925dd4ac3276e5a18304987e .av-milestone-icon-inner{\nbackground-color:#f05a1a;\n}\n.avia-timeline-container .av-milestone.av-lcxo445r-11-3c4cafdb925dd4ac3276e5a18304987e .av-milestone-indicator{\nbackground-color:#f05a1a;\n}\n.avia-timeline-container .av-milestone.av-lcxo445r-11-3c4cafdb925dd4ac3276e5a18304987e .av-milestone-article-footer{\nbackground-color:#f05a1a;\n}\n<\/style>\n<div  id=\"avia-timeline-1\"  class='avia-timeline-container av-lcxo58k8-8c70ff459d77b5f8c575c10063c9aa08 av-slideshow-ui  avia-builder-el-8  el_after_av_textblock  avia-builder-el-last ' ><ul class='avia-timeline avia-timeline-vertical av-milestone-placement-alternate avia-timeline-boxshadow avia_animate_when_almost_visible avia-timeline-animate'>\n<li  class='av-milestone av-lcxo445r-519e27dac6b6f458613442c485fc27b0 av-animated-generic fade-in av-milestone-valign-baseline av-milestone-odd'><h2 class='av-milestone-date ' id='milestone-paso-1' ><strong>Paso 1<span class='av-milestone-indicator'><\/span><\/strong><\/h2><div class=\"av-milestone-icon-wrap\"><span class='av-milestone-icon milestone_icon avia-font-entypo-fontello'><span class='av-milestone-icon-inner milestone_inner'><i class='milestone-char avia-iconfont avia-font-entypo-fontello' data-av_icon='' data-av_iconfont='entypo-fontello' ><\/i><\/span><\/span><\/div><article class='av-milestone-content-wrap'><div class='av-milestone-contentbox'><header class=\"entry-content-header\" aria-label=\"Milestone: El prototipo\"><h4 class='av-milestone-title '>El prototipo<\/h4><\/header><div class='av-milestone-content'><p>Una vez realizado con \u00e9xito el dibujo del dise\u00f1o, pasamos a la construcci\u00f3n del prototipo. Creamos una impresi\u00f3n en 3D del molde necesario y comprobamos nuestro concepto para asegurarnos de que encaja perfectamente y se puede montar como deseamos.<\/p>\n<\/div><\/div><footer class='av-milestone-article-footer entry-footer'><\/footer><\/article><\/li>\n<li  class='av-milestone av-lcxo445r-12-d9dcb85ccfa1642ebea90339b48c67ea av-animated-generic fade-in av-milestone-valign-baseline av-milestone-even'><article class='av-milestone-content-wrap'><div class='av-milestone-contentbox'><header class=\"entry-content-header\" aria-label=\"Milestone: Determinar la herramienta adecuada\"><h4 class='av-milestone-title '>Determinar la herramienta adecuada<\/h4><\/header><div class='av-milestone-content'><p>Si el prototipo ya no requiere cambios, podemos encargarnos del molde. Aqu\u00ed es importante considerar qu\u00e9 material se necesita. Para peque\u00f1as cantidades, puede bastar con elegir un material menos caro. Sin embargo, si tu componente de CFRP es un producto en serie o se necesita una vez en gran cantidad, entonces se recomienda un material m\u00e1s duradero.<\/p>\n<\/div><\/div><footer class='av-milestone-article-footer entry-footer'><\/footer><\/article><div class=\"av-milestone-icon-wrap\"><span class='av-milestone-icon milestone_icon avia-font-entypo-fontello'><span class='av-milestone-icon-inner milestone_inner'><i class='milestone-char avia-iconfont avia-font-entypo-fontello' data-av_icon='' data-av_iconfont='entypo-fontello' ><\/i><\/span><\/span><\/div><h2 class='av-milestone-date ' id='milestone-paso-2' ><strong>Paso 2  <span class='av-milestone-indicator'><\/span><\/strong><\/h2><\/li>\n<li  class='av-milestone av-lcxo445r-11-3c4cafdb925dd4ac3276e5a18304987e av-animated-generic fade-in av-milestone-valign-baseline av-milestone-odd'><h2 class='av-milestone-date ' id='milestone-paso-3' ><strong>Paso 3<span class='av-milestone-indicator'><\/span><\/strong><\/h2><div class=\"av-milestone-icon-wrap\"><span class='av-milestone-icon milestone_icon avia-font-entypo-fontello'><span class='av-milestone-icon-inner milestone_inner'><i class='milestone-char avia-iconfont avia-font-entypo-fontello' data-av_icon='' data-av_iconfont='entypo-fontello' ><\/i><\/span><\/span><\/div><article class='av-milestone-content-wrap'><div class='av-milestone-contentbox'><header class=\"entry-content-header\" aria-label=\"Milestone: Fabricaci\u00f3n del molde\"><h4 class='av-milestone-title '>Fabricaci\u00f3n del molde<\/h4><\/header><div class='av-milestone-content'><p>Dependiendo de la elecci\u00f3n de la herramienta, este paso de la construcci\u00f3n del molde tiene un aspecto diferente. Los moldes directos se fresan con la m\u00e1quina CNC, independientemente del material. Si se necesita un negativo de fibra de carbono, se lamina.<\/p>\n<\/div><\/div><footer class='av-milestone-article-footer entry-footer'><\/footer><\/article><\/li>\n<\/ul><\/div><\/p><\/div>\n<\/div><\/div><\/div><!-- close content main div --><\/div><\/div>\n<style type=\"text\/css\" data-created_by=\"avia_inline_auto\" id=\"style-css-av-9vdat-22244f895756b7149f33d9aa3a9e8710\">\n.avia-section.av-9vdat-22244f895756b7149f33d9aa3a9e8710{\nbackground-color:#808080;\nbackground-image:unset;\n}\n.avia-section.av-9vdat-22244f895756b7149f33d9aa3a9e8710 .av-extra-border-element .av-extra-border-inner{\nbackground-color:#333333;\n}\n<\/style>\n<div id='av_section_1'  class='avia-section av-9vdat-22244f895756b7149f33d9aa3a9e8710 main_color avia-section-default avia-shadow  avia-builder-el-9  el_after_av_one_full  el_before_av_one_half  avia-bg-style-scroll container_wrap fullsize'  ><div class='container av-section-cont-open' ><div class='template-page content  av-content-full alpha units'><div class='post-entry post-entry-type-page post-entry-1898'><div class='entry-content-wrapper clearfix'>\n<div  class='flex_column av-1s4ux1-3cac42876a31ff69958f51955c776d41 av_one_full  avia-builder-el-10  el_before_av_one_half  avia-builder-el-first  first flex_column_div  '     ><style type=\"text\/css\" data-created_by=\"avia_inline_auto\" id=\"style-css-av-lcxt7pt4-2acf9cad75d4f4cef1a92ea0cf01a436\">\n#top .av-special-heading.av-lcxt7pt4-2acf9cad75d4f4cef1a92ea0cf01a436{\npadding-bottom:10px;\ncolor:#ffffff;\n}\nbody .av-special-heading.av-lcxt7pt4-2acf9cad75d4f4cef1a92ea0cf01a436 .av-special-heading-tag .heading-char{\nfont-size:25px;\n}\n.av-special-heading.av-lcxt7pt4-2acf9cad75d4f4cef1a92ea0cf01a436 .special-heading-inner-border{\nborder-color:#ffffff;\n}\n.av-special-heading.av-lcxt7pt4-2acf9cad75d4f4cef1a92ea0cf01a436 .av-subheading{\nfont-size:15px;\n}\n<\/style>\n<div  class='av-special-heading av-lcxt7pt4-2acf9cad75d4f4cef1a92ea0cf01a436 av-special-heading-h2 custom-color-heading blockquote elegant-quote elegant-centered  avia-builder-el-11  avia-builder-el-no-sibling '><h2 class='av-special-heading-tag '  itemprop=\"headline\"  ><span class=\"heading-wrap\">Tipos de herramientas est\u00e1ndar<\/span><\/h2><div class=\"special-heading-border\"><div class=\"special-heading-inner-border\"><\/div><\/div><\/div><\/div><div  class='flex_column av-glkfp-b707c2d3c56720953584924648fee360 av_one_half  avia-builder-el-12  el_after_av_one_full  el_before_av_one_half  first flex_column_div  column-top-margin'     ><p>\n<style type=\"text\/css\" data-created_by=\"avia_inline_auto\" id=\"style-css-av-lbshn4hm-71597507496bd893a191f95fce24fae4\">\n#top .av-special-heading.av-lbshn4hm-71597507496bd893a191f95fce24fae4{\npadding-bottom:10px;\ncolor:#ffffff;\n}\nbody .av-special-heading.av-lbshn4hm-71597507496bd893a191f95fce24fae4 .av-special-heading-tag .heading-char{\nfont-size:25px;\n}\n.av-special-heading.av-lbshn4hm-71597507496bd893a191f95fce24fae4 .special-heading-inner-border{\nborder-color:#ffffff;\n}\n.av-special-heading.av-lbshn4hm-71597507496bd893a191f95fce24fae4 .av-subheading{\nfont-size:15px;\n}\n<\/style>\n<div  class='av-special-heading av-lbshn4hm-71597507496bd893a191f95fce24fae4 av-special-heading-h3 custom-color-heading blockquote modern-quote modern-centered  avia-builder-el-13  el_before_av_image  avia-builder-el-first '><h3 class='av-special-heading-tag '  itemprop=\"headline\"  >Fibra de carbono negativa<\/h3><div class=\"special-heading-border\"><div class=\"special-heading-inner-border\"><\/div><\/div><\/div><br \/>\n\n<style type=\"text\/css\" data-created_by=\"avia_inline_auto\" id=\"style-css-av-1loh6d-f0abf6b6aa2f5896ed2acdf08474bfd3\">\n.avia-image-container.av-1loh6d-f0abf6b6aa2f5896ed2acdf08474bfd3 img.avia_image{\nbox-shadow:none;\n}\n.avia-image-container.av-1loh6d-f0abf6b6aa2f5896ed2acdf08474bfd3 .av-image-caption-overlay-center{\ncolor:#ffffff;\n}\n<\/style>\n<div  class='avia-image-container av-1loh6d-f0abf6b6aa2f5896ed2acdf08474bfd3 av-styling- avia-align-center  avia-builder-el-14  el_after_av_heading  avia-builder-el-last '   itemprop=\"image\" itemscope=\"itemscope\" itemtype=\"https:\/\/schema.org\/ImageObject\" ><div class=\"avia-image-container-inner\"><div class=\"avia-image-overlay-wrap\"><img decoding=\"async\" fetchpriority=\"high\" class='wp-image-1896 avia-img-lazy-loading-not-1896 avia_image ' src=\"https:\/\/carbon-production.com\/wp-content\/uploads\/Kohlefasernegativ-Werkzeug.jpg\" alt='Herramienta negativa de fibra de carbono' title='Herramienta negativa de fibra de carbono'  height=\"500\" width=\"500\"  itemprop=\"thumbnailUrl\" srcset=\"https:\/\/carbon-production.com\/wp-content\/uploads\/Kohlefasernegativ-Werkzeug.jpg 500w, https:\/\/carbon-production.com\/wp-content\/uploads\/Kohlefasernegativ-Werkzeug-300x300.jpg 300w, https:\/\/carbon-production.com\/wp-content\/uploads\/Kohlefasernegativ-Werkzeug-80x80.jpg 80w, https:\/\/carbon-production.com\/wp-content\/uploads\/Kohlefasernegativ-Werkzeug-36x36.jpg 36w, https:\/\/carbon-production.com\/wp-content\/uploads\/Kohlefasernegativ-Werkzeug-180x180.jpg 180w\" sizes=\"(max-width: 500px) 100vw, 500px\" \/><\/div><\/div><\/div><\/p><\/div><div  class='flex_column av-b1m4t-2dbfd9314afe2c472a9bcbec786b610a av_one_half  avia-builder-el-15  el_after_av_one_half  avia-builder-el-last  flex_column_div  column-top-margin'     ><p>\n<style type=\"text\/css\" data-created_by=\"avia_inline_auto\" id=\"style-css-av-lbshndi2-da1696c12fec3f77cf1836f738c4bb7e\">\n#top .av-special-heading.av-lbshndi2-da1696c12fec3f77cf1836f738c4bb7e{\npadding-bottom:10px;\ncolor:#ffffff;\n}\nbody .av-special-heading.av-lbshndi2-da1696c12fec3f77cf1836f738c4bb7e .av-special-heading-tag .heading-char{\nfont-size:25px;\n}\n.av-special-heading.av-lbshndi2-da1696c12fec3f77cf1836f738c4bb7e .special-heading-inner-border{\nborder-color:#ffffff;\n}\n.av-special-heading.av-lbshndi2-da1696c12fec3f77cf1836f738c4bb7e .av-subheading{\nfont-size:15px;\n}\n<\/style>\n<div  class='av-special-heading av-lbshndi2-da1696c12fec3f77cf1836f738c4bb7e av-special-heading-h3 custom-color-heading blockquote modern-quote modern-centered  avia-builder-el-16  el_before_av_image  avia-builder-el-first '><h3 class='av-special-heading-tag '  itemprop=\"headline\"  >Herramientas directas<\/h3><div class=\"special-heading-border\"><div class=\"special-heading-inner-border\"><\/div><\/div><\/div><br \/>\n\n<style type=\"text\/css\" data-created_by=\"avia_inline_auto\" id=\"style-css-av-1ev1j1-0dbbb7833c8d120c4477e50e92cb595c\">\n.avia-image-container.av-1ev1j1-0dbbb7833c8d120c4477e50e92cb595c img.avia_image{\nbox-shadow:none;\n}\n.avia-image-container.av-1ev1j1-0dbbb7833c8d120c4477e50e92cb595c .av-image-caption-overlay-center{\ncolor:#ffffff;\n}\n<\/style>\n<div  class='avia-image-container av-1ev1j1-0dbbb7833c8d120c4477e50e92cb595c av-styling- avia-align-center  avia-builder-el-17  el_after_av_heading  avia-builder-el-last '   itemprop=\"image\" itemscope=\"itemscope\" itemtype=\"https:\/\/schema.org\/ImageObject\" ><div class=\"avia-image-container-inner\"><div class=\"avia-image-overlay-wrap\"><img decoding=\"async\" fetchpriority=\"high\" class='wp-image-1897 avia-img-lazy-loading-not-1897 avia_image ' src=\"https:\/\/carbon-production.com\/wp-content\/uploads\/Direktwerkzeug.jpg\" alt='Herramienta directa de aluminio' title='Herramienta directa'  height=\"500\" width=\"500\"  itemprop=\"thumbnailUrl\" srcset=\"https:\/\/carbon-production.com\/wp-content\/uploads\/Direktwerkzeug.jpg 500w, https:\/\/carbon-production.com\/wp-content\/uploads\/Direktwerkzeug-300x300.jpg 300w, https:\/\/carbon-production.com\/wp-content\/uploads\/Direktwerkzeug-80x80.jpg 80w, https:\/\/carbon-production.com\/wp-content\/uploads\/Direktwerkzeug-36x36.jpg 36w, https:\/\/carbon-production.com\/wp-content\/uploads\/Direktwerkzeug-180x180.jpg 180w\" sizes=\"(max-width: 500px) 100vw, 500px\" \/><\/div><\/div><\/div><\/p><\/div>\n<\/div><\/div><\/div><!-- close content main div --><\/div><div class='av-extra-border-element border-extra-diagonal  '><div class='av-extra-border-outer'><div class='av-extra-border-inner'><\/div><\/div><\/div><\/div><div id='after_section_1'  class='main_color av_default_container_wrap container_wrap fullsize'  ><div class='container av-section-cont-open' ><div class='template-page content  av-content-full alpha units'><div class='post-entry post-entry-type-page post-entry-1898'><div class='entry-content-wrapper clearfix'>\n<div  class='flex_column av-16hk4t-6f95a1f541304d9484a470301de7253e av_one_half  avia-builder-el-18  el_after_av_section  el_before_av_one_half  avia-builder-el-first  first flex_column_div  '     ><p>\n<style type=\"text\/css\" data-created_by=\"avia_inline_auto\" id=\"style-css-av-lcxtr754-202031ea703a83da565ec2139292e1d9\">\n#top .av-special-heading.av-lcxtr754-202031ea703a83da565ec2139292e1d9{\npadding-bottom:10px;\n}\nbody .av-special-heading.av-lcxtr754-202031ea703a83da565ec2139292e1d9 .av-special-heading-tag .heading-char{\nfont-size:25px;\n}\n.av-special-heading.av-lcxtr754-202031ea703a83da565ec2139292e1d9 .av-subheading{\nfont-size:15px;\n}\n<\/style>\n<div  class='av-special-heading av-lcxtr754-202031ea703a83da565ec2139292e1d9 av-special-heading-h2 blockquote modern-quote  avia-builder-el-19  el_before_av_textblock  avia-builder-el-first '><h2 class='av-special-heading-tag '  itemprop=\"headline\"  >\u00bfTienes preguntas? \u00a1Escr\u00edbenos! <\/h2><div class=\"special-heading-border\"><div class=\"special-heading-inner-border\"><\/div><\/div><\/div><br \/>\n<section  class='av_textblock_section av-le0l175g-a98d4325048ffdb8636502c16953f9f9 '   itemscope=\"itemscope\" itemtype=\"https:\/\/schema.org\/CreativeWork\" ><div class='avia_textblock'  itemprop=\"text\" ><p>\u00bfTienes alguna pregunta sobre herramientas para la fabricaci\u00f3n de componentes de <a href=\"https:\/\/carbon-production.com\/es\/compuestos-de-fibra\/\" target=\"_blank\" rel=\"noopener\"><strong>material compuesto de fibra<\/strong><\/a>? Estaremos encantados de asesorarte sobre las ventajas e inconvenientes de cada herramienta para componentes de CFRP y GFRP. Independientemente del tipo de herramienta que elijas, nos encargaremos de la fabricaci\u00f3n de herramientas precisas para tu componente.<\/p>\n<\/div><\/section><br \/>\n\n<style type=\"text\/css\" data-created_by=\"avia_inline_auto\" id=\"style-css-av-lcxul5oc-3d67d4f13555a416ace532936bb592d6\">\n.avia-image-container.av-lcxul5oc-3d67d4f13555a416ace532936bb592d6 img.avia_image{\nbox-shadow:none;\n}\n.avia-image-container.av-lcxul5oc-3d67d4f13555a416ace532936bb592d6 .av-image-caption-overlay-center{\ncolor:#ffffff;\n}\n<\/style>\n<div  class='avia-image-container av-lcxul5oc-3d67d4f13555a416ace532936bb592d6 av-styling- avia-align-center  avia-builder-el-21  el_after_av_textblock  avia-builder-el-last '   itemprop=\"image\" itemscope=\"itemscope\" itemtype=\"https:\/\/schema.org\/ImageObject\" ><div class=\"avia-image-container-inner\"><div class=\"avia-image-overlay-wrap\"><img decoding=\"async\" fetchpriority=\"high\" class='wp-image-1644 avia-img-lazy-loading-not-1644 avia_image ' src=\"https:\/\/carbon-production.com\/wp-content\/uploads\/Epoxidharz-Form.png\" alt='Molde de resina epoxi' title='Molde de resina epoxi'  height=\"500\" width=\"500\"  itemprop=\"thumbnailUrl\" srcset=\"https:\/\/carbon-production.com\/wp-content\/uploads\/Epoxidharz-Form.png 500w, https:\/\/carbon-production.com\/wp-content\/uploads\/Epoxidharz-Form-300x300.png 300w, https:\/\/carbon-production.com\/wp-content\/uploads\/Epoxidharz-Form-80x80.png 80w, https:\/\/carbon-production.com\/wp-content\/uploads\/Epoxidharz-Form-36x36.png 36w, https:\/\/carbon-production.com\/wp-content\/uploads\/Epoxidharz-Form-180x180.png 180w\" sizes=\"(max-width: 500px) 100vw, 500px\" \/><\/div><\/div><\/div><\/p><\/div>\n<div  class='flex_column av-13io51-75e5d61e249a4e3799c3ecdd4de7ff89 av_one_half  avia-builder-el-22  el_after_av_one_half  avia-builder-el-last  flex_column_div  '     ><section  class='av_textblock_section av-m4nabq41-b6db3fb95b00a9d843af2a044f910933 '   itemscope=\"itemscope\" itemtype=\"https:\/\/schema.org\/CreativeWork\" ><div class='avia_textblock'  itemprop=\"text\" ><p class=\"wpcf7-contact-form-not-found\"><strong>Error:<\/strong> Formulario de contacto no encontrado.<\/p>\n<\/div><\/section><\/div>\n","protected":false},"excerpt":{"rendered":"","protected":false},"author":1,"featured_media":0,"parent":0,"menu_order":0,"comment_status":"closed","ping_status":"closed","template":"","meta":{"footnotes":""},"class_list":["post-1898","page","type-page","status-publish","hentry"],"_links":{"self":[{"href":"https:\/\/carbon-production.com\/es\/wp-json\/wp\/v2\/pages\/1898","targetHints":{"allow":["GET"]}}],"collection":[{"href":"https:\/\/carbon-production.com\/es\/wp-json\/wp\/v2\/pages"}],"about":[{"href":"https:\/\/carbon-production.com\/es\/wp-json\/wp\/v2\/types\/page"}],"author":[{"embeddable":true,"href":"https:\/\/carbon-production.com\/es\/wp-json\/wp\/v2\/users\/1"}],"replies":[{"embeddable":true,"href":"https:\/\/carbon-production.com\/es\/wp-json\/wp\/v2\/comments?post=1898"}],"version-history":[{"count":3,"href":"https:\/\/carbon-production.com\/es\/wp-json\/wp\/v2\/pages\/1898\/revisions"}],"predecessor-version":[{"id":1904,"href":"https:\/\/carbon-production.com\/es\/wp-json\/wp\/v2\/pages\/1898\/revisions\/1904"}],"wp:attachment":[{"href":"https:\/\/carbon-production.com\/es\/wp-json\/wp\/v2\/media?parent=1898"}],"curies":[{"name":"wp","href":"https:\/\/api.w.org\/{rel}","templated":true}]}}