{"id":1869,"date":"2022-07-25T20:19:59","date_gmt":"2022-07-25T20:19:59","guid":{"rendered":"https:\/\/carbon-production.com\/construccion\/"},"modified":"2026-01-06T20:56:22","modified_gmt":"2026-01-06T20:56:22","slug":"construccion","status":"publish","type":"page","link":"https:\/\/carbon-production.com\/es\/construccion\/","title":{"rendered":"Construcci\u00f3n"},"content":{"rendered":"<div id='full_slider_1'  class='avia-fullwidth-slider main_color avia-shadow   avia-builder-el-0  el_before_av_one_full  avia-builder-el-first   container_wrap fullsize'  ><div  class='avia-slideshow av-ldhu019b-1fe284de84705b36e21386b0fa8a7e50 avia-slideshow-featured av_slideshow_full avia-slide-slider av-slideshow-ui av-control-default av-slideshow-manual av-loop-once av-loop-manual-endless av-default-height-applied   avia-slideshow-1' data-slideshow-options=\"{&quot;animation&quot;:&quot;slide&quot;,&quot;autoplay&quot;:false,&quot;loop_autoplay&quot;:&quot;once&quot;,&quot;interval&quot;:5,&quot;loop_manual&quot;:&quot;manual-endless&quot;,&quot;autoplay_stopper&quot;:false,&quot;noNavigation&quot;:false,&quot;bg_slider&quot;:false,&quot;keep_padding&quot;:false,&quot;hoverpause&quot;:false,&quot;show_slide_delay&quot;:0}\"  itemprop=\"image\" itemscope=\"itemscope\" itemtype=\"https:\/\/schema.org\/ImageObject\" ><ul class='avia-slideshow-inner ' style='padding-bottom: 28.666666666667%;'><li  class='avia-slideshow-slide av-ldhu019b-1fe284de84705b36e21386b0fa8a7e50__0  slide-1 slide-odd'><div data-rel='slideshow-1' class='avia-slide-wrap '   ><img decoding=\"async\" fetchpriority=\"high\" class=\"wp-image-1870 avia-img-lazy-loading-not-1870\"  src=\"https:\/\/carbon-production.com\/wp-content\/uploads\/Konstruktion-Banner.jpg\" width=\"1500\" height=\"430\" title='Konstruktion Banner' alt='Konstruktionszeichnung Carbon Teile'  itemprop=\"thumbnailUrl\" srcset=\"https:\/\/carbon-production.com\/wp-content\/uploads\/Konstruktion-Banner.jpg 1500w, https:\/\/carbon-production.com\/wp-content\/uploads\/Konstruktion-Banner-300x86.jpg 300w, https:\/\/carbon-production.com\/wp-content\/uploads\/Konstruktion-Banner-1030x295.jpg 1030w, https:\/\/carbon-production.com\/wp-content\/uploads\/Konstruktion-Banner-768x220.jpg 768w, https:\/\/carbon-production.com\/wp-content\/uploads\/Konstruktion-Banner-705x202.jpg 705w\" sizes=\"(max-width: 1500px) 100vw, 1500px\" \/><\/div><\/li><li  class='avia-slideshow-slide av-ldhu019b-1fe284de84705b36e21386b0fa8a7e50__1  slide-2 slide-even'><div data-rel='slideshow-1' class='avia-slide-wrap '   ><img decoding=\"async\" fetchpriority=\"high\" class=\"wp-image-1871 avia-img-lazy-loading-not-1871\"  src=\"https:\/\/carbon-production.com\/wp-content\/uploads\/Konstruktion-CP-Banner.jpg\" width=\"1500\" height=\"430\" title='Konstruktion CP Banner' alt='Konstruktionszeichnung Carbon Teile'  itemprop=\"thumbnailUrl\" srcset=\"https:\/\/carbon-production.com\/wp-content\/uploads\/Konstruktion-CP-Banner.jpg 1500w, https:\/\/carbon-production.com\/wp-content\/uploads\/Konstruktion-CP-Banner-300x86.jpg 300w, https:\/\/carbon-production.com\/wp-content\/uploads\/Konstruktion-CP-Banner-1030x295.jpg 1030w, https:\/\/carbon-production.com\/wp-content\/uploads\/Konstruktion-CP-Banner-768x220.jpg 768w, https:\/\/carbon-production.com\/wp-content\/uploads\/Konstruktion-CP-Banner-705x202.jpg 705w\" sizes=\"(max-width: 1500px) 100vw, 1500px\" \/><\/div><\/li><\/ul><div class='avia-slideshow-arrows avia-slideshow-controls' ><a href='#prev' class='prev-slide  avia-svg-icon avia-font-svg_entypo-fontello' data-av_svg_icon='left-open-big' data-av_iconset='svg_entypo-fontello' tabindex='-1' title=\"Anterior\"><svg version=\"1.1\" xmlns=\"http:\/\/www.w3.org\/2000\/svg\" width=\"15\" height=\"32\" viewBox=\"0 0 15 32\" preserveAspectRatio=\"xMidYMid meet\" aria-labelledby='av-svg-title-1' aria-describedby='av-svg-desc-1' role=\"graphics-symbol\" aria-hidden=\"true\">\n<title id='av-svg-title-1'>Anterior<\/title>\n<desc id='av-svg-desc-1'>Anterior<\/desc>\n<path d=\"M14.464 27.84q0.832 0.832 0 1.536-0.832 0.832-1.536 0l-12.544-12.608q-0.768-0.768 0-1.6l12.544-12.608q0.704-0.832 1.536 0 0.832 0.704 0 1.536l-11.456 11.904z\"><\/path>\n<\/svg><span class='avia_hidden_link_text'>Anterior<\/span><\/a><a href='#next' class='next-slide  avia-svg-icon avia-font-svg_entypo-fontello' data-av_svg_icon='right-open-big' data-av_iconset='svg_entypo-fontello' tabindex='-1' title=\"Posterior\"><svg version=\"1.1\" xmlns=\"http:\/\/www.w3.org\/2000\/svg\" width=\"15\" height=\"32\" viewBox=\"0 0 15 32\" preserveAspectRatio=\"xMidYMid meet\" aria-labelledby='av-svg-title-2' aria-describedby='av-svg-desc-2' role=\"graphics-symbol\" aria-hidden=\"true\">\n<title id='av-svg-title-2'>Posterior<\/title>\n<desc id='av-svg-desc-2'>Posterior<\/desc>\n<path d=\"M0.416 27.84l11.456-11.84-11.456-11.904q-0.832-0.832 0-1.536 0.832-0.832 1.536 0l12.544 12.608q0.768 0.832 0 1.6l-12.544 12.608q-0.704 0.832-1.536 0-0.832-0.704 0-1.536z\"><\/path>\n<\/svg><span class='avia_hidden_link_text'>Posterior<\/span><\/a><\/div><div class='avia-slideshow-dots avia-slideshow-controls'><a href='#1' class='goto-slide active' >1<\/a><a href='#2' class='goto-slide ' >2<\/a><\/div><\/div><\/div><div id='after_full_slider_1'  class='main_color av_default_container_wrap container_wrap fullsize'  ><div class='container av-section-cont-open' ><div class='template-page content  av-content-full alpha units'><div class='post-entry post-entry-type-page post-entry-1869'><div class='entry-content-wrapper clearfix'>\n<div  class='flex_column av-xz30-e0e77e5668c4e0e77aabc00ae32c8a8c av_one_full  avia-builder-el-1  el_after_av_slideshow_full  el_before_av_one_full  avia-builder-el-first  first flex_column_div  '     ><style type=\"text\/css\" data-created_by=\"avia_inline_auto\" id=\"style-css-av-lao4x9gh-a97d2231fab630c4146f5f9f9be288c2\">\n#top .av-special-heading.av-lao4x9gh-a97d2231fab630c4146f5f9f9be288c2{\npadding-bottom:10px;\n}\nbody .av-special-heading.av-lao4x9gh-a97d2231fab630c4146f5f9f9be288c2 .av-special-heading-tag .heading-char{\nfont-size:25px;\n}\n.av-special-heading.av-lao4x9gh-a97d2231fab630c4146f5f9f9be288c2 .av-subheading{\nfont-size:15px;\n}\n<\/style>\n<div  class='av-special-heading av-lao4x9gh-a97d2231fab630c4146f5f9f9be288c2 av-special-heading-h1 blockquote elegant-quote elegant-centered  avia-builder-el-2  avia-builder-el-no-sibling '><h1 class='av-special-heading-tag '  itemprop=\"headline\"  ><span class=\"heading-wrap\">Construcci\u00f3n<\/span><\/h1><div class='av-subheading av-subheading_below'><p>En el principio est\u00e1 la idea<\/p>\n<\/div><div class=\"special-heading-border\"><div class=\"special-heading-inner-border\"><\/div><\/div><\/div><\/div>\n<div  class='flex_column av-bl17g-6dc835b700a16069556094ecbd491701 av_one_full  avia-builder-el-3  el_after_av_one_full  el_before_av_one_full  first flex_column_div  column-top-margin'     ><p>\n<style type=\"text\/css\" data-created_by=\"avia_inline_auto\" id=\"style-css-av-lao6h7xe-557b7dbef74605f39caf5132acd9f42f\">\n#top .av-special-heading.av-lao6h7xe-557b7dbef74605f39caf5132acd9f42f{\npadding-bottom:10px;\n}\nbody .av-special-heading.av-lao6h7xe-557b7dbef74605f39caf5132acd9f42f .av-special-heading-tag .heading-char{\nfont-size:25px;\n}\n.av-special-heading.av-lao6h7xe-557b7dbef74605f39caf5132acd9f42f .av-subheading{\nfont-size:15px;\n}\n<\/style>\n<div  class='av-special-heading av-lao6h7xe-557b7dbef74605f39caf5132acd9f42f av-special-heading-h2 blockquote modern-quote  avia-builder-el-4  el_before_av_textblock  avia-builder-el-first '><h2 class='av-special-heading-tag '  itemprop=\"headline\"  >Con nosotros, \u00a1la idea de tu componente toma forma!  <\/h2><div class=\"special-heading-border\"><div class=\"special-heading-inner-border\"><\/div><\/div><\/div><br \/>\n<section  class='av_textblock_section av-lao6lhb0-81260a9e5bc9b7e5b2402389140df345 '   itemscope=\"itemscope\" itemtype=\"https:\/\/schema.org\/CreativeWork\" ><div class='avia_textblock'  itemprop=\"text\" ><p><span data-contrast=\"auto\">No esperamos que nuestros clientes tengan planes. \u00bfTienes una idea? Nosotros la realizamos. Nos ocupamos del dise\u00f1o compatible con fibra de tu componente y creamos planos de dise\u00f1o precisos.     <\/span><span data-ccp-props=\"{\"> <\/span><\/p>\n<\/div><\/section><\/p><\/div>\n<div  class='flex_column av-bghmk-585c1cf2b51459ea4eae7b1c58ca5370 av_one_full  avia-builder-el-6  el_after_av_one_full  el_before_av_one_half  first flex_column_div  column-top-margin'     ><style type=\"text\/css\" data-created_by=\"avia_inline_auto\" id=\"style-css-sub-av-ldcwtl9b-14b69b8b062083615a34370df0000836\">\n.avia-timeline-container .av-milestone.av-ldcwtj69-6da130d3e47b2ed89bc183ec2df09f38 .av-milestone-icon-inner{\nbackground-color:#f05a1a;\n}\n.avia-timeline-container .av-milestone.av-ldcwtj69-6da130d3e47b2ed89bc183ec2df09f38 .av-milestone-indicator{\nbackground-color:#f05a1a;\n}\n.avia-timeline-container .av-milestone.av-ldcwtj69-6da130d3e47b2ed89bc183ec2df09f38 .av-milestone-article-footer{\nbackground-color:#f05a1a;\n}\n.avia-timeline-container .av-milestone.av-ldcwubzj-335121ef662be77d31bbb987d161992f .av-milestone-icon-inner{\nbackground-color:#f05a1a;\n}\n.avia-timeline-container .av-milestone.av-ldcwubzj-335121ef662be77d31bbb987d161992f .av-milestone-indicator{\nbackground-color:#f05a1a;\n}\n.avia-timeline-container .av-milestone.av-ldcwubzj-335121ef662be77d31bbb987d161992f .av-milestone-article-footer{\nbackground-color:#f05a1a;\n}\n.avia-timeline-container .av-milestone.av-ldcwv6n9-6835dd10edc9b4d4bad8c26346975cde .av-milestone-icon-inner{\nbackground-color:#f05a1a;\n}\n.avia-timeline-container .av-milestone.av-ldcwv6n9-6835dd10edc9b4d4bad8c26346975cde .av-milestone-indicator{\nbackground-color:#f05a1a;\n}\n.avia-timeline-container .av-milestone.av-ldcwv6n9-6835dd10edc9b4d4bad8c26346975cde .av-milestone-article-footer{\nbackground-color:#f05a1a;\n}\n.avia-timeline-container .av-milestone.av-ldcwv6n9-2-1261bf3618bacff20a22af4dbf2b484d .av-milestone-icon-inner{\nbackground-color:#f05a1a;\n}\n.avia-timeline-container .av-milestone.av-ldcwv6n9-2-1261bf3618bacff20a22af4dbf2b484d .av-milestone-indicator{\nbackground-color:#f05a1a;\n}\n.avia-timeline-container .av-milestone.av-ldcwv6n9-2-1261bf3618bacff20a22af4dbf2b484d .av-milestone-article-footer{\nbackground-color:#f05a1a;\n}\n<\/style>\n<div  id=\"avia-timeline-1\"  class='avia-timeline-container av-ldcwtl9b-14b69b8b062083615a34370df0000836 av-slideshow-ui  avia-builder-el-7  avia-builder-el-no-sibling ' ><ul class='avia-timeline avia-timeline-vertical av-milestone-placement-alternate avia-timeline-boxshadow avia_animate_when_almost_visible avia-timeline-animate'>\n<li  class='av-milestone av-ldcwtj69-6da130d3e47b2ed89bc183ec2df09f38 av-animated-generic fade-in av-milestone-valign-baseline av-milestone-odd'><h2 class='av-milestone-date ' id='milestone-paso-1' ><strong>Paso 1<span class='av-milestone-indicator'><\/span><\/strong><\/h2><div class=\"av-milestone-icon-wrap\"><span class='av-milestone-icon milestone_icon avia-font-entypo-fontello'><span class='av-milestone-icon-inner milestone_inner'><i class='milestone-char avia-iconfont avia-font-entypo-fontello' data-av_icon='' data-av_iconfont='entypo-fontello' ><\/i><\/span><\/span><\/div><article class='av-milestone-content-wrap'><div class='av-milestone-contentbox'><header class=\"entry-content-header\" aria-label=\"Milestone: La idea\"><h4 class='av-milestone-title '>La idea<\/h4><\/header><div class='av-milestone-content'><p>El primer paso es hablar de tu idea. \u00bfTienes ya una idea precisa de lo que debemos crear para una pieza de trabajo de compuesto de fibra? \u00bfTienes ya algo concreto en mente o quieres que te presentemos una posible soluci\u00f3n?<\/p>\n<\/div><\/div><footer class='av-milestone-article-footer entry-footer'><\/footer><\/article><\/li>\n<li  class='av-milestone av-ldcwubzj-335121ef662be77d31bbb987d161992f av-animated-generic fade-in av-milestone-valign-baseline av-milestone-even'><article class='av-milestone-content-wrap'><div class='av-milestone-contentbox'><header class=\"entry-content-header\" aria-label=\"Milestone: Realizaci\u00f3n y cuestiones materiales\"><h4 class='av-milestone-title '>Realizaci\u00f3n y cuestiones materiales<\/h4><\/header><div class='av-milestone-content'><p>Una vez aclarada la cuesti\u00f3n de la idea, empezamos a pensar en su realizaci\u00f3n. \u00bfQu\u00e9 forma debe tener el componente y qu\u00e9 tipo de material compuesto de fibras es el m\u00e1s adecuado para su realizaci\u00f3n?<\/p>\n<\/div><\/div><footer class='av-milestone-article-footer entry-footer'><\/footer><\/article><div class=\"av-milestone-icon-wrap\"><span class='av-milestone-icon milestone_icon avia-font-entypo-fontello'><span class='av-milestone-icon-inner milestone_inner'><i class='milestone-char avia-iconfont avia-font-entypo-fontello' data-av_icon='' data-av_iconfont='entypo-fontello' ><\/i><\/span><\/span><\/div><h2 class='av-milestone-date ' id='milestone-paso-2' ><strong>Paso 2  <span class='av-milestone-indicator'><\/span><\/strong><\/h2><\/li>\n<li  class='av-milestone av-ldcwv6n9-6835dd10edc9b4d4bad8c26346975cde av-animated-generic fade-in av-milestone-valign-baseline av-milestone-odd'><h2 class='av-milestone-date ' id='milestone-paso-3' ><strong>Paso 3<span class='av-milestone-indicator'><\/span><\/strong><\/h2><div class=\"av-milestone-icon-wrap\"><span class='av-milestone-icon milestone_icon avia-font-entypo-fontello'><span class='av-milestone-icon-inner milestone_inner'><i class='milestone-char avia-iconfont avia-font-entypo-fontello' data-av_icon='' data-av_iconfont='entypo-fontello' ><\/i><\/span><\/span><\/div><article class='av-milestone-content-wrap'><div class='av-milestone-contentbox'><header class=\"entry-content-header\" aria-label=\"Milestone: Dibujos y datos CAD\"><h4 class='av-milestone-title '>Dibujos y datos CAD<\/h4><\/header><div class='av-milestone-content'><p>En este paso, creamos un concepto inicial para el dise\u00f1o del componente. Esto significa que elaboramos un dibujo y creamos datos CAD con Solid Works.<\/p>\n<\/div><\/div><footer class='av-milestone-article-footer entry-footer'><\/footer><\/article><\/li>\n<li  class='av-milestone av-ldcwv6n9-2-1261bf3618bacff20a22af4dbf2b484d av-animated-generic fade-in av-milestone-valign-baseline av-milestone-even'><article class='av-milestone-content-wrap'><div class='av-milestone-contentbox'><header class=\"entry-content-header\" aria-label=\"Milestone: Impresi\u00f3n 3D y verificaci\u00f3n\"><h4 class='av-milestone-title '>Impresi\u00f3n 3D y verificaci\u00f3n<\/h4><\/header><div class='av-milestone-content'><p>El cuarto paso consiste en imprimir el modelo en 3D. Comprobamos la precisi\u00f3n de ajuste de nuestro concepto y realizamos los cambios necesarios.<\/p>\n<\/div><\/div><footer class='av-milestone-article-footer entry-footer'><\/footer><\/article><div class=\"av-milestone-icon-wrap\"><span class='av-milestone-icon milestone_icon avia-font-entypo-fontello'><span class='av-milestone-icon-inner milestone_inner'><i class='milestone-char avia-iconfont avia-font-entypo-fontello' data-av_icon='' data-av_iconfont='entypo-fontello' ><\/i><\/span><\/span><\/div><h2 class='av-milestone-date ' id='milestone-paso-4' ><strong>Paso 4<span class='av-milestone-indicator'><\/span><\/strong><\/h2><\/li>\n<\/ul><\/div><\/div>\n<div  class='flex_column av-1bl5p8-121749add9b288dd48f2635b6df417b5 av_one_half  avia-builder-el-8  el_after_av_one_full  el_before_av_one_half  first flex_column_div  column-top-margin'     ><p>\n<style type=\"text\/css\" data-created_by=\"avia_inline_auto\" id=\"style-css-av-lbsg796e-ba5ab5734226d1d579c5ac7f7a733255\">\n#top .av-special-heading.av-lbsg796e-ba5ab5734226d1d579c5ac7f7a733255{\npadding-bottom:10px;\n}\nbody .av-special-heading.av-lbsg796e-ba5ab5734226d1d579c5ac7f7a733255 .av-special-heading-tag .heading-char{\nfont-size:25px;\n}\n.av-special-heading.av-lbsg796e-ba5ab5734226d1d579c5ac7f7a733255 .av-subheading{\nfont-size:15px;\n}\n<\/style>\n<div  class='av-special-heading av-lbsg796e-ba5ab5734226d1d579c5ac7f7a733255 av-special-heading-h2 blockquote modern-quote  avia-builder-el-9  el_before_av_textblock  avia-builder-el-first '><h2 class='av-special-heading-tag '  itemprop=\"headline\"  >\u00bfTienes alguna idea?<\/h2><div class='av-subheading av-subheading_below'><p>\u00a1Te ayudaremos a hacerlos realidad!<\/p>\n<\/div><div class=\"special-heading-border\"><div class=\"special-heading-inner-border\"><\/div><\/div><\/div><br \/>\n<section  class='av_textblock_section av-lbsga2v1-fce5b98fd64e369e351d98622caf6d0c '   itemscope=\"itemscope\" itemtype=\"https:\/\/schema.org\/CreativeWork\" ><div class='avia_textblock'  itemprop=\"text\" ><p>Tanto si ya tienes una idea fija como si s\u00f3lo tienes una idea aproximada, podemos ayudarte a dise\u00f1ar el componente adecuado. Ll\u00e1manos al<strong> 07431 9571743<\/strong> o env\u00edanos un mensaje a trav\u00e9s de nuestro formulario de contacto.<\/p>\n<\/div><\/section><br \/>\n\n<style type=\"text\/css\" data-created_by=\"avia_inline_auto\" id=\"style-css-av-ea8fo-8023e97aac9edb4e8dea646a7b065192\">\n.avia-image-container.av-ea8fo-8023e97aac9edb4e8dea646a7b065192 img.avia_image{\nbox-shadow:none;\n}\n.avia-image-container.av-ea8fo-8023e97aac9edb4e8dea646a7b065192 .av-image-caption-overlay-center{\ncolor:#ffffff;\n}\n<\/style>\n<div  class='avia-image-container av-ea8fo-8023e97aac9edb4e8dea646a7b065192 av-styling- avia-align-center  avia-builder-el-11  el_after_av_textblock  avia-builder-el-last '   itemprop=\"image\" itemscope=\"itemscope\" itemtype=\"https:\/\/schema.org\/ImageObject\" ><div class=\"avia-image-container-inner\"><div class=\"avia-image-overlay-wrap\"><img decoding=\"async\" fetchpriority=\"high\" class='wp-image-1868 avia-img-lazy-loading-not-1868 avia_image ' src=\"https:\/\/carbon-production.com\/wp-content\/uploads\/Carbon-Idee.jpg\" alt='' title='Idea carbono'  height=\"350\" width=\"500\"  itemprop=\"thumbnailUrl\" srcset=\"https:\/\/carbon-production.com\/wp-content\/uploads\/Carbon-Idee.jpg 500w, https:\/\/carbon-production.com\/wp-content\/uploads\/Carbon-Idee-300x210.jpg 300w\" sizes=\"(max-width: 500px) 100vw, 500px\" \/><\/div><\/div><\/div><\/p><\/div>\n<div  class='flex_column av-12qj0s-4931630845b99acbb7b75cadbff5b338 av_one_half  avia-builder-el-12  el_after_av_one_half  avia-builder-el-last  flex_column_div  column-top-margin'     ><section  class='av_textblock_section av-m4naax1s-6409c6ae802506e421c350c210993741 '   itemscope=\"itemscope\" itemtype=\"https:\/\/schema.org\/CreativeWork\" ><div class='avia_textblock'  itemprop=\"text\" ><p class=\"wpcf7-contact-form-not-found\"><strong>Error:<\/strong> Formulario de contacto no encontrado.<\/p>\n<\/div><\/section><\/div>\n","protected":false},"excerpt":{"rendered":"","protected":false},"author":1,"featured_media":0,"parent":0,"menu_order":0,"comment_status":"closed","ping_status":"closed","template":"","meta":{"footnotes":""},"class_list":["post-1869","page","type-page","status-publish","hentry"],"_links":{"self":[{"href":"https:\/\/carbon-production.com\/es\/wp-json\/wp\/v2\/pages\/1869","targetHints":{"allow":["GET"]}}],"collection":[{"href":"https:\/\/carbon-production.com\/es\/wp-json\/wp\/v2\/pages"}],"about":[{"href":"https:\/\/carbon-production.com\/es\/wp-json\/wp\/v2\/types\/page"}],"author":[{"embeddable":true,"href":"https:\/\/carbon-production.com\/es\/wp-json\/wp\/v2\/users\/1"}],"replies":[{"embeddable":true,"href":"https:\/\/carbon-production.com\/es\/wp-json\/wp\/v2\/comments?post=1869"}],"version-history":[{"count":3,"href":"https:\/\/carbon-production.com\/es\/wp-json\/wp\/v2\/pages\/1869\/revisions"}],"predecessor-version":[{"id":1874,"href":"https:\/\/carbon-production.com\/es\/wp-json\/wp\/v2\/pages\/1869\/revisions\/1874"}],"wp:attachment":[{"href":"https:\/\/carbon-production.com\/es\/wp-json\/wp\/v2\/media?parent=1869"}],"curies":[{"name":"wp","href":"https:\/\/api.w.org\/{rel}","templated":true}]}}