{"id":1847,"date":"2022-11-22T13:24:48","date_gmt":"2022-11-22T13:24:48","guid":{"rendered":"https:\/\/carbon-production.com\/productos-personalizados\/"},"modified":"2026-01-06T20:42:43","modified_gmt":"2026-01-06T20:42:43","slug":"productos-personalizados","status":"publish","type":"page","link":"https:\/\/carbon-production.com\/es\/productos-personalizados\/","title":{"rendered":"Productos personalizados"},"content":{"rendered":"<div id='full_slider_1'  class='avia-fullwidth-slider main_color avia-shadow   avia-builder-el-0  el_before_av_one_full  avia-builder-el-first   container_wrap fullsize'  ><\/div><div id='after_full_slider_1'  class='main_color av_default_container_wrap container_wrap fullsize'  ><div class='container av-section-cont-open' ><div class='template-page content  av-content-full alpha units'><div class='post-entry post-entry-type-page post-entry-1847'><div class='entry-content-wrapper clearfix'>\n<div  class='flex_column av-8vii7-f837cdc5e0818e725b23ee7271c11b1f av_one_full  avia-builder-el-1  el_after_av_slideshow_full  el_before_av_section  avia-builder-el-no-sibling  first flex_column_div  '     ><p>\n<style type=\"text\/css\" data-created_by=\"avia_inline_auto\" id=\"style-css-av-lc87yps7-234f1bc1c313eb34d4cd118dfbdf70f9\">\n#top .av-special-heading.av-lc87yps7-234f1bc1c313eb34d4cd118dfbdf70f9{\npadding-bottom:10px;\n}\nbody .av-special-heading.av-lc87yps7-234f1bc1c313eb34d4cd118dfbdf70f9 .av-special-heading-tag .heading-char{\nfont-size:25px;\n}\n.av-special-heading.av-lc87yps7-234f1bc1c313eb34d4cd118dfbdf70f9 .av-subheading{\nfont-size:15px;\n}\n<\/style>\n<div  class='av-special-heading av-lc87yps7-234f1bc1c313eb34d4cd118dfbdf70f9 av-special-heading-h1 blockquote elegant-quote elegant-centered  avia-builder-el-2  el_before_av_textblock  avia-builder-el-first '><h1 class='av-special-heading-tag '  itemprop=\"headline\"  ><span class=\"heading-wrap\">Productos de carbono a medida<\/span><\/h1><div class=\"special-heading-border\"><div class=\"special-heading-inner-border\"><\/div><\/div><\/div><br \/>\n<section  class='av_textblock_section av-lc880fpo-99d2450a28094fa60976a5ff42a34219 '   itemscope=\"itemscope\" itemtype=\"https:\/\/schema.org\/CreativeWork\" ><div class='avia_textblock'  itemprop=\"text\" ><p><span data-contrast=\"auto\">Debido a sus propiedades favorables <\/span><a href=\"https:\/\/carbon-production.com\/es\/compuestos-de-fibra\/\" target=\"_blank\" rel=\"noopener\"><b><span data-contrast=\"auto\">los compuestos de fibra<\/span><\/b><\/a><span data-contrast=\"auto\"> son populares en una amplia gama de industrias. Mientras que para el <\/span><a href=\"https:\/\/carbon-production.com\/motorsport\/\" target=\"_blank\" rel=\"noopener\"><b><span data-contrast=\"auto\">deporte del motor<\/span><\/b><\/a><span data-contrast=\"auto\"> y algunas <\/span><a href=\"https:\/\/carbon-production.com\/es\/industria\/\" target=\"_blank\" rel=\"noopener\"><b><span data-contrast=\"auto\">industria<\/span><\/b><\/a><span data-contrast=\"auto\"> otras empresas, otros clientes acuden a nosotros con la petici\u00f3n de un producto personalizado de carbono u otro material compuesto de fibra. Por supuesto, \u00a1tambi\u00e9n estamos encantados de aceptar estos interesantes pedidos! <\/span> <span data-ccp-props=\"{\"> <\/span><\/p>\n<\/div><\/section><\/p><\/div>\n<\/div><\/div><\/div><!-- close content main div --><\/div><\/div>\n<style type=\"text\/css\" data-created_by=\"avia_inline_auto\" id=\"style-css-av-elc87-23d21d736210e63d127014d72195452f\">\n.avia-section.av-elc87-23d21d736210e63d127014d72195452f{\nbackground-color:#808080;\nbackground-image:unset;\n}\n.avia-section.av-elc87-23d21d736210e63d127014d72195452f .av-extra-border-element .av-extra-border-inner{\nbackground-color:#333333;\n}\n<\/style>\n<div id='av_section_1'  class='avia-section av-elc87-23d21d736210e63d127014d72195452f main_color avia-section-default avia-shadow  avia-builder-el-4  el_after_av_one_full  el_before_av_one_half  avia-bg-style-scroll container_wrap fullsize'  ><div class='container av-section-cont-open' ><div class='template-page content  av-content-full alpha units'><div class='post-entry post-entry-type-page post-entry-1847'><div class='entry-content-wrapper clearfix'>\n<div  class='flex_column av-9278v-9abe606f7bcae1fc47d0eced29bf354a av_one_full  avia-builder-el-5  avia-builder-el-no-sibling  first flex_column_div  '     ><p>\n<style type=\"text\/css\" data-created_by=\"avia_inline_auto\" id=\"style-css-av-lduq2vzk-6e15c7eab70a799093ac7afcf42049a3\">\n#top .av-special-heading.av-lduq2vzk-6e15c7eab70a799093ac7afcf42049a3{\npadding-bottom:10px;\ncolor:#ffffff;\n}\nbody .av-special-heading.av-lduq2vzk-6e15c7eab70a799093ac7afcf42049a3 .av-special-heading-tag .heading-char{\nfont-size:25px;\n}\n.av-special-heading.av-lduq2vzk-6e15c7eab70a799093ac7afcf42049a3 .special-heading-inner-border{\nborder-color:#ffffff;\n}\n.av-special-heading.av-lduq2vzk-6e15c7eab70a799093ac7afcf42049a3 .av-subheading{\nfont-size:15px;\n}\nbody .av-special-heading.av-lduq2vzk-6e15c7eab70a799093ac7afcf42049a3 .av-special-heading-tag .heading-wrap:before{\nborder-color:#ffffff;\n}\nbody .av-special-heading.av-lduq2vzk-6e15c7eab70a799093ac7afcf42049a3 .av-special-heading-tag .heading-wrap:after{\nborder-color:#ffffff;\n}\n<\/style>\n<div  class='av-special-heading av-lduq2vzk-6e15c7eab70a799093ac7afcf42049a3 av-special-heading-h2 custom-color-heading  avia-builder-el-6  el_before_av_textblock  avia-builder-el-first '><h2 class='av-special-heading-tag '  itemprop=\"headline\"  >Materiales compuestos de fibra: un material especial para productos especiales<\/h2><div class=\"special-heading-border\"><div class=\"special-heading-inner-border\"><\/div><\/div><\/div><br \/>\n\n<style type=\"text\/css\" data-created_by=\"avia_inline_auto\" id=\"style-css-av-lduq43as-a82cf54bdedc236d91978788d88ba7c6\">\n#top .av_textblock_section.av-lduq43as-a82cf54bdedc236d91978788d88ba7c6 .avia_textblock{\ncolor:#ffffff;\n}\n<\/style>\n<section  class='av_textblock_section av-lduq43as-a82cf54bdedc236d91978788d88ba7c6 '   itemscope=\"itemscope\" itemtype=\"https:\/\/schema.org\/CreativeWork\" ><div class='avia_textblock av_inherit_color'  itemprop=\"text\" ><p><span data-contrast=\"auto\">Aqu\u00ed tienes una peque\u00f1a muestra de los productos personalizados que ya hemos fabricado como fabricantes de CFRP y GFRP:<br \/>\n<\/span><\/p>\n<\/div><\/section><br \/>\n\n<style type=\"text\/css\" data-created_by=\"avia_inline_auto\" id=\"style-css-av-ldupm0se-dbb39a5d6790257c6664f069617a6d48\">\n#top .avia-gallery.av-ldupm0se-dbb39a5d6790257c6664f069617a6d48 .avia-gallery-thumb a{\nwidth:25%;\n}\n<\/style>\n<div  class='avia-gallery av-ldupm0se-dbb39a5d6790257c6664f069617a6d48 avia_animate_when_visible  avia-builder-el-8  el_after_av_textblock  avia-builder-el-last  avia_lazyload avia-gallery-animate avia-gallery-1'  itemprop=\"image\" itemscope=\"itemscope\" itemtype=\"https:\/\/schema.org\/ImageObject\" ><meta itemprop=\"contentURL\" content=\"https:\/\/carbon-production.com\/es\/productos-personalizados\/\"><div class='avia-gallery-thumb'><a href=\"https:\/\/carbon-production.com\/wp-content\/uploads\/Carbon-Sonderanfertigung-2.jpg\" data-srcset=\"https:\/\/carbon-production.com\/wp-content\/uploads\/Carbon-Sonderanfertigung-2.jpg 700w, https:\/\/carbon-production.com\/wp-content\/uploads\/Carbon-Sonderanfertigung-2-300x214.jpg 300w, https:\/\/carbon-production.com\/wp-content\/uploads\/Carbon-Sonderanfertigung-2-260x185.jpg 260w\" data-sizes=\"(max-width: 700px) 100vw, 700px\" data-rel='gallery-1' data-prev-img='https:\/\/carbon-production.com\/wp-content\/uploads\/Carbon-Sonderanfertigung-2-495x400.jpg' class='first_thumb lightbox ' data-onclick='1' title='Fabricado a medida con fibra de carbono'  itemprop=\"thumbnailUrl\"  ><img decoding=\"async\" fetchpriority=\"high\" class=\"wp-image-1584 avia-img-lazy-loading-not-1584\"  data-avia-tooltip='Fabricado a medida con fibra de carbono' src=\"https:\/\/carbon-production.com\/wp-content\/uploads\/Carbon-Sonderanfertigung-2-495x400.jpg\" width=\"495\" height=\"400\"  title='Personalizaci\u00f3n del carbono 2' alt='Carcasa de la boca de llenado del dep\u00f3sito de fibra de carbono' \/><div class='big-prev-fake'><img decoding=\"async\" loading=\"lazy\" class=\"wp-image-1584 avia-img-lazy-loading-1584\"  width=\"495\" height=\"400\" src=\"https:\/\/carbon-production.com\/wp-content\/uploads\/Carbon-Sonderanfertigung-2-495x400.jpg\" title='Personalizaci\u00f3n del carbono 2' alt='Carcasa de la boca de llenado del dep\u00f3sito de fibra de carbono' \/><\/div><\/a><a href=\"https:\/\/carbon-production.com\/wp-content\/uploads\/Carbon-Sonderanfertigung-3.jpg\" data-srcset=\"https:\/\/carbon-production.com\/wp-content\/uploads\/Carbon-Sonderanfertigung-3.jpg 700w, https:\/\/carbon-production.com\/wp-content\/uploads\/Carbon-Sonderanfertigung-3-300x214.jpg 300w, https:\/\/carbon-production.com\/wp-content\/uploads\/Carbon-Sonderanfertigung-3-260x185.jpg 260w\" data-sizes=\"(max-width: 700px) 100vw, 700px\" data-rel='gallery-1' data-prev-img='https:\/\/carbon-production.com\/wp-content\/uploads\/Carbon-Sonderanfertigung-3-495x400.jpg' class='lightbox ' data-onclick='2' title='Personalizaci\u00f3n del carbono 3'  itemprop=\"thumbnailUrl\"  ><img decoding=\"async\" fetchpriority=\"high\" class=\"wp-image-1840 avia-img-lazy-loading-not-1840\"   src=\"https:\/\/carbon-production.com\/wp-content\/uploads\/Carbon-Sonderanfertigung-3-495x400.jpg\" width=\"495\" height=\"400\"  title='Personalizaci\u00f3n del carbono 3' alt='Carcasa de la boca de llenado del dep\u00f3sito de fibra de carbono' \/><div class='big-prev-fake'><img decoding=\"async\" loading=\"lazy\" class=\"wp-image-1840 avia-img-lazy-loading-1840\"  width=\"495\" height=\"400\" src=\"https:\/\/carbon-production.com\/wp-content\/uploads\/Carbon-Sonderanfertigung-3-495x400.jpg\" title='Personalizaci\u00f3n del carbono 3' alt='Carcasa de la boca de llenado del dep\u00f3sito de fibra de carbono' \/><\/div><\/a><a href=\"https:\/\/carbon-production.com\/wp-content\/uploads\/Carbon-Sonderanfertigung-4.jpg\" data-srcset=\"https:\/\/carbon-production.com\/wp-content\/uploads\/Carbon-Sonderanfertigung-4.jpg 700w, https:\/\/carbon-production.com\/wp-content\/uploads\/Carbon-Sonderanfertigung-4-300x214.jpg 300w, https:\/\/carbon-production.com\/wp-content\/uploads\/Carbon-Sonderanfertigung-4-260x185.jpg 260w\" data-sizes=\"(max-width: 700px) 100vw, 700px\" data-rel='gallery-1' data-prev-img='https:\/\/carbon-production.com\/wp-content\/uploads\/Carbon-Sonderanfertigung-4-495x400.jpg' class='lightbox ' data-onclick='3' title='Personalizaci\u00f3n del carbono 4'  itemprop=\"thumbnailUrl\"  ><img decoding=\"async\" fetchpriority=\"high\" class=\"wp-image-1841 avia-img-lazy-loading-not-1841\"   src=\"https:\/\/carbon-production.com\/wp-content\/uploads\/Carbon-Sonderanfertigung-4-495x400.jpg\" width=\"495\" height=\"400\"  title='Personalizaci\u00f3n del carbono 4' alt='Carcasa de la boca de llenado del dep\u00f3sito de fibra de carbono' \/><div class='big-prev-fake'><img decoding=\"async\" loading=\"lazy\" class=\"wp-image-1841 avia-img-lazy-loading-1841\"  width=\"495\" height=\"400\" src=\"https:\/\/carbon-production.com\/wp-content\/uploads\/Carbon-Sonderanfertigung-4-495x400.jpg\" title='Personalizaci\u00f3n del carbono 4' alt='Carcasa de la boca de llenado del dep\u00f3sito de fibra de carbono' \/><\/div><\/a><a href=\"https:\/\/carbon-production.com\/wp-content\/uploads\/Carbon-Sonderanfertigung-5.jpg\" data-srcset=\"https:\/\/carbon-production.com\/wp-content\/uploads\/Carbon-Sonderanfertigung-5.jpg 700w, https:\/\/carbon-production.com\/wp-content\/uploads\/Carbon-Sonderanfertigung-5-300x214.jpg 300w, https:\/\/carbon-production.com\/wp-content\/uploads\/Carbon-Sonderanfertigung-5-260x185.jpg 260w\" data-sizes=\"(max-width: 700px) 100vw, 700px\" data-rel='gallery-1' data-prev-img='https:\/\/carbon-production.com\/wp-content\/uploads\/Carbon-Sonderanfertigung-5-495x400.jpg' class='lightbox ' data-onclick='4' title='Personalizaci\u00f3n del carbono 5'  itemprop=\"thumbnailUrl\"  ><img decoding=\"async\" fetchpriority=\"high\" class=\"wp-image-1842 avia-img-lazy-loading-not-1842\"   src=\"https:\/\/carbon-production.com\/wp-content\/uploads\/Carbon-Sonderanfertigung-5-495x400.jpg\" width=\"495\" height=\"400\"  title='Personalizaci\u00f3n del carbono 5' alt='' \/><div class='big-prev-fake'><img decoding=\"async\" loading=\"lazy\" class=\"wp-image-1842 avia-img-lazy-loading-1842\"  width=\"495\" height=\"400\" src=\"https:\/\/carbon-production.com\/wp-content\/uploads\/Carbon-Sonderanfertigung-5-495x400.jpg\" title='Personalizaci\u00f3n del carbono 5' alt='' \/><\/div><\/a><a href=\"https:\/\/carbon-production.com\/wp-content\/uploads\/Carbon-Sonderanfertigung.jpg\" data-srcset=\"https:\/\/carbon-production.com\/wp-content\/uploads\/Carbon-Sonderanfertigung.jpg 700w, https:\/\/carbon-production.com\/wp-content\/uploads\/Carbon-Sonderanfertigung-300x214.jpg 300w, https:\/\/carbon-production.com\/wp-content\/uploads\/Carbon-Sonderanfertigung-260x185.jpg 260w\" data-sizes=\"(max-width: 700px) 100vw, 700px\" data-rel='gallery-1' data-prev-img='https:\/\/carbon-production.com\/wp-content\/uploads\/Carbon-Sonderanfertigung-495x400.jpg' class='first_thumb lightbox ' data-onclick='5' title='Personalizaci\u00f3n del carbono'  itemprop=\"thumbnailUrl\"  ><img decoding=\"async\" fetchpriority=\"high\" class=\"wp-image-1843 avia-img-lazy-loading-not-1843\"   src=\"https:\/\/carbon-production.com\/wp-content\/uploads\/Carbon-Sonderanfertigung-495x400.jpg\" width=\"495\" height=\"400\"  title='Personalizaci\u00f3n del carbono' alt='Carcasa de la boca de llenado del dep\u00f3sito de fibra de carbono' \/><div class='big-prev-fake'><img decoding=\"async\" loading=\"lazy\" class=\"wp-image-1843 avia-img-lazy-loading-1843\"  width=\"495\" height=\"400\" src=\"https:\/\/carbon-production.com\/wp-content\/uploads\/Carbon-Sonderanfertigung-495x400.jpg\" title='Personalizaci\u00f3n del carbono' alt='Carcasa de la boca de llenado del dep\u00f3sito de fibra de carbono' \/><\/div><\/a><a href=\"https:\/\/carbon-production.com\/wp-content\/uploads\/Sonderanfertigung-6.jpg\" data-srcset=\"https:\/\/carbon-production.com\/wp-content\/uploads\/Sonderanfertigung-6.jpg 700w, https:\/\/carbon-production.com\/wp-content\/uploads\/Sonderanfertigung-6-300x214.jpg 300w, https:\/\/carbon-production.com\/wp-content\/uploads\/Sonderanfertigung-6-260x185.jpg 260w\" data-sizes=\"(max-width: 700px) 100vw, 700px\" data-rel='gallery-1' data-prev-img='https:\/\/carbon-production.com\/wp-content\/uploads\/Sonderanfertigung-6-495x400.jpg' class='lightbox ' data-onclick='6' title='Dise\u00f1o personalizado 6'  itemprop=\"thumbnailUrl\"  ><img decoding=\"async\" fetchpriority=\"high\" class=\"wp-image-1844 avia-img-lazy-loading-not-1844\"   src=\"https:\/\/carbon-production.com\/wp-content\/uploads\/Sonderanfertigung-6-495x400.jpg\" width=\"495\" height=\"400\"  title='Dise\u00f1o personalizado 6' alt='' \/><div class='big-prev-fake'><img decoding=\"async\" loading=\"lazy\" class=\"wp-image-1844 avia-img-lazy-loading-1844\"  width=\"495\" height=\"400\" src=\"https:\/\/carbon-production.com\/wp-content\/uploads\/Sonderanfertigung-6-495x400.jpg\" title='Dise\u00f1o personalizado 6' alt='' \/><\/div><\/a><a href=\"https:\/\/carbon-production.com\/wp-content\/uploads\/Sonderanfertigung-aus-Carbon.jpg\" data-srcset=\"https:\/\/carbon-production.com\/wp-content\/uploads\/Sonderanfertigung-aus-Carbon.jpg 700w, https:\/\/carbon-production.com\/wp-content\/uploads\/Sonderanfertigung-aus-Carbon-300x214.jpg 300w, https:\/\/carbon-production.com\/wp-content\/uploads\/Sonderanfertigung-aus-Carbon-260x185.jpg 260w\" data-sizes=\"(max-width: 700px) 100vw, 700px\" data-rel='gallery-1' data-prev-img='https:\/\/carbon-production.com\/wp-content\/uploads\/Sonderanfertigung-aus-Carbon-495x400.jpg' class='lightbox ' data-onclick='7' title='Fabricado a medida con fibra de carbono'  itemprop=\"thumbnailUrl\"  ><img decoding=\"async\" fetchpriority=\"high\" class=\"wp-image-1845 avia-img-lazy-loading-not-1845\"   src=\"https:\/\/carbon-production.com\/wp-content\/uploads\/Sonderanfertigung-aus-Carbon-495x400.jpg\" width=\"495\" height=\"400\"  title='Fabricado a medida con fibra de carbono' alt='Contraplaca de fibra de carbono para el port\u00f3n trasero CSL' \/><div class='big-prev-fake'><img decoding=\"async\" loading=\"lazy\" class=\"wp-image-1845 avia-img-lazy-loading-1845\"  width=\"495\" height=\"400\" src=\"https:\/\/carbon-production.com\/wp-content\/uploads\/Sonderanfertigung-aus-Carbon-495x400.jpg\" title='Fabricado a medida con fibra de carbono' alt='Contraplaca de fibra de carbono para el port\u00f3n trasero CSL' \/><\/div><\/a><a href=\"https:\/\/carbon-production.com\/wp-content\/uploads\/Fahrradsattel.jpg\" data-srcset=\"https:\/\/carbon-production.com\/wp-content\/uploads\/Fahrradsattel.jpg 700w, https:\/\/carbon-production.com\/wp-content\/uploads\/Fahrradsattel-300x214.jpg 300w, https:\/\/carbon-production.com\/wp-content\/uploads\/Fahrradsattel-260x185.jpg 260w\" data-sizes=\"(max-width: 700px) 100vw, 700px\" data-rel='gallery-1' data-prev-img='https:\/\/carbon-production.com\/wp-content\/uploads\/Fahrradsattel-495x400.jpg' class='lightbox ' data-onclick='8' title='Sill\u00edn de bicicleta'  itemprop=\"thumbnailUrl\"  ><img decoding=\"async\" fetchpriority=\"high\" class=\"wp-image-1846 avia-img-lazy-loading-not-1846\"   src=\"https:\/\/carbon-production.com\/wp-content\/uploads\/Fahrradsattel-495x400.jpg\" width=\"495\" height=\"400\"  title='Sill\u00edn de bicicleta' alt='Sill\u00edn de bicicleta de carbono personalizado' \/><div class='big-prev-fake'><img decoding=\"async\" loading=\"lazy\" class=\"wp-image-1846 avia-img-lazy-loading-1846\"  width=\"495\" height=\"400\" src=\"https:\/\/carbon-production.com\/wp-content\/uploads\/Fahrradsattel-495x400.jpg\" title='Sill\u00edn de bicicleta' alt='Sill\u00edn de bicicleta de carbono personalizado' \/><\/div><\/a><\/div><\/div><\/p><\/div>\n<\/div><\/div><\/div><!-- close content main div --><\/div><div class='av-extra-border-element border-extra-diagonal  '><div class='av-extra-border-outer'><div class='av-extra-border-inner'><\/div><\/div><\/div><\/div><div id='after_section_1'  class='main_color av_default_container_wrap container_wrap fullsize'  ><div class='container av-section-cont-open' ><div class='template-page content  av-content-full alpha units'><div class='post-entry post-entry-type-page post-entry-1847'><div class='entry-content-wrapper clearfix'>\n<div  class='flex_column av-1aw973-b0966b1656b74b7205b4ebdfbad27e93 av_one_half  avia-builder-el-9  el_after_av_section  el_before_av_one_half  avia-builder-el-first  first flex_column_div  '     ><p>\n<style type=\"text\/css\" data-created_by=\"avia_inline_auto\" id=\"style-css-av-lduq5y9k-6042fe720d215eadc5497bab2e8c6361\">\n#top .av-special-heading.av-lduq5y9k-6042fe720d215eadc5497bab2e8c6361{\npadding-bottom:10px;\n}\nbody .av-special-heading.av-lduq5y9k-6042fe720d215eadc5497bab2e8c6361 .av-special-heading-tag .heading-char{\nfont-size:25px;\n}\n.av-special-heading.av-lduq5y9k-6042fe720d215eadc5497bab2e8c6361 .av-subheading{\nfont-size:15px;\n}\n<\/style>\n<div  class='av-special-heading av-lduq5y9k-6042fe720d215eadc5497bab2e8c6361 av-special-heading-h2  avia-builder-el-10  el_before_av_textblock  avia-builder-el-first '><h2 class='av-special-heading-tag '  itemprop=\"headline\"  >\u00bfNecesitas un dise\u00f1o muy especial?  <\/h2><div class=\"special-heading-border\"><div class=\"special-heading-inner-border\"><\/div><\/div><\/div><br \/>\n<section  class='av_textblock_section av-lduqa4hq-63c764943b45075c29b8c91b966df246 '   itemscope=\"itemscope\" itemtype=\"https:\/\/schema.org\/CreativeWork\" ><div class='avia_textblock'  itemprop=\"text\" ><p><span data-contrast=\"auto\">Entonces, \u00a1has venido al lugar adecuado! En m\u00e1s de 10 a\u00f1os, hemos dise\u00f1ado y realizado numerosos productos personalizados para nuestros clientes. <\/span><span data-ccp-props=\"{\"> <\/span><\/p>\n<p><span data-contrast=\"auto\">Ll\u00e1manos al <strong>07431 9571743<\/strong> para una consulta sin compromiso o utiliza nuestro formulario de contacto. <\/span> <span data-ccp-props=\"{\"> <\/span><\/p>\n<\/div><\/section><\/p><\/div>\n<div  class='flex_column av-15awqn-042bddeebcc5bea7d4ce022dca9f481e av_one_half  avia-builder-el-12  el_after_av_one_half  avia-builder-el-last  flex_column_div  '     ><section  class='av_textblock_section av-m4na8bmi-7a688d2d68f0fb833622e8d7589f2e39 '   itemscope=\"itemscope\" itemtype=\"https:\/\/schema.org\/CreativeWork\" ><div class='avia_textblock'  itemprop=\"text\" ><p class=\"wpcf7-contact-form-not-found\"><strong>Error:<\/strong> Formulario de contacto no encontrado.<\/p>\n<\/div><\/section><\/div>\n","protected":false},"excerpt":{"rendered":"","protected":false},"author":1,"featured_media":0,"parent":0,"menu_order":0,"comment_status":"closed","ping_status":"closed","template":"","meta":{"footnotes":""},"class_list":["post-1847","page","type-page","status-publish","hentry"],"_links":{"self":[{"href":"https:\/\/carbon-production.com\/es\/wp-json\/wp\/v2\/pages\/1847","targetHints":{"allow":["GET"]}}],"collection":[{"href":"https:\/\/carbon-production.com\/es\/wp-json\/wp\/v2\/pages"}],"about":[{"href":"https:\/\/carbon-production.com\/es\/wp-json\/wp\/v2\/types\/page"}],"author":[{"embeddable":true,"href":"https:\/\/carbon-production.com\/es\/wp-json\/wp\/v2\/users\/1"}],"replies":[{"embeddable":true,"href":"https:\/\/carbon-production.com\/es\/wp-json\/wp\/v2\/comments?post=1847"}],"version-history":[{"count":3,"href":"https:\/\/carbon-production.com\/es\/wp-json\/wp\/v2\/pages\/1847\/revisions"}],"predecessor-version":[{"id":1850,"href":"https:\/\/carbon-production.com\/es\/wp-json\/wp\/v2\/pages\/1847\/revisions\/1850"}],"wp:attachment":[{"href":"https:\/\/carbon-production.com\/es\/wp-json\/wp\/v2\/media?parent=1847"}],"curies":[{"name":"wp","href":"https:\/\/api.w.org\/{rel}","templated":true}]}}