{"id":1528,"date":"2023-01-03T15:04:58","date_gmt":"2023-01-03T15:04:58","guid":{"rendered":"https:\/\/carbon-production.com\/pie-de-imprenta\/"},"modified":"2023-01-03T15:04:58","modified_gmt":"2023-01-03T15:04:58","slug":"pie-de-imprenta","status":"publish","type":"page","link":"https:\/\/carbon-production.com\/es\/pie-de-imprenta\/","title":{"rendered":"Pie de imprenta"},"content":{"rendered":"<h1>Pie de imprenta<\/h1>\n<h2>Informaci\u00f3n seg\u00fan \u00a7 5 TMG<\/h2>\n<p>producci\u00f3n de carbono GmbH<br \/>\nKientenstrasse 44<br \/>\n72458 Albstadt-Ebingen<\/p>\n<p>Registro mercantil: HRB 744580<br \/>\nTribunal de registro: Juzgado de Primera Instancia de Stuttgart<\/p>\n<p><strong>Representado por:<\/strong><br \/>\nSilvano Palladino<\/p>\n<h2>Contacta con nosotros<\/h2>\n<p>Tel\u00e9fono: +49 7431 9571743<br \/>\nFax: +49 7431 9571763<br \/>\nCorreo electr\u00f3nico: info@carbon-production.com<\/p>\n<h2>N\u00famero de identificaci\u00f3n fiscal<\/h2>\n<p>N\u00famero de identificaci\u00f3n fiscal seg\u00fan el \u00a7 27 a de la ley del impuesto sobre las ventas:<br \/>\nDE288576809<\/p>\n<h2>Resoluci\u00f3n de litigios de consumo\/centro de arbitraje universal<\/h2>\n<p>No estamos dispuestos ni obligados a participar en procedimientos de resoluci\u00f3n de litigios ante una junta de arbitraje de consumo.<\/p>\n","protected":false},"excerpt":{"rendered":"<p>Pie de imprenta Informaci\u00f3n seg\u00fan \u00a7 5 TMG producci\u00f3n de carbono GmbH Kientenstrasse 44 72458 Albstadt-Ebingen Registro mercantil: HRB 744580 Tribunal de registro: Juzgado de Primera Instancia de Stuttgart Representado por: Silvano Palladino Contacta con nosotros Tel\u00e9fono: +49 7431 9571743 Fax: +49 7431 9571763 Correo electr\u00f3nico: info@carbon-production.com N\u00famero de identificaci\u00f3n fiscal N\u00famero de identificaci\u00f3n fiscal [&hellip;]<\/p>\n","protected":false},"author":1,"featured_media":0,"parent":0,"menu_order":0,"comment_status":"closed","ping_status":"closed","template":"","meta":{"footnotes":""},"class_list":["post-1528","page","type-page","status-publish","hentry"],"_links":{"self":[{"href":"https:\/\/carbon-production.com\/es\/wp-json\/wp\/v2\/pages\/1528","targetHints":{"allow":["GET"]}}],"collection":[{"href":"https:\/\/carbon-production.com\/es\/wp-json\/wp\/v2\/pages"}],"about":[{"href":"https:\/\/carbon-production.com\/es\/wp-json\/wp\/v2\/types\/page"}],"author":[{"embeddable":true,"href":"https:\/\/carbon-production.com\/es\/wp-json\/wp\/v2\/users\/1"}],"replies":[{"embeddable":true,"href":"https:\/\/carbon-production.com\/es\/wp-json\/wp\/v2\/comments?post=1528"}],"version-history":[{"count":0,"href":"https:\/\/carbon-production.com\/es\/wp-json\/wp\/v2\/pages\/1528\/revisions"}],"wp:attachment":[{"href":"https:\/\/carbon-production.com\/es\/wp-json\/wp\/v2\/media?parent=1528"}],"curies":[{"name":"wp","href":"https:\/\/api.w.org\/{rel}","templated":true}]}}